{"id":3844,"date":"2023-12-12T22:44:23","date_gmt":"2023-12-12T21:44:23","guid":{"rendered":"https:\/\/www.regaloperfectobysary.com\/?post_type=product&#038;p=3844"},"modified":"2024-11-14T23:41:07","modified_gmt":"2024-11-14T22:41:07","slug":"gel-duo-sugar-melon","status":"publish","type":"product","link":"https:\/\/www.regaloperfectobysary.com\/index.php\/producto\/gel-duo-sugar-melon\/","title":{"rendered":"Gel Ducha Sugar Melon"},"content":{"rendered":"<p>\ud83c\uddea\ud83c\uddf8 El <strong>Gel Sugar Melon<\/strong>, aporta una explosi\u00f3n de frescura y dulzor para el cuidado de la piel diario. Con un exquisito perfume compuesto por notas de mel\u00f3n dulce y acordes l\u00e1cteos, elaborado a base de ingredientes nutritivos y protectores para la piel, proporcionan gran suavidad y cremosidad a la piel. Regala a tu piel una sensaci\u00f3n \u00fanica y estimulante cada d\u00eda. Te lo recomendamos si: Eres un amante del mel\u00f3n, te gusta que tu gel deje un aroma dulce en tu piel y que adem\u00e1s no contenga parabenos.<\/p>\n<p>\ud83c\uddf5\ud83c\uddf9 O <strong>Gel Sugar Melon<\/strong> proporciona uma explos\u00e3o de frescor e do\u00e7ura para o cuidado di\u00e1rio da pele. Com um perfume requintado composto por notas de mel\u00e3o doce e acordes l\u00e1cteos, elaborado a partir de ingredientes nutritivos e protetores da pele, proporcionam grande maciez e cremosidade \u00e0 pele. Da a tua pele uma sensa\u00e7\u00e3o \u00fanica e estimulante todos os dias. Recomendamos se: \u00e9s um amante de mel\u00e3o, gostas que teu gel deixe um aroma adocicado na pele e tamb\u00e9m n\u00e3o contenha parabenos.<\/p>\n<p>&nbsp;<\/p>\n","protected":false},"excerpt":{"rendered":"<p>\ud83c\uddea\ud83c\uddf8 Este gel aporta una explosi\u00f3n de frescura y dulzor para el cuidado de la piel diario.<\/p>\n<p>\ud83c\uddf5\ud83c\uddf9 Este gel\u00a0proporciona uma explos\u00e3o de frescor e do\u00e7ura para o cuidado di\u00e1rio da pele.<\/p>\n<p>&nbsp;<\/p>\n","protected":false},"featured_media":4500,"comment_status":"open","ping_status":"closed","template":"","meta":{"_themeisle_gutenberg_block_has_review":false},"product_brand":[],"product_cat":[555,551],"product_tag":[245],"class_list":{"0":"post-3844","1":"product","2":"type-product","3":"status-publish","4":"has-post-thumbnail","6":"product_cat-cuidado-personal","7":"product_cat-spa","8":"product_tag-tulipan-negro","10":"first","11":"onbackorder","12":"sale","13":"taxable","14":"shipping-taxable","15":"purchasable","16":"product-type-simple"},"jetpack_sharing_enabled":true,"_links":{"self":[{"href":"https:\/\/www.regaloperfectobysary.com\/index.php\/wp-json\/wp\/v2\/product\/3844","targetHints":{"allow":["GET"]}}],"collection":[{"href":"https:\/\/www.regaloperfectobysary.com\/index.php\/wp-json\/wp\/v2\/product"}],"about":[{"href":"https:\/\/www.regaloperfectobysary.com\/index.php\/wp-json\/wp\/v2\/types\/product"}],"replies":[{"embeddable":true,"href":"https:\/\/www.regaloperfectobysary.com\/index.php\/wp-json\/wp\/v2\/comments?post=3844"}],"wp:featuredmedia":[{"embeddable":true,"href":"https:\/\/www.regaloperfectobysary.com\/index.php\/wp-json\/wp\/v2\/media\/4500"}],"wp:attachment":[{"href":"https:\/\/www.regaloperfectobysary.com\/index.php\/wp-json\/wp\/v2\/media?parent=3844"}],"wp:term":[{"taxonomy":"product_brand","embeddable":true,"href":"https:\/\/www.regaloperfectobysary.com\/index.php\/wp-json\/wp\/v2\/product_brand?post=3844"},{"taxonomy":"product_cat","embeddable":true,"href":"https:\/\/www.regaloperfectobysary.com\/index.php\/wp-json\/wp\/v2\/product_cat?post=3844"},{"taxonomy":"product_tag","embeddable":true,"href":"https:\/\/www.regaloperfectobysary.com\/index.php\/wp-json\/wp\/v2\/product_tag?post=3844"}],"curies":[{"name":"wp","href":"https:\/\/api.w.org\/{rel}","templated":true}]}}