{"id":3841,"date":"2023-12-12T12:50:08","date_gmt":"2023-12-12T11:50:08","guid":{"rendered":"https:\/\/www.regaloperfectobysary.com\/?post_type=product&#038;p=3841"},"modified":"2024-11-14T12:58:21","modified_gmt":"2024-11-14T11:58:21","slug":"gel-ducha-fresa-cereza","status":"publish","type":"product","link":"https:\/\/www.regaloperfectobysary.com\/index.php\/producto\/gel-ducha-fresa-cereza\/","title":{"rendered":"Gel Ducha Fresa &#038; Cereza"},"content":{"rendered":"<p>\ud83c\uddea\ud83c\uddf8 El <strong>Gel Fresa y Cereza<\/strong> es pura pasi\u00f3n, no podr\u00e1s resistirte a \u00e9l, te atreves? Incorpora a su f\u00f3rmula los extractos de la Fresa y la Cereza, aportando vitaminas beneficiosas para el cuidado de la piel. Entre ellas la Vitamina A, B, az\u00facares, Hierro y Magnesio. De la combinaci\u00f3n de ambos extractos se obtiene un efecto regenerante y una placentera sensaci\u00f3n de bienestar. Te lo recomendamos si: quieres un gel que estimule tu piel y desprenda un aroma dulce.<\/p>\n<p>\ud83c\uddf5\ud83c\uddf9 O\u00a0<strong>Gel Morango &amp; Cereja<\/strong> \u00e9 pura paix\u00e3o, n\u00e3o vais resistir, tens coragem? Incorpora extratos de Morango e Cereja em sua f\u00f3rmula, fornecendo vitaminas ben\u00e9ficas para o cuidado da pele. Entre eles Vitamina A, B, a\u00e7\u00facares, Ferro e Magn\u00e9sio. A combina\u00e7\u00e3o dos dois extratos produz um efeito regenerador e uma agrad\u00e1vel sensa\u00e7\u00e3o de bem-estar. Recomendamos se: desejas um gel que estimule a pele e exale um aroma adocicado.<\/p>\n<p>&nbsp;<\/p>\n","protected":false},"excerpt":{"rendered":"<p>\ud83c\uddea\ud83c\uddf8 Este gel aporta vitaminas beneficiosas para el cuidado de la piel, efecto regenerante y una placentera sensaci\u00f3n de bienestar.<\/p>\n<p>\ud83c\uddf5\ud83c\uddf9 Este gel fornece vitaminas ben\u00e9ficas para o cuidado da pele, efeito regenerador e agrad\u00e1vel sensa\u00e7\u00e3o de bem-estar.<\/p>\n<p>&nbsp;<\/p>\n","protected":false},"featured_media":4494,"comment_status":"open","ping_status":"closed","template":"","meta":{"_themeisle_gutenberg_block_has_review":false},"product_brand":[],"product_cat":[555,551],"product_tag":[245],"class_list":{"0":"post-3841","1":"product","2":"type-product","3":"status-publish","4":"has-post-thumbnail","6":"product_cat-cuidado-personal","7":"product_cat-spa","8":"product_tag-tulipan-negro","10":"first","11":"onbackorder","12":"sale","13":"taxable","14":"shipping-taxable","15":"purchasable","16":"product-type-simple"},"jetpack_sharing_enabled":true,"_links":{"self":[{"href":"https:\/\/www.regaloperfectobysary.com\/index.php\/wp-json\/wp\/v2\/product\/3841","targetHints":{"allow":["GET"]}}],"collection":[{"href":"https:\/\/www.regaloperfectobysary.com\/index.php\/wp-json\/wp\/v2\/product"}],"about":[{"href":"https:\/\/www.regaloperfectobysary.com\/index.php\/wp-json\/wp\/v2\/types\/product"}],"replies":[{"embeddable":true,"href":"https:\/\/www.regaloperfectobysary.com\/index.php\/wp-json\/wp\/v2\/comments?post=3841"}],"wp:featuredmedia":[{"embeddable":true,"href":"https:\/\/www.regaloperfectobysary.com\/index.php\/wp-json\/wp\/v2\/media\/4494"}],"wp:attachment":[{"href":"https:\/\/www.regaloperfectobysary.com\/index.php\/wp-json\/wp\/v2\/media?parent=3841"}],"wp:term":[{"taxonomy":"product_brand","embeddable":true,"href":"https:\/\/www.regaloperfectobysary.com\/index.php\/wp-json\/wp\/v2\/product_brand?post=3841"},{"taxonomy":"product_cat","embeddable":true,"href":"https:\/\/www.regaloperfectobysary.com\/index.php\/wp-json\/wp\/v2\/product_cat?post=3841"},{"taxonomy":"product_tag","embeddable":true,"href":"https:\/\/www.regaloperfectobysary.com\/index.php\/wp-json\/wp\/v2\/product_tag?post=3841"}],"curies":[{"name":"wp","href":"https:\/\/api.w.org\/{rel}","templated":true}]}}