{"id":3839,"date":"2023-12-12T12:45:55","date_gmt":"2023-12-12T11:45:55","guid":{"rendered":"https:\/\/www.regaloperfectobysary.com\/?post_type=product&#038;p=3839"},"modified":"2024-11-14T12:57:51","modified_gmt":"2024-11-14T11:57:51","slug":"gel-ducha-sweet-violeta","status":"publish","type":"product","link":"https:\/\/www.regaloperfectobysary.com\/index.php\/producto\/gel-ducha-sweet-violeta\/","title":{"rendered":"Gel Ducha Sweet Violeta"},"content":{"rendered":"<p>\ud83c\uddea\ud83c\uddf8 El <strong>Gel Sweet Violeta<\/strong> es todo un placer para los sentidos. Un dulce aroma, cremoso y floral que te reconfortar\u00e1 en el mejor momento del d\u00eda. Gracias a sus notas de Violeta, Az\u00facar y Helado Cremoso, que proporcionan una intensa sensaci\u00f3n de relax y bienestar. Te lo recomendamos si te enamora el perfume de Violeta en su versi\u00f3n m\u00e1s dulce.<\/p>\n<p>\ud83c\uddf5\ud83c\uddf9\u00a0O <strong>Gel Sweet Violeta<\/strong> \u00e9 um prazer para os sentidos. Um aroma doce, cremoso e floral que ir\u00e1 confort\u00e1-lo na melhor hora do dia. Gra\u00e7as \u00e0s suas notas de Violeta, A\u00e7\u00facar e Sorvete Cremoso, que proporcionam uma intensa sensa\u00e7\u00e3o de relaxamento e bem-estar. Recomendamos caso apaixones-te pelo perfume Violeta em sua vers\u00e3o mais doce.<\/p>\n<p>&nbsp;<\/p>\n","protected":false},"excerpt":{"rendered":"<p>\ud83c\uddea\ud83c\uddf8 Este gel con su dulce aroma, cremoso y floral te reconfortar\u00e1 en el mejor momento del d\u00eda.<\/p>\n<p>\ud83c\uddf5\ud83c\uddf9 Este gel com o seu aroma doce, cremoso e floral, ir\u00e1 confortar-te na melhor altura do dia.<\/p>\n","protected":false},"featured_media":4505,"comment_status":"open","ping_status":"closed","template":"","meta":{"_themeisle_gutenberg_block_has_review":false},"product_brand":[],"product_cat":[555,551],"product_tag":[245],"class_list":{"0":"post-3839","1":"product","2":"type-product","3":"status-publish","4":"has-post-thumbnail","6":"product_cat-cuidado-personal","7":"product_cat-spa","8":"product_tag-tulipan-negro","10":"first","11":"onbackorder","12":"sale","13":"taxable","14":"shipping-taxable","15":"purchasable","16":"product-type-simple"},"jetpack_sharing_enabled":true,"_links":{"self":[{"href":"https:\/\/www.regaloperfectobysary.com\/index.php\/wp-json\/wp\/v2\/product\/3839","targetHints":{"allow":["GET"]}}],"collection":[{"href":"https:\/\/www.regaloperfectobysary.com\/index.php\/wp-json\/wp\/v2\/product"}],"about":[{"href":"https:\/\/www.regaloperfectobysary.com\/index.php\/wp-json\/wp\/v2\/types\/product"}],"replies":[{"embeddable":true,"href":"https:\/\/www.regaloperfectobysary.com\/index.php\/wp-json\/wp\/v2\/comments?post=3839"}],"wp:featuredmedia":[{"embeddable":true,"href":"https:\/\/www.regaloperfectobysary.com\/index.php\/wp-json\/wp\/v2\/media\/4505"}],"wp:attachment":[{"href":"https:\/\/www.regaloperfectobysary.com\/index.php\/wp-json\/wp\/v2\/media?parent=3839"}],"wp:term":[{"taxonomy":"product_brand","embeddable":true,"href":"https:\/\/www.regaloperfectobysary.com\/index.php\/wp-json\/wp\/v2\/product_brand?post=3839"},{"taxonomy":"product_cat","embeddable":true,"href":"https:\/\/www.regaloperfectobysary.com\/index.php\/wp-json\/wp\/v2\/product_cat?post=3839"},{"taxonomy":"product_tag","embeddable":true,"href":"https:\/\/www.regaloperfectobysary.com\/index.php\/wp-json\/wp\/v2\/product_tag?post=3839"}],"curies":[{"name":"wp","href":"https:\/\/api.w.org\/{rel}","templated":true}]}}