{"id":3837,"date":"2023-12-12T12:40:46","date_gmt":"2023-12-12T11:40:46","guid":{"rendered":"https:\/\/www.regaloperfectobysary.com\/?post_type=product&#038;p=3837"},"modified":"2024-11-14T23:13:08","modified_gmt":"2024-11-14T22:13:08","slug":"gel-nube-algodon","status":"publish","type":"product","link":"https:\/\/www.regaloperfectobysary.com\/index.php\/producto\/gel-nube-algodon\/","title":{"rendered":"Gel Ducha Nube Algod\u00f3n"},"content":{"rendered":"<p>\ud83c\uddea\ud83c\uddf8 El <strong>Gel Nube de Algod\u00f3n<\/strong> convertir\u00e1 tu ducha en el mejor momento del d\u00eda. Un extra de az\u00facar para hacerte sentir relajado, limpio e hidratado. Su dulce aroma envolvente es todo lo que un adicto al az\u00facar puede pedir. D\u00e9jate envolver por esta deliciosa nube de algod\u00f3n. Te lo recomendamos si: buscas un nuevo gel de ba\u00f1o sin Parabenos con una agradable fragancia dulce, que deje tu piel suave e hidratada.<\/p>\n<p>\ud83c\uddf5\ud83c\uddf9 O <strong>Gel Nuvem de Algod\u00e3o<\/strong> far\u00e1 do teu banho a melhor hora do dia. Um a\u00e7\u00facar extra para fazer-te sentir relaxado, limpo e hidratado. Seu aroma doce e envolvente \u00e9 tudo o que um viciado em a\u00e7\u00facar pode pedir. Deixa-te envolver por esta deliciosa nuvem de algod\u00e3o. Recomendamos se: procuras um novo gel de banho sem parabenos e com uma agrad\u00e1vel fragr\u00e2ncia adocicada que deixa a pele macia e hidratada.<\/p>\n<p>&nbsp;<\/p>\n","protected":false},"excerpt":{"rendered":"<p>\ud83c\uddea\ud83c\uddf8 Un extra de az\u00facar para hacerte sentir relajado, limpio e hidratado.<\/p>\n<p>\ud83c\uddf5\ud83c\uddf9 Um a\u00e7\u00facar extra para fazer-te sentir relaxado, limpo e hidratado.<\/p>\n","protected":false},"featured_media":4501,"comment_status":"open","ping_status":"closed","template":"","meta":{"_themeisle_gutenberg_block_has_review":false},"product_brand":[],"product_cat":[555,551],"product_tag":[245],"class_list":{"0":"post-3837","1":"product","2":"type-product","3":"status-publish","4":"has-post-thumbnail","6":"product_cat-cuidado-personal","7":"product_cat-spa","8":"product_tag-tulipan-negro","10":"first","11":"onbackorder","12":"sale","13":"taxable","14":"shipping-taxable","15":"purchasable","16":"product-type-simple"},"jetpack_sharing_enabled":true,"_links":{"self":[{"href":"https:\/\/www.regaloperfectobysary.com\/index.php\/wp-json\/wp\/v2\/product\/3837","targetHints":{"allow":["GET"]}}],"collection":[{"href":"https:\/\/www.regaloperfectobysary.com\/index.php\/wp-json\/wp\/v2\/product"}],"about":[{"href":"https:\/\/www.regaloperfectobysary.com\/index.php\/wp-json\/wp\/v2\/types\/product"}],"replies":[{"embeddable":true,"href":"https:\/\/www.regaloperfectobysary.com\/index.php\/wp-json\/wp\/v2\/comments?post=3837"}],"wp:featuredmedia":[{"embeddable":true,"href":"https:\/\/www.regaloperfectobysary.com\/index.php\/wp-json\/wp\/v2\/media\/4501"}],"wp:attachment":[{"href":"https:\/\/www.regaloperfectobysary.com\/index.php\/wp-json\/wp\/v2\/media?parent=3837"}],"wp:term":[{"taxonomy":"product_brand","embeddable":true,"href":"https:\/\/www.regaloperfectobysary.com\/index.php\/wp-json\/wp\/v2\/product_brand?post=3837"},{"taxonomy":"product_cat","embeddable":true,"href":"https:\/\/www.regaloperfectobysary.com\/index.php\/wp-json\/wp\/v2\/product_cat?post=3837"},{"taxonomy":"product_tag","embeddable":true,"href":"https:\/\/www.regaloperfectobysary.com\/index.php\/wp-json\/wp\/v2\/product_tag?post=3837"}],"curies":[{"name":"wp","href":"https:\/\/api.w.org\/{rel}","templated":true}]}}