{"id":3834,"date":"2023-12-12T12:35:54","date_gmt":"2023-12-12T11:35:54","guid":{"rendered":"https:\/\/www.regaloperfectobysary.com\/?post_type=product&#038;p=3834"},"modified":"2024-11-14T23:04:26","modified_gmt":"2024-11-14T22:04:26","slug":"gel-candy-fantasy","status":"publish","type":"product","link":"https:\/\/www.regaloperfectobysary.com\/index.php\/producto\/gel-candy-fantasy\/","title":{"rendered":"Gel Ducha Candy Fantasy"},"content":{"rendered":"<p>\ud83c\uddea\ud83c\uddf8 D\u00e9jate sumergir con el <strong>Gel Candy Fantasy<\/strong>, una fragancia deliciosamente golosa que te trasladar\u00e1 a la m\u00e1s tierna infancia. Un mundo de fantas\u00eda para tu piel que inundar\u00e1 tu ba\u00f1o de vibrantes y chispeantes sensaciones. Te lo recomendamos si: adoras el olor a chucher\u00edas y quieres un gel libre de Parabenos. Indicado para los m\u00e1s golosos.<\/p>\n<p>\ud83c\uddf5\ud83c\uddf9 Deixa-te mergulhar no <strong>Gel Candy Fantasy<\/strong>, uma fragr\u00e2ncia deliciosamente doce que te levar\u00e1 de volta \u00e0 tua primeira inf\u00e2ncia. Um mundo de fantasia para a tua pele que inundar\u00e1 a tua casa de banho com sensa\u00e7\u00f5es vibrantes e brilhantes. Recomendamos se: adoras o cheiro de doces e desejas um gel sem parabenos. Indicado para quem gosta de doces.<\/p>\n<p>&nbsp;<\/p>\n","protected":false},"excerpt":{"rendered":"<p>\ud83c\uddea\ud83c\uddf8 Una fragancia deliciosamente golosa que te trasladar\u00e1 a la m\u00e1s tierna infancia.<\/p>\n<p>\ud83c\uddf5\ud83c\uddf9 Uma fragr\u00e2ncia deliciosamente doce que te levar\u00e1 de volta \u00e0 tua primeira inf\u00e2ncia.<\/p>\n<p>&nbsp;<\/p>\n","protected":false},"featured_media":4492,"comment_status":"open","ping_status":"closed","template":"","meta":{"_themeisle_gutenberg_block_has_review":false},"product_brand":[],"product_cat":[555,551],"product_tag":[245],"class_list":{"0":"post-3834","1":"product","2":"type-product","3":"status-publish","4":"has-post-thumbnail","6":"product_cat-cuidado-personal","7":"product_cat-spa","8":"product_tag-tulipan-negro","10":"first","11":"onbackorder","12":"sale","13":"taxable","14":"shipping-taxable","15":"purchasable","16":"product-type-simple"},"jetpack_sharing_enabled":true,"_links":{"self":[{"href":"https:\/\/www.regaloperfectobysary.com\/index.php\/wp-json\/wp\/v2\/product\/3834","targetHints":{"allow":["GET"]}}],"collection":[{"href":"https:\/\/www.regaloperfectobysary.com\/index.php\/wp-json\/wp\/v2\/product"}],"about":[{"href":"https:\/\/www.regaloperfectobysary.com\/index.php\/wp-json\/wp\/v2\/types\/product"}],"replies":[{"embeddable":true,"href":"https:\/\/www.regaloperfectobysary.com\/index.php\/wp-json\/wp\/v2\/comments?post=3834"}],"wp:featuredmedia":[{"embeddable":true,"href":"https:\/\/www.regaloperfectobysary.com\/index.php\/wp-json\/wp\/v2\/media\/4492"}],"wp:attachment":[{"href":"https:\/\/www.regaloperfectobysary.com\/index.php\/wp-json\/wp\/v2\/media?parent=3834"}],"wp:term":[{"taxonomy":"product_brand","embeddable":true,"href":"https:\/\/www.regaloperfectobysary.com\/index.php\/wp-json\/wp\/v2\/product_brand?post=3834"},{"taxonomy":"product_cat","embeddable":true,"href":"https:\/\/www.regaloperfectobysary.com\/index.php\/wp-json\/wp\/v2\/product_cat?post=3834"},{"taxonomy":"product_tag","embeddable":true,"href":"https:\/\/www.regaloperfectobysary.com\/index.php\/wp-json\/wp\/v2\/product_tag?post=3834"}],"curies":[{"name":"wp","href":"https:\/\/api.w.org\/{rel}","templated":true}]}}