{"id":3812,"date":"2024-08-30T22:33:28","date_gmt":"2024-08-30T20:33:28","guid":{"rendered":"https:\/\/www.regaloperfectobysary.com\/?post_type=product&#038;p=3812"},"modified":"2024-11-14T23:42:33","modified_gmt":"2024-11-14T22:42:33","slug":"gel-ducha-mandarina-lima","status":"publish","type":"product","link":"https:\/\/www.regaloperfectobysary.com\/index.php\/producto\/gel-ducha-mandarina-lima\/","title":{"rendered":"Gel Ducha Mandarina &#038; Lima"},"content":{"rendered":"<p>\ud83c\uddea\ud83c\uddf8 Este gel aporta propiedades hidratantes, antioxidantes y exfoliantes, adem\u00e1s de un intenso y fresco aroma que ofrece una agradable sensaci\u00f3n de frescor y bienestar gracias a sus notas c\u00edtricas.<\/p>\n<p>\ud83c\uddf5\ud83c\uddf9 Este gel proporciona propriedades hidratantes, antioxidantes e esfoliantes, ademais de um aroma intenso e fresco que oferece uma agrad\u00e1vel sensa\u00e7\u00e3o de frescura e bem-estar gra\u00e7as \u00e0s suas notas c\u00edtricas.<\/p>\n<p>&nbsp;<\/p>\n","protected":false},"excerpt":{"rendered":"<p>\ud83c\uddea\ud83c\uddf8 Este gel\u00a0ofrece una agradable sensaci\u00f3n de frescor y bienestar gracias a sus notas c\u00edtricas.<\/p>\n<p>\ud83c\uddf5\ud83c\uddf9 Este gel oferece uma agrad\u00e1vel sensa\u00e7\u00e3o de frescura e bem-estar gra\u00e7as \u00e0s suas notas c\u00edtricas.<\/p>\n<p>&nbsp;<\/p>\n","protected":false},"featured_media":4486,"comment_status":"open","ping_status":"closed","template":"","meta":{"_themeisle_gutenberg_block_has_review":false},"product_brand":[],"product_cat":[555,551],"product_tag":[245],"class_list":{"0":"post-3812","1":"product","2":"type-product","3":"status-publish","4":"has-post-thumbnail","6":"product_cat-cuidado-personal","7":"product_cat-spa","8":"product_tag-tulipan-negro","10":"first","11":"instock","12":"sale","13":"taxable","14":"shipping-taxable","15":"purchasable","16":"product-type-simple"},"jetpack_sharing_enabled":true,"_links":{"self":[{"href":"https:\/\/www.regaloperfectobysary.com\/index.php\/wp-json\/wp\/v2\/product\/3812","targetHints":{"allow":["GET"]}}],"collection":[{"href":"https:\/\/www.regaloperfectobysary.com\/index.php\/wp-json\/wp\/v2\/product"}],"about":[{"href":"https:\/\/www.regaloperfectobysary.com\/index.php\/wp-json\/wp\/v2\/types\/product"}],"replies":[{"embeddable":true,"href":"https:\/\/www.regaloperfectobysary.com\/index.php\/wp-json\/wp\/v2\/comments?post=3812"}],"wp:featuredmedia":[{"embeddable":true,"href":"https:\/\/www.regaloperfectobysary.com\/index.php\/wp-json\/wp\/v2\/media\/4486"}],"wp:attachment":[{"href":"https:\/\/www.regaloperfectobysary.com\/index.php\/wp-json\/wp\/v2\/media?parent=3812"}],"wp:term":[{"taxonomy":"product_brand","embeddable":true,"href":"https:\/\/www.regaloperfectobysary.com\/index.php\/wp-json\/wp\/v2\/product_brand?post=3812"},{"taxonomy":"product_cat","embeddable":true,"href":"https:\/\/www.regaloperfectobysary.com\/index.php\/wp-json\/wp\/v2\/product_cat?post=3812"},{"taxonomy":"product_tag","embeddable":true,"href":"https:\/\/www.regaloperfectobysary.com\/index.php\/wp-json\/wp\/v2\/product_tag?post=3812"}],"curies":[{"name":"wp","href":"https:\/\/api.w.org\/{rel}","templated":true}]}}