{"id":3437,"date":"2025-05-05T00:00:54","date_gmt":"2025-05-04T22:00:54","guid":{"rendered":"https:\/\/www.regaloperfectobysary.com\/index.php\/producto\/maquillaje-cc-crema-2\/"},"modified":"2025-05-21T21:01:06","modified_gmt":"2025-05-21T19:01:06","slug":"maquillaje-cc-crema-1","status":"publish","type":"product","link":"https:\/\/www.regaloperfectobysary.com\/index.php\/producto\/maquillaje-cc-crema-1\/","title":{"rendered":"Maquillaje CC Crema 1 + Aplicador"},"content":{"rendered":"<p>Este maquillaje instant\u00e1neo viral en redes en este momento, es adecuado para quienes buscan un maquillaje natural y perfecto. No es Graso, mantiene la piel fresca y c\u00f3moda durante todo el d\u00eda. Oculta al instante imperfecciones, manchas oscuras y enrojecimientos. No obstruye los poros, lo que permite que la piel respire libremente. Proporciona hidrataci\u00f3n y nutrici\u00f3n. Puede cubrir l\u00edneas finas y arrugas del rostro y relucir una piel m\u00e1s joven. Es adecuada para todo tipo de pieles.<\/p>\n<p>* Incluye una bolsita negra con una brocha en forma de hongo que permite evitar el exceso de producto. Antes de usar recomiendo lavar la esponja con agua para dejarla m\u00e1s suave y para que la base se pueda trabajar mejor.<\/p>\n","protected":false},"excerpt":{"rendered":"<p>Viral en redes, es adecuado para quienes buscan un maquillaje natural.<\/p>\n","protected":false},"featured_media":5644,"comment_status":"open","ping_status":"closed","template":"","meta":{"_themeisle_gutenberg_block_has_review":false},"product_brand":[683],"product_cat":[520,524],"product_tag":[],"class_list":{"0":"post-3437","1":"product","2":"type-product","3":"status-publish","4":"has-post-thumbnail","6":"product_brand-olauty","7":"product_cat-maquillaje","8":"product_cat-rostro","10":"first","11":"instock","12":"taxable","13":"shipping-taxable","14":"purchasable","15":"product-type-simple"},"jetpack_sharing_enabled":true,"_links":{"self":[{"href":"https:\/\/www.regaloperfectobysary.com\/index.php\/wp-json\/wp\/v2\/product\/3437","targetHints":{"allow":["GET"]}}],"collection":[{"href":"https:\/\/www.regaloperfectobysary.com\/index.php\/wp-json\/wp\/v2\/product"}],"about":[{"href":"https:\/\/www.regaloperfectobysary.com\/index.php\/wp-json\/wp\/v2\/types\/product"}],"replies":[{"embeddable":true,"href":"https:\/\/www.regaloperfectobysary.com\/index.php\/wp-json\/wp\/v2\/comments?post=3437"}],"wp:featuredmedia":[{"embeddable":true,"href":"https:\/\/www.regaloperfectobysary.com\/index.php\/wp-json\/wp\/v2\/media\/5644"}],"wp:attachment":[{"href":"https:\/\/www.regaloperfectobysary.com\/index.php\/wp-json\/wp\/v2\/media?parent=3437"}],"wp:term":[{"taxonomy":"product_brand","embeddable":true,"href":"https:\/\/www.regaloperfectobysary.com\/index.php\/wp-json\/wp\/v2\/product_brand?post=3437"},{"taxonomy":"product_cat","embeddable":true,"href":"https:\/\/www.regaloperfectobysary.com\/index.php\/wp-json\/wp\/v2\/product_cat?post=3437"},{"taxonomy":"product_tag","embeddable":true,"href":"https:\/\/www.regaloperfectobysary.com\/index.php\/wp-json\/wp\/v2\/product_tag?post=3437"}],"curies":[{"name":"wp","href":"https:\/\/api.w.org\/{rel}","templated":true}]}}