{"id":3433,"date":"2024-06-13T14:31:21","date_gmt":"2024-06-13T12:31:21","guid":{"rendered":"https:\/\/www.regaloperfectobysary.com\/index.php\/producto\/eliminador-olores-cocina\/"},"modified":"2024-11-15T00:22:59","modified_gmt":"2024-11-14T23:22:59","slug":"cocina-eliminador-olores","status":"publish","type":"product","link":"https:\/\/www.regaloperfectobysary.com\/index.php\/producto\/cocina-eliminador-olores\/","title":{"rendered":"Cocina Eliminador Olores"},"content":{"rendered":"<p>\ud83c\uddea\ud83c\uddf8<span class=\"Apple-converted-space\">\u00a0<\/span>Este Mikado neutraliza el olor desagradable. Gracias a su tecnolog\u00eda Aromaguard, podr\u00e1s disfrutar de una fragancia agradable y limpia que mejora el ambiente de la Cocina. Su f\u00f3rmula de larga duraci\u00f3n asegura que el aroma se mantenga durante semanas. Perfecto para uso diario.<\/p>\n<p>\ud83c\uddf5\ud83c\uddf9 Este Mikado neutraliza odores desagrad\u00e1veis. Gra\u00e7as \u00e0 sua tecnologia Aromaguard, pode desfrutar de uma fragr\u00e2ncia agrad\u00e1vel e limpa que melhora o ambiente da Cozinha. A sua f\u00f3rmula de longa dura\u00e7\u00e3o garante que o aroma dura semanas. Perfeito para uso di\u00e1rio.<\/p>\n<p>&nbsp;<\/p>\n","protected":false},"excerpt":{"rendered":"<p>\ud83c\uddea\ud83c\uddf8 Este Ambientador est\u00e1 especialmente formulado para mantener tu cocina fresca y libre de olores no deseados.<\/p>\n<p>\ud83c\uddf5\ud83c\uddf9 Este ambientador foi especialmente formulado para manter a sua cozinha fresca e livre de odores indesejados.<\/p>\n<p>&nbsp;<\/p>\n","protected":false},"featured_media":4533,"comment_status":"open","ping_status":"closed","template":"","meta":{"_themeisle_gutenberg_block_has_review":false},"product_brand":[],"product_cat":[557,487],"product_tag":[260],"class_list":{"0":"post-3433","1":"product","2":"type-product","3":"status-publish","4":"has-post-thumbnail","6":"product_cat-ambientadores-mikado","7":"product_cat-hogar","8":"product_tag-prady","10":"first","11":"onbackorder","12":"taxable","13":"shipping-taxable","14":"purchasable","15":"product-type-simple"},"jetpack_sharing_enabled":true,"_links":{"self":[{"href":"https:\/\/www.regaloperfectobysary.com\/index.php\/wp-json\/wp\/v2\/product\/3433","targetHints":{"allow":["GET"]}}],"collection":[{"href":"https:\/\/www.regaloperfectobysary.com\/index.php\/wp-json\/wp\/v2\/product"}],"about":[{"href":"https:\/\/www.regaloperfectobysary.com\/index.php\/wp-json\/wp\/v2\/types\/product"}],"replies":[{"embeddable":true,"href":"https:\/\/www.regaloperfectobysary.com\/index.php\/wp-json\/wp\/v2\/comments?post=3433"}],"wp:featuredmedia":[{"embeddable":true,"href":"https:\/\/www.regaloperfectobysary.com\/index.php\/wp-json\/wp\/v2\/media\/4533"}],"wp:attachment":[{"href":"https:\/\/www.regaloperfectobysary.com\/index.php\/wp-json\/wp\/v2\/media?parent=3433"}],"wp:term":[{"taxonomy":"product_brand","embeddable":true,"href":"https:\/\/www.regaloperfectobysary.com\/index.php\/wp-json\/wp\/v2\/product_brand?post=3433"},{"taxonomy":"product_cat","embeddable":true,"href":"https:\/\/www.regaloperfectobysary.com\/index.php\/wp-json\/wp\/v2\/product_cat?post=3433"},{"taxonomy":"product_tag","embeddable":true,"href":"https:\/\/www.regaloperfectobysary.com\/index.php\/wp-json\/wp\/v2\/product_tag?post=3433"}],"curies":[{"name":"wp","href":"https:\/\/api.w.org\/{rel}","templated":true}]}}