{"id":3429,"date":"2024-06-13T14:25:20","date_gmt":"2024-06-13T12:25:20","guid":{"rendered":"https:\/\/www.regaloperfectobysary.com\/index.php\/producto\/eliminador-olor-dormitorio\/"},"modified":"2024-11-15T00:17:56","modified_gmt":"2024-11-14T23:17:56","slug":"dormitorio-eliminador-olor","status":"publish","type":"product","link":"https:\/\/www.regaloperfectobysary.com\/index.php\/producto\/dormitorio-eliminador-olor\/","title":{"rendered":"Dormitorio Eliminador Olores"},"content":{"rendered":"<p>\ud83c\uddea\ud83c\uddf8 Este Mikado neutraliza el olor desagradable. Gracias a su tecnolog\u00eda Aromaguard, podr\u00e1s disfrutar de una fragancia relajante y acogedora en tu Dormitorio, que se mantendr\u00e1 en el ambiente durante semanas. Perfecto para uso diario.<\/p>\n<p>\ud83c\uddf5\ud83c\uddf9 Este Mikado neutraliza odores desagrad\u00e1veis. Gra\u00e7as \u00e0 sua tecnologia Aromaguard, podes desfrutar de uma fragr\u00e2ncia relaxante e aconchegante no teu Quarto, que permanecer\u00e1 no ambiente durante semanas. Perfeito para uso di\u00e1rio.<\/p>\n<p>&nbsp;<\/p>\n","protected":false},"excerpt":{"rendered":"<p>\ud83c\uddea\ud83c\uddf8 Este Ambientador est\u00e1 especialmente formulado para crear un ambiente relajante y acogedor en tu dormitorio.<\/p>\n<p>\ud83c\uddf5\ud83c\uddf9 Este Ambientador foi especialmente formulado para criar um ambiente relaxante e acolhedor no seu quarto.<\/p>\n<p>&nbsp;<\/p>\n","protected":false},"featured_media":4535,"comment_status":"open","ping_status":"closed","template":"","meta":{"_themeisle_gutenberg_block_has_review":false},"product_brand":[],"product_cat":[557,487],"product_tag":[260],"class_list":{"0":"post-3429","1":"product","2":"type-product","3":"status-publish","4":"has-post-thumbnail","6":"product_cat-ambientadores-mikado","7":"product_cat-hogar","8":"product_tag-prady","10":"first","11":"onbackorder","12":"taxable","13":"shipping-taxable","14":"purchasable","15":"product-type-simple"},"jetpack_sharing_enabled":true,"_links":{"self":[{"href":"https:\/\/www.regaloperfectobysary.com\/index.php\/wp-json\/wp\/v2\/product\/3429","targetHints":{"allow":["GET"]}}],"collection":[{"href":"https:\/\/www.regaloperfectobysary.com\/index.php\/wp-json\/wp\/v2\/product"}],"about":[{"href":"https:\/\/www.regaloperfectobysary.com\/index.php\/wp-json\/wp\/v2\/types\/product"}],"replies":[{"embeddable":true,"href":"https:\/\/www.regaloperfectobysary.com\/index.php\/wp-json\/wp\/v2\/comments?post=3429"}],"wp:featuredmedia":[{"embeddable":true,"href":"https:\/\/www.regaloperfectobysary.com\/index.php\/wp-json\/wp\/v2\/media\/4535"}],"wp:attachment":[{"href":"https:\/\/www.regaloperfectobysary.com\/index.php\/wp-json\/wp\/v2\/media?parent=3429"}],"wp:term":[{"taxonomy":"product_brand","embeddable":true,"href":"https:\/\/www.regaloperfectobysary.com\/index.php\/wp-json\/wp\/v2\/product_brand?post=3429"},{"taxonomy":"product_cat","embeddable":true,"href":"https:\/\/www.regaloperfectobysary.com\/index.php\/wp-json\/wp\/v2\/product_cat?post=3429"},{"taxonomy":"product_tag","embeddable":true,"href":"https:\/\/www.regaloperfectobysary.com\/index.php\/wp-json\/wp\/v2\/product_tag?post=3429"}],"curies":[{"name":"wp","href":"https:\/\/api.w.org\/{rel}","templated":true}]}}