{"id":3403,"date":"2024-02-19T23:45:21","date_gmt":"2024-02-19T22:45:21","guid":{"rendered":"https:\/\/www.regaloperfectobysary.com\/?post_type=product&#038;p=3403"},"modified":"2024-11-15T01:11:20","modified_gmt":"2024-11-15T00:11:20","slug":"esmalte-unicornio-lila-purpurina","status":"publish","type":"product","link":"https:\/\/www.regaloperfectobysary.com\/index.php\/producto\/esmalte-unicornio-lila-purpurina\/","title":{"rendered":"Esmalte Unicornio Lila + Purpurina"},"content":{"rendered":"<p>\ud83c\uddea\ud83c\uddf8 Esmalte de u\u00f1as lila con purpurina. El tap\u00f3n es una carita de unicornio. Cuatro modelos disponibles.<\/p>\n<p>\ud83c\uddf5\ud83c\uddf9 Esmalte lil\u00e1s\u00a0com glitter. A rolha \u00e9 uma cara de unic\u00f3rnio. Quatro modelos dispon\u00edveis.<\/p>\n","protected":false},"excerpt":{"rendered":"<p>\ud83c\uddea\ud83c\uddf8 Esmalte de u\u00f1as lil\u00e1s\u00a0con purpurina.<\/p>\n<p>\ud83c\uddf5\ud83c\uddf9 Esmalte lil\u00e1s\u00a0com glitter.<\/p>\n","protected":false},"featured_media":3998,"comment_status":"open","ping_status":"closed","template":"","meta":{"_themeisle_gutenberg_block_has_review":false},"product_brand":[],"product_cat":[531,585],"product_tag":[242],"class_list":{"0":"post-3403","1":"product","2":"type-product","3":"status-publish","4":"has-post-thumbnail","6":"product_cat-esmaltes-peques","7":"product_cat-peques","8":"product_tag-martinelia","10":"first","11":"instock","12":"taxable","13":"shipping-taxable","14":"purchasable","15":"product-type-simple"},"jetpack_sharing_enabled":true,"_links":{"self":[{"href":"https:\/\/www.regaloperfectobysary.com\/index.php\/wp-json\/wp\/v2\/product\/3403","targetHints":{"allow":["GET"]}}],"collection":[{"href":"https:\/\/www.regaloperfectobysary.com\/index.php\/wp-json\/wp\/v2\/product"}],"about":[{"href":"https:\/\/www.regaloperfectobysary.com\/index.php\/wp-json\/wp\/v2\/types\/product"}],"replies":[{"embeddable":true,"href":"https:\/\/www.regaloperfectobysary.com\/index.php\/wp-json\/wp\/v2\/comments?post=3403"}],"wp:featuredmedia":[{"embeddable":true,"href":"https:\/\/www.regaloperfectobysary.com\/index.php\/wp-json\/wp\/v2\/media\/3998"}],"wp:attachment":[{"href":"https:\/\/www.regaloperfectobysary.com\/index.php\/wp-json\/wp\/v2\/media?parent=3403"}],"wp:term":[{"taxonomy":"product_brand","embeddable":true,"href":"https:\/\/www.regaloperfectobysary.com\/index.php\/wp-json\/wp\/v2\/product_brand?post=3403"},{"taxonomy":"product_cat","embeddable":true,"href":"https:\/\/www.regaloperfectobysary.com\/index.php\/wp-json\/wp\/v2\/product_cat?post=3403"},{"taxonomy":"product_tag","embeddable":true,"href":"https:\/\/www.regaloperfectobysary.com\/index.php\/wp-json\/wp\/v2\/product_tag?post=3403"}],"curies":[{"name":"wp","href":"https:\/\/api.w.org\/{rel}","templated":true}]}}