{"id":3322,"date":"2024-06-06T00:10:13","date_gmt":"2024-06-05T22:10:13","guid":{"rendered":"https:\/\/www.regaloperfectobysary.com\/?post_type=product&#038;p=3322"},"modified":"2024-10-17T22:15:02","modified_gmt":"2024-10-17T20:15:02","slug":"set-life-love-blue","status":"publish","type":"product","link":"https:\/\/www.regaloperfectobysary.com\/index.php\/producto\/set-life-love-blue\/","title":{"rendered":"Set Life Love Blue"},"content":{"rendered":"<p>\ud83c\uddea\ud83c\uddf8 El Set Life Blue contiene:<\/p>\n<p>Principalmente el Labial Azul, Eau de Parfum Life Love Blue, Tiverton. (Interpretaci\u00f3n del elegante perfume Yes I Am, Cacharel).<\/p>\n<p>\ud83c\uddf5\ud83c\uddf9 O Set Life Blue cot\u00e9m:<\/p>\n<p>Principalmente o Batom Azul, Eau de Parfum Life Love Blue, Tiverton. (Interpreta\u00e7\u00e3o do elegante perfume Yes I Am, Cacharel).<\/p>\n","protected":false},"excerpt":{"rendered":"<p>\ud83c\uddea\ud83c\uddf8 D\u00e9jate envolver por el aroma \u00fanico de este Set en la versi\u00f3n Azul.<\/p>\n<p>\ud83c\uddf5\ud83c\uddf9 Deixa-te envolver pelo aroma \u00fanico deste Set na vers\u00e3o Azul.<\/p>\n","protected":false},"featured_media":3323,"comment_status":"open","ping_status":"closed","template":"","meta":{"_themeisle_gutenberg_block_has_review":false},"product_brand":[],"product_cat":[15],"product_tag":[303],"class_list":{"0":"post-3322","1":"product","2":"type-product","3":"status-publish","4":"has-post-thumbnail","6":"product_cat-productos","7":"product_tag-tiverton","9":"first","10":"instock","11":"taxable","12":"shipping-taxable","13":"purchasable","14":"product-type-simple"},"jetpack_sharing_enabled":true,"_links":{"self":[{"href":"https:\/\/www.regaloperfectobysary.com\/index.php\/wp-json\/wp\/v2\/product\/3322","targetHints":{"allow":["GET"]}}],"collection":[{"href":"https:\/\/www.regaloperfectobysary.com\/index.php\/wp-json\/wp\/v2\/product"}],"about":[{"href":"https:\/\/www.regaloperfectobysary.com\/index.php\/wp-json\/wp\/v2\/types\/product"}],"replies":[{"embeddable":true,"href":"https:\/\/www.regaloperfectobysary.com\/index.php\/wp-json\/wp\/v2\/comments?post=3322"}],"wp:featuredmedia":[{"embeddable":true,"href":"https:\/\/www.regaloperfectobysary.com\/index.php\/wp-json\/wp\/v2\/media\/3323"}],"wp:attachment":[{"href":"https:\/\/www.regaloperfectobysary.com\/index.php\/wp-json\/wp\/v2\/media?parent=3322"}],"wp:term":[{"taxonomy":"product_brand","embeddable":true,"href":"https:\/\/www.regaloperfectobysary.com\/index.php\/wp-json\/wp\/v2\/product_brand?post=3322"},{"taxonomy":"product_cat","embeddable":true,"href":"https:\/\/www.regaloperfectobysary.com\/index.php\/wp-json\/wp\/v2\/product_cat?post=3322"},{"taxonomy":"product_tag","embeddable":true,"href":"https:\/\/www.regaloperfectobysary.com\/index.php\/wp-json\/wp\/v2\/product_tag?post=3322"}],"curies":[{"name":"wp","href":"https:\/\/api.w.org\/{rel}","templated":true}]}}