{"id":3316,"date":"2024-06-06T00:51:29","date_gmt":"2024-06-05T22:51:29","guid":{"rendered":"https:\/\/www.regaloperfectobysary.com\/?post_type=product&#038;p=3316"},"modified":"2025-04-17T10:12:52","modified_gmt":"2025-04-17T08:12:52","slug":"chirodol-gel-anti-dolor","status":"publish","type":"product","link":"https:\/\/www.regaloperfectobysary.com\/index.php\/producto\/chirodol-gel-anti-dolor\/","title":{"rendered":"Chirodol Crema\/Gel Anti-Dolor"},"content":{"rendered":"<p>\ud83c\uddea\ud83c\uddf8 CHIRODOL de Retinol Complex es una crema\/gel con efecto t\u00e9rmico (Fr\u00edo\/Caliente) que ofrece una r\u00e1pida sensaci\u00f3n de agradable calor en la piel en caso de molestias musculares y articulares. Genera una intensa y agradable sensaci\u00f3n de calor que relaja los m\u00fasculos contra\u00eddos y afloja las articulaciones r\u00edgidas. Calma la sensaci\u00f3n de dolor en caso de estr\u00e9s, shock de fr\u00edo o movimientos bruscos. Gracias a su formulaci\u00f3n y a la acci\u00f3n combinada de componentes de origen natural como: Aloe Vera, \u00c1rnica, Eucalipto y Harpago, tiene un efecto calmante y da sensaci\u00f3n de alivio y bienestar.<\/p>\n<p>Indicado para todo tipo de dolores osteoarticulares. No grasoso.<\/p>\n<p>*procedente de agricultura ecol\u00f3gica.<\/p>\n<p>C\u00d3MO UTILIZAR: Aplicar una o m\u00e1s veces al d\u00eda, si es necesario, en la zona afectada. Masajear suavemente hasta su total absorci\u00f3n.<\/p>\n<p>\ud83c\uddf5\ud83c\uddf9 CHIRODOL de Retinol Complex \u00e9 um creme\/gel com efeito t\u00e9rmico (Frio\/Quente) que oferece uma r\u00e1pida sensa\u00e7\u00e3o de calor agrad\u00e1vel na pele em caso de desconforto muscular e articular. Gera uma sensa\u00e7\u00e3o intensa e agrad\u00e1vel de calor que relaxa os m\u00fasculos contra\u00eddos e relaxa as articula\u00e7\u00f5es r\u00edgidas. Acalma a sensa\u00e7\u00e3o de dor em caso de estresse, choque frio ou movimentos bruscos. Gra\u00e7as \u00e0 sua formula\u00e7\u00e3o e \u00e0 a\u00e7\u00e3o combinada de componentes de origem natural como: Aloe Vera, Arnica, Eucalipto e Harpago, tem efeito calmante e proporciona sensa\u00e7\u00e3o de al\u00edvio e bem-estar.<\/p>\n<p>Indicado para todos os tipos de dores osteoarticulares. N\u00e3o \u00e9 gordurento.<\/p>\n<p>*de agricultura biol\u00f3gica.<\/p>\n<p>MODO DE USAR: Aplicar uma ou mais vezes ao dia, se necess\u00e1rio, na \u00e1rea afetada. Massageie suavemente at\u00e9 completa absor\u00e7\u00e3o.<\/p>\n","protected":false},"excerpt":{"rendered":"<p>\ud83c\uddea\ud83c\uddf8 Chirodol es una crema en gel antiinflamatorio y alivio del dolor org\u00e1nico. Super fuerte.<\/p>\n<p>\ud83c\uddf5\ud83c\uddf9 Chirodol \u00e9 um gel-creme org\u00e2nico antiinflamat\u00f3rio e analg\u00e9sico. Super forte.<\/p>\n","protected":false},"featured_media":3317,"comment_status":"open","ping_status":"closed","template":"","meta":{"_themeisle_gutenberg_block_has_review":false},"product_brand":[],"product_cat":[554,551],"product_tag":[300],"class_list":{"0":"post-3316","1":"product","2":"type-product","3":"status-publish","4":"has-post-thumbnail","6":"product_cat-cuidado-corporal","7":"product_cat-spa","8":"product_tag-retinol-complex","10":"first","11":"onbackorder","12":"taxable","13":"shipping-taxable","14":"purchasable","15":"product-type-simple"},"jetpack_sharing_enabled":true,"_links":{"self":[{"href":"https:\/\/www.regaloperfectobysary.com\/index.php\/wp-json\/wp\/v2\/product\/3316","targetHints":{"allow":["GET"]}}],"collection":[{"href":"https:\/\/www.regaloperfectobysary.com\/index.php\/wp-json\/wp\/v2\/product"}],"about":[{"href":"https:\/\/www.regaloperfectobysary.com\/index.php\/wp-json\/wp\/v2\/types\/product"}],"replies":[{"embeddable":true,"href":"https:\/\/www.regaloperfectobysary.com\/index.php\/wp-json\/wp\/v2\/comments?post=3316"}],"wp:featuredmedia":[{"embeddable":true,"href":"https:\/\/www.regaloperfectobysary.com\/index.php\/wp-json\/wp\/v2\/media\/3317"}],"wp:attachment":[{"href":"https:\/\/www.regaloperfectobysary.com\/index.php\/wp-json\/wp\/v2\/media?parent=3316"}],"wp:term":[{"taxonomy":"product_brand","embeddable":true,"href":"https:\/\/www.regaloperfectobysary.com\/index.php\/wp-json\/wp\/v2\/product_brand?post=3316"},{"taxonomy":"product_cat","embeddable":true,"href":"https:\/\/www.regaloperfectobysary.com\/index.php\/wp-json\/wp\/v2\/product_cat?post=3316"},{"taxonomy":"product_tag","embeddable":true,"href":"https:\/\/www.regaloperfectobysary.com\/index.php\/wp-json\/wp\/v2\/product_tag?post=3316"}],"curies":[{"name":"wp","href":"https:\/\/api.w.org\/{rel}","templated":true}]}}