{"id":3210,"date":"2024-01-03T22:15:26","date_gmt":"2024-01-03T21:15:26","guid":{"rendered":"https:\/\/www.regaloperfectobysary.com\/?post_type=product&#038;p=3210"},"modified":"2024-11-15T01:21:18","modified_gmt":"2024-11-15T00:21:18","slug":"esmalte-26","status":"publish","type":"product","link":"https:\/\/www.regaloperfectobysary.com\/index.php\/producto\/esmalte-26\/","title":{"rendered":"Esmalte 26"},"content":{"rendered":"<div class=\"product-tabs tabs\">\n<div id=\"tab-content\" class=\"tab-content\">\n<div id=\"description\" class=\"tab-pane fade in active\" role=\"tabpanel\">\n<div class=\"product-description\">\n<p>\ud83c\uddea\ud83c\uddf8 Laca de u\u00f1as efecto perla. Util\u00edzalo en d\u00fao, es decir, en los pies y en las manos para ser una verdadera fashionista. Brillo extremo y f\u00f3rmula de larga duraci\u00f3n.<\/p>\n<p>Un formato moderno y elegante con un aplicador mejorado para que la aplicaci\u00f3n sea m\u00e1s f\u00e1cil. Su textura muy fluida deposita una pel\u00edcula muy fina y homog\u00e9nea, lo que permite obtener un brillo de larga duraci\u00f3n. Con la ayuda del pincel aplicador, en una o varias capas seg\u00fan el efecto deseado, empezando por el nacimiento de la u\u00f1a hacia abajo. Secado r\u00e1pido. Hasta 15 d\u00edas de duraci\u00f3n seg\u00fan el cuidado de tus manos.<\/p>\n<p>\ud83c\uddf5\ud83c\uddf9 Verniz para unhas com efeito p\u00e9rola. Usa em duo, ou seja, nos p\u00e9s e nas m\u00e3os para ser uma verdadeira fashionista. Brilho extremo e f\u00f3rmula de longa dura\u00e7\u00e3o.<\/p>\n<p>Formato moderno e elegante com aplicador aprimorado para facilitar a aplica\u00e7\u00e3o. A sua textura muito fluida deposita uma pel\u00edcula muito fina e homog\u00e9nea, que permite obter um brilho duradouro. Com a ajuda do pincel aplicador, em uma ou v\u00e1rias camadas dependendo do efeito desejado, come\u00e7ando da base da unha para baixo. Secagem r\u00e1pida. Dura\u00e7\u00e3o de at\u00e9 15 dias dependendo do cuidado com as tuas m\u00e3os.<\/p>\n<\/div>\n<\/div>\n<\/div>\n<\/div>\n","protected":false},"excerpt":{"rendered":"<p>\ud83c\uddea\ud83c\uddf8 Laca de u\u00f1as efecto perla.<\/p>\n<p>\ud83c\uddf5\ud83c\uddf9 Verniz para unhas com efeito p\u00e9rola.<\/p>\n","protected":false},"featured_media":4014,"comment_status":"open","ping_status":"closed","template":"","meta":{"_themeisle_gutenberg_block_has_review":false},"product_brand":[],"product_cat":[519,551],"product_tag":[239],"class_list":{"0":"post-3210","1":"product","2":"type-product","3":"status-publish","4":"has-post-thumbnail","6":"product_cat-manicura-pedicura","7":"product_cat-spa","8":"product_tag-ddonna","10":"first","11":"instock","12":"taxable","13":"shipping-taxable","14":"purchasable","15":"product-type-simple"},"jetpack_sharing_enabled":true,"_links":{"self":[{"href":"https:\/\/www.regaloperfectobysary.com\/index.php\/wp-json\/wp\/v2\/product\/3210","targetHints":{"allow":["GET"]}}],"collection":[{"href":"https:\/\/www.regaloperfectobysary.com\/index.php\/wp-json\/wp\/v2\/product"}],"about":[{"href":"https:\/\/www.regaloperfectobysary.com\/index.php\/wp-json\/wp\/v2\/types\/product"}],"replies":[{"embeddable":true,"href":"https:\/\/www.regaloperfectobysary.com\/index.php\/wp-json\/wp\/v2\/comments?post=3210"}],"wp:featuredmedia":[{"embeddable":true,"href":"https:\/\/www.regaloperfectobysary.com\/index.php\/wp-json\/wp\/v2\/media\/4014"}],"wp:attachment":[{"href":"https:\/\/www.regaloperfectobysary.com\/index.php\/wp-json\/wp\/v2\/media?parent=3210"}],"wp:term":[{"taxonomy":"product_brand","embeddable":true,"href":"https:\/\/www.regaloperfectobysary.com\/index.php\/wp-json\/wp\/v2\/product_brand?post=3210"},{"taxonomy":"product_cat","embeddable":true,"href":"https:\/\/www.regaloperfectobysary.com\/index.php\/wp-json\/wp\/v2\/product_cat?post=3210"},{"taxonomy":"product_tag","embeddable":true,"href":"https:\/\/www.regaloperfectobysary.com\/index.php\/wp-json\/wp\/v2\/product_tag?post=3210"}],"curies":[{"name":"wp","href":"https:\/\/api.w.org\/{rel}","templated":true}]}}