{"id":3165,"date":"2025-05-29T00:00:28","date_gmt":"2025-05-28T22:00:28","guid":{"rendered":"https:\/\/www.regaloperfectobysary.com\/?post_type=product&#038;p=3165"},"modified":"2025-06-08T01:16:36","modified_gmt":"2025-06-07T23:16:36","slug":"toallitas-humedas-patrulla-canina","status":"publish","type":"product","link":"https:\/\/www.regaloperfectobysary.com\/index.php\/producto\/toallitas-humedas-patrulla-canina\/","title":{"rendered":"Toallitas H\u00famedas Patrulla Canina"},"content":{"rendered":"<p>3 Paquetitos individuales de Toallitas H\u00famedas de la Patrulla Canina con f\u00f3rmula extra suave para el cuidado de la piel de los beb\u00e9s o de los ni\u00f1os. Ph Neutro. Ideales para llevar en el bolso.<\/p>\n","protected":false},"excerpt":{"rendered":"<p>3 Paquetitos individuales de Toallitas H\u00famedas.<\/p>\n<p>&nbsp;<\/p>\n<p>*Si sale la opci\u00f3n &#8220;disponible para reserva&#8221; eso significa que en estos momentos no contamos con el stock suficiente para completar tu pedido. Entonces, si realmente quieres el producto y no te importa esperar a su reposici\u00f3n puedes a\u00f1adirlo a tu carrito, de este modo garantizas el tuyo. Cuando llegue le daremos prioridad a tu compra. Ten en cuenta, una vez comprado no hay modificaci\u00f3n ni cancelaci\u00f3n. Por eso es importante revisar bien.<\/p>\n","protected":false},"featured_media":3220,"comment_status":"open","ping_status":"closed","template":"","meta":{"_themeisle_gutenberg_block_has_review":false},"product_brand":[698],"product_cat":[597,585],"product_tag":[294,295],"class_list":{"0":"post-3165","1":"product","2":"type-product","3":"status-publish","4":"has-post-thumbnail","6":"product_brand-nickelodeon","7":"product_cat-cuidados-peques","8":"product_cat-peques","9":"product_tag-patrulla-canina","10":"product_tag-paw-patrol","12":"first","13":"onbackorder","14":"taxable","15":"shipping-taxable","16":"purchasable","17":"product-type-simple"},"jetpack_sharing_enabled":true,"_links":{"self":[{"href":"https:\/\/www.regaloperfectobysary.com\/index.php\/wp-json\/wp\/v2\/product\/3165","targetHints":{"allow":["GET"]}}],"collection":[{"href":"https:\/\/www.regaloperfectobysary.com\/index.php\/wp-json\/wp\/v2\/product"}],"about":[{"href":"https:\/\/www.regaloperfectobysary.com\/index.php\/wp-json\/wp\/v2\/types\/product"}],"replies":[{"embeddable":true,"href":"https:\/\/www.regaloperfectobysary.com\/index.php\/wp-json\/wp\/v2\/comments?post=3165"}],"wp:featuredmedia":[{"embeddable":true,"href":"https:\/\/www.regaloperfectobysary.com\/index.php\/wp-json\/wp\/v2\/media\/3220"}],"wp:attachment":[{"href":"https:\/\/www.regaloperfectobysary.com\/index.php\/wp-json\/wp\/v2\/media?parent=3165"}],"wp:term":[{"taxonomy":"product_brand","embeddable":true,"href":"https:\/\/www.regaloperfectobysary.com\/index.php\/wp-json\/wp\/v2\/product_brand?post=3165"},{"taxonomy":"product_cat","embeddable":true,"href":"https:\/\/www.regaloperfectobysary.com\/index.php\/wp-json\/wp\/v2\/product_cat?post=3165"},{"taxonomy":"product_tag","embeddable":true,"href":"https:\/\/www.regaloperfectobysary.com\/index.php\/wp-json\/wp\/v2\/product_tag?post=3165"}],"curies":[{"name":"wp","href":"https:\/\/api.w.org\/{rel}","templated":true}]}}