{"id":2776,"date":"2024-05-05T23:29:55","date_gmt":"2024-05-05T21:29:55","guid":{"rendered":"https:\/\/www.regaloperfectobysary.com\/?post_type=product&#038;p=2776"},"modified":"2024-11-15T00:43:49","modified_gmt":"2024-11-14T23:43:49","slug":"toallitas-humedas-moras-3-en-1","status":"publish","type":"product","link":"https:\/\/www.regaloperfectobysary.com\/index.php\/producto\/toallitas-humedas-moras-3-en-1\/","title":{"rendered":"Toallitas H\u00famedas Moras 3 en 1"},"content":{"rendered":"<p>\ud83c\uddea\ud83c\uddf8 Paquete de 15 toallitas h\u00famedas Moras The Fruit Company para cara, manos y WC.<\/p>\n<p>Estas toallitas pocket de formato bolsillo y de PH neutro, est\u00e1n formuladas con <em>Aloe Vera<\/em> de poder regenerador, <em>Vitamina E<\/em> que nutre e hidrata, y agradable <em>Camomila<\/em> de efecto calmante.<\/p>\n<p>Testadas dermatologicamente y desechables por el WC.<\/p>\n<p>\ud83c\uddf5\ud83c\uddf9 Pacote de 15 toalhinhas umedecidas Moras The Fruit Company para rosto, m\u00e3os e WC.<\/p>\n<p>Esses len\u00e7os de bolso com PH neutro s\u00e3o formulados com Aloe Vera com poder regenerador, Vitamina E que nutre e hidrata e agrad\u00e1vel Camomila com efeito calmante.<\/p>\n<p>Dermatologicamente testado e descart\u00e1vel no banheiro.<\/p>\n<p>&nbsp;<\/p>\n","protected":false},"excerpt":{"rendered":"<p>\ud83c\uddea\ud83c\uddf8 Toallitas h\u00famedas Moras para cara, manos y WC.<\/p>\n<p>\ud83c\uddf5\ud83c\uddf9 Toalhinhas umedecidas Moras para rosto, m\u00e3os e WC.<\/p>\n<p>&nbsp;<\/p>\n","protected":false},"featured_media":3223,"comment_status":"open","ping_status":"closed","template":"","meta":{"_themeisle_gutenberg_block_has_review":false},"product_brand":[],"product_cat":[555,599,551],"product_tag":[293],"class_list":{"0":"post-2776","1":"product","2":"type-product","3":"status-publish","4":"has-post-thumbnail","6":"product_cat-cuidado-personal","7":"product_cat-rutina-facial","8":"product_cat-spa","9":"product_tag-the-fruit-company","11":"first","12":"instock","13":"taxable","14":"shipping-taxable","15":"purchasable","16":"product-type-simple"},"jetpack_sharing_enabled":true,"_links":{"self":[{"href":"https:\/\/www.regaloperfectobysary.com\/index.php\/wp-json\/wp\/v2\/product\/2776","targetHints":{"allow":["GET"]}}],"collection":[{"href":"https:\/\/www.regaloperfectobysary.com\/index.php\/wp-json\/wp\/v2\/product"}],"about":[{"href":"https:\/\/www.regaloperfectobysary.com\/index.php\/wp-json\/wp\/v2\/types\/product"}],"replies":[{"embeddable":true,"href":"https:\/\/www.regaloperfectobysary.com\/index.php\/wp-json\/wp\/v2\/comments?post=2776"}],"wp:featuredmedia":[{"embeddable":true,"href":"https:\/\/www.regaloperfectobysary.com\/index.php\/wp-json\/wp\/v2\/media\/3223"}],"wp:attachment":[{"href":"https:\/\/www.regaloperfectobysary.com\/index.php\/wp-json\/wp\/v2\/media?parent=2776"}],"wp:term":[{"taxonomy":"product_brand","embeddable":true,"href":"https:\/\/www.regaloperfectobysary.com\/index.php\/wp-json\/wp\/v2\/product_brand?post=2776"},{"taxonomy":"product_cat","embeddable":true,"href":"https:\/\/www.regaloperfectobysary.com\/index.php\/wp-json\/wp\/v2\/product_cat?post=2776"},{"taxonomy":"product_tag","embeddable":true,"href":"https:\/\/www.regaloperfectobysary.com\/index.php\/wp-json\/wp\/v2\/product_tag?post=2776"}],"curies":[{"name":"wp","href":"https:\/\/api.w.org\/{rel}","templated":true}]}}