{"id":2768,"date":"2024-05-05T22:09:31","date_gmt":"2024-05-05T20:09:31","guid":{"rendered":"https:\/\/www.regaloperfectobysary.com\/?post_type=product&#038;p=2768"},"modified":"2024-11-15T00:44:26","modified_gmt":"2024-11-14T23:44:26","slug":"locion-corporal-aguacate-vitamin","status":"publish","type":"product","link":"https:\/\/www.regaloperfectobysary.com\/index.php\/producto\/locion-corporal-aguacate-vitamin\/","title":{"rendered":"Loci\u00f3n Corporal Aguacate Vitamin+"},"content":{"rendered":"<p>\ud83c\uddea\ud83c\uddf8 Dale a tu piel la hidrataci\u00f3n que se merece con la Loci\u00f3n Corporal Aguacate Vitamin+ The Fruit Company! Loci\u00f3n ULTRAHIDRATANTE est\u00e1 enriquecida con un 98 % de ingredientes naturales y vitamina B5que ayudan a retener la humedad y brindan una hidrataci\u00f3n duradera. \u00a1Luce una piel suave, el\u00e1stica y nutrida con una hidrataci\u00f3n excepcional!<\/p>\n<p>Vitamin+ es una gama nacida para trasladarte los incre\u00edbles beneficios que nos reporta la naturaleza a trav\u00e9s de sus frutos, de la manera m\u00e1s pura y honesta posible. WE LOVE NATURAL CARE.<\/p>\n<p>\ud83c\uddf5\ud83c\uddf9 Da \u00e0 tua pele a hidrata\u00e7\u00e3o que ela merece com a Lo\u00e7\u00e3o Corporal Avocado Vitamin+ da The Fruit Company! Lo\u00e7\u00e3o ULTRA-HIDRATANTE \u00e9 enriquecida com 98% de ingredientes naturais e vitamina B5 para ajudar a reter a umidade e fornecer hidrata\u00e7\u00e3o duradoura. Mostre uma pele macia, el\u00e1stica e nutrida com hidrata\u00e7\u00e3o excepcional!<\/p>\n<p>Vitamin+ \u00e9 uma gama criada para transmitir at\u00e9 si os incr\u00edveis benef\u00edcios que a natureza nos traz atrav\u00e9s dos seus frutos, da forma mais pura e honesta poss\u00edvel. WE LOVE NATURAL CARE.<\/p>\n","protected":false},"excerpt":{"rendered":"<p>\ud83c\uddea\ud83c\uddf8 Loci\u00f3n Corporal Aguacate enriquecida con vitamina B5 y con 98% ingredientes de origen natural. Ultrahidratante.<\/p>\n<p>\ud83c\uddf5\ud83c\uddf9 Lo\u00e7\u00e3o Corporal Avocado Vitamin+ enriquecida com vitamina B5 e 98% de ingredientes de origem natural. Ultra-hidratante.<\/p>\n","protected":false},"featured_media":3257,"comment_status":"open","ping_status":"closed","template":"","meta":{"_themeisle_gutenberg_block_has_review":false},"product_brand":[],"product_cat":[554,551],"product_tag":[293],"class_list":{"0":"post-2768","1":"product","2":"type-product","3":"status-publish","4":"has-post-thumbnail","6":"product_cat-cuidado-corporal","7":"product_cat-spa","8":"product_tag-the-fruit-company","10":"first","11":"instock","12":"taxable","13":"shipping-taxable","14":"purchasable","15":"product-type-simple"},"jetpack_sharing_enabled":true,"_links":{"self":[{"href":"https:\/\/www.regaloperfectobysary.com\/index.php\/wp-json\/wp\/v2\/product\/2768","targetHints":{"allow":["GET"]}}],"collection":[{"href":"https:\/\/www.regaloperfectobysary.com\/index.php\/wp-json\/wp\/v2\/product"}],"about":[{"href":"https:\/\/www.regaloperfectobysary.com\/index.php\/wp-json\/wp\/v2\/types\/product"}],"replies":[{"embeddable":true,"href":"https:\/\/www.regaloperfectobysary.com\/index.php\/wp-json\/wp\/v2\/comments?post=2768"}],"wp:featuredmedia":[{"embeddable":true,"href":"https:\/\/www.regaloperfectobysary.com\/index.php\/wp-json\/wp\/v2\/media\/3257"}],"wp:attachment":[{"href":"https:\/\/www.regaloperfectobysary.com\/index.php\/wp-json\/wp\/v2\/media?parent=2768"}],"wp:term":[{"taxonomy":"product_brand","embeddable":true,"href":"https:\/\/www.regaloperfectobysary.com\/index.php\/wp-json\/wp\/v2\/product_brand?post=2768"},{"taxonomy":"product_cat","embeddable":true,"href":"https:\/\/www.regaloperfectobysary.com\/index.php\/wp-json\/wp\/v2\/product_cat?post=2768"},{"taxonomy":"product_tag","embeddable":true,"href":"https:\/\/www.regaloperfectobysary.com\/index.php\/wp-json\/wp\/v2\/product_tag?post=2768"}],"curies":[{"name":"wp","href":"https:\/\/api.w.org\/{rel}","templated":true}]}}