{"id":2766,"date":"2024-05-05T22:04:45","date_gmt":"2024-05-05T20:04:45","guid":{"rendered":"https:\/\/www.regaloperfectobysary.com\/?post_type=product&#038;p=2766"},"modified":"2024-11-15T00:44:49","modified_gmt":"2024-11-14T23:44:49","slug":"locion-corporal-melocoton-vitamin","status":"publish","type":"product","link":"https:\/\/www.regaloperfectobysary.com\/index.php\/producto\/locion-corporal-melocoton-vitamin\/","title":{"rendered":"Loci\u00f3n Corporal Melocot\u00f3n Vitamin+"},"content":{"rendered":"<p>\ud83c\uddea\ud83c\uddf8 Lleva tu rutina de cuidado de la piel a un nuevo nivel con la Loci\u00f3n Corporal Melocot\u00f3n Vitamin+ The Fruit Company! Su rica y ligera f\u00f3rmula REAFIRMANTE ayuda a mantener la elasticidad, igualar el tono de la piel y llenarla de luminosidad. Enriquecida con vitamina C y un 98 % de ingredientes de origen natural, esta loci\u00f3n nutritiva reafirmante dejar\u00e1 tu piel con una sensaci\u00f3n suave, tersa y firme como nunca antes. Disfruta de su dulce aroma a melocot\u00f3n <em>peach bellini<\/em> mientras hidratas y cuidas de tu piel al m\u00e1ximo.<\/p>\n<p>Vitamin+ es una gama nacida para trasladarte los incre\u00edbles beneficios que nos reporta la naturaleza a trav\u00e9s de sus frutos, de la manera m\u00e1s pura y honesta posible. WE LOVE NATURAL CARE.<\/p>\n<p>\ud83c\uddf5\ud83c\uddf9 Leva a tua rotina de cuidados com a pele a um novo n\u00edvel com a Lo\u00e7\u00e3o Corporal P\u00eassego Vitamin+ da The Fruit Company! A sua f\u00f3rmula REAFIRMANTE\u00a0rica e leve ajuda a manter a elasticidade, uniformizar o tom da pele e preench\u00ea-la de luminosidade. Enriquecida com vitamina C e 98% de ingredientes de origem natural, esta lo\u00e7\u00e3o nutritiva e reafirmante deixar\u00e1 a sua pele macia, suave e firme como nunca antes. Desfrute do seu doce aroma de p\u00eassego bellini enquanto hidrata e cuida ao m\u00e1ximo da sua pele.<\/p>\n<p>Vitamin+ \u00e9 uma gama criada para transmitir at\u00e9 si os incr\u00edveis benef\u00edcios que a natureza nos traz atrav\u00e9s dos seus frutos, da forma mais pura e honesta poss\u00edvel. WE LOVE NATURAL CARE.<\/p>\n","protected":false},"excerpt":{"rendered":"<p>\ud83c\uddea\ud83c\uddf8 Loci\u00f3n Corporal Melocot\u00f3n enriquecida con vitamina C y con 98% ingredientes de origen natural. Reafirmante.<\/p>\n<p>\ud83c\uddf5\ud83c\uddf9 Lo\u00e7\u00e3o Corporal P\u00eassego Vitamin+ enriquecida com vitamina C e 98% de ingredientes de origem natural. Reafirmante.<\/p>\n","protected":false},"featured_media":3260,"comment_status":"open","ping_status":"closed","template":"","meta":{"_themeisle_gutenberg_block_has_review":false},"product_brand":[],"product_cat":[554,551],"product_tag":[293],"class_list":{"0":"post-2766","1":"product","2":"type-product","3":"status-publish","4":"has-post-thumbnail","6":"product_cat-cuidado-corporal","7":"product_cat-spa","8":"product_tag-the-fruit-company","10":"first","11":"instock","12":"taxable","13":"shipping-taxable","14":"purchasable","15":"product-type-simple"},"jetpack_sharing_enabled":true,"_links":{"self":[{"href":"https:\/\/www.regaloperfectobysary.com\/index.php\/wp-json\/wp\/v2\/product\/2766","targetHints":{"allow":["GET"]}}],"collection":[{"href":"https:\/\/www.regaloperfectobysary.com\/index.php\/wp-json\/wp\/v2\/product"}],"about":[{"href":"https:\/\/www.regaloperfectobysary.com\/index.php\/wp-json\/wp\/v2\/types\/product"}],"replies":[{"embeddable":true,"href":"https:\/\/www.regaloperfectobysary.com\/index.php\/wp-json\/wp\/v2\/comments?post=2766"}],"wp:featuredmedia":[{"embeddable":true,"href":"https:\/\/www.regaloperfectobysary.com\/index.php\/wp-json\/wp\/v2\/media\/3260"}],"wp:attachment":[{"href":"https:\/\/www.regaloperfectobysary.com\/index.php\/wp-json\/wp\/v2\/media?parent=2766"}],"wp:term":[{"taxonomy":"product_brand","embeddable":true,"href":"https:\/\/www.regaloperfectobysary.com\/index.php\/wp-json\/wp\/v2\/product_brand?post=2766"},{"taxonomy":"product_cat","embeddable":true,"href":"https:\/\/www.regaloperfectobysary.com\/index.php\/wp-json\/wp\/v2\/product_cat?post=2766"},{"taxonomy":"product_tag","embeddable":true,"href":"https:\/\/www.regaloperfectobysary.com\/index.php\/wp-json\/wp\/v2\/product_tag?post=2766"}],"curies":[{"name":"wp","href":"https:\/\/api.w.org\/{rel}","templated":true}]}}