{"id":2763,"date":"2024-05-05T21:54:54","date_gmt":"2024-05-05T19:54:54","guid":{"rendered":"https:\/\/www.regaloperfectobysary.com\/?post_type=product&#038;p=2763"},"modified":"2024-08-30T21:14:10","modified_gmt":"2024-08-30T19:14:10","slug":"locion-corporal-coco-lima-vitamin","status":"publish","type":"product","link":"https:\/\/www.regaloperfectobysary.com\/index.php\/producto\/locion-corporal-coco-lima-vitamin\/","title":{"rendered":"Loci\u00f3n Corporal Coco-Lima Vitamin+"},"content":{"rendered":"<p>\ud83c\uddea\ud83c\uddf8 Mima tu piel con la Loci\u00f3n Corporal Coco Lima Vitamin+ The Fruit Company! Enriquecida con vitamina B3 y con 98% ingredientes de origen natural, esta loci\u00f3n nutritiva y revitalizante repara la textura de la piel y la llena de luminosidad. Cuida de tu piel a la vez que disfrutas del ex\u00f3tico su energizante aroma a Coco y Lima durante todo el d\u00eda.<\/p>\n<p>Vitamin+ es una gama nacida para trasladarte los incre\u00edbles beneficios que nos reporta la naturaleza a trav\u00e9s de sus frutos, de la manera m\u00e1s pura y honesta posible. WE LOVE NATURAL CARE.<\/p>\n<p>\ud83c\uddf5\ud83c\uddf9 Mima a tua pele com a Lo\u00e7\u00e3o Corporal Coco Lima Vitamin+ da The Fruit Company! Enriquecida com vitamina B3 e 98% de ingredientes de origem natural, esta lo\u00e7\u00e3o nutritiva e revitalizante repara a textura da pele e enche-a de luminosidade. Cuide da sua pele enquanto desfruta do aroma ex\u00f3tico e energizante do Coco e da Lima ao longo do dia.<\/p>\n<p>Vitamin+ \u00e9 uma gama criada para transmitir at\u00e9 si os incr\u00edveis benef\u00edcios que a natureza nos traz atrav\u00e9s dos seus frutos, da forma mais pura e honesta poss\u00edvel. WE LOVE NATURAL CARE.<\/p>\n","protected":false},"excerpt":{"rendered":"<p>\ud83c\uddea\ud83c\uddf8 Loci\u00f3n Corporal Coco-Lima enriquecida con vitamina B3 y con 98% ingredientes de origen natural. Energizante.<\/p>\n<p>\ud83c\uddf5\ud83c\uddf9 Lo\u00e7\u00e3o Corporal Coco Lima Vitamin+ enriquecida com vitamina B3 e 98% de ingredientes de origem natural. Energizante.<\/p>\n","protected":false},"featured_media":3259,"comment_status":"open","ping_status":"closed","template":"","meta":{"_themeisle_gutenberg_block_has_review":false},"product_brand":[],"product_cat":[15],"product_tag":[293],"class_list":{"0":"post-2763","1":"product","2":"type-product","3":"status-publish","4":"has-post-thumbnail","6":"product_cat-productos","7":"product_tag-the-fruit-company","9":"first","10":"instock","11":"taxable","12":"shipping-taxable","13":"purchasable","14":"product-type-simple"},"jetpack_sharing_enabled":true,"_links":{"self":[{"href":"https:\/\/www.regaloperfectobysary.com\/index.php\/wp-json\/wp\/v2\/product\/2763","targetHints":{"allow":["GET"]}}],"collection":[{"href":"https:\/\/www.regaloperfectobysary.com\/index.php\/wp-json\/wp\/v2\/product"}],"about":[{"href":"https:\/\/www.regaloperfectobysary.com\/index.php\/wp-json\/wp\/v2\/types\/product"}],"replies":[{"embeddable":true,"href":"https:\/\/www.regaloperfectobysary.com\/index.php\/wp-json\/wp\/v2\/comments?post=2763"}],"wp:featuredmedia":[{"embeddable":true,"href":"https:\/\/www.regaloperfectobysary.com\/index.php\/wp-json\/wp\/v2\/media\/3259"}],"wp:attachment":[{"href":"https:\/\/www.regaloperfectobysary.com\/index.php\/wp-json\/wp\/v2\/media?parent=2763"}],"wp:term":[{"taxonomy":"product_brand","embeddable":true,"href":"https:\/\/www.regaloperfectobysary.com\/index.php\/wp-json\/wp\/v2\/product_brand?post=2763"},{"taxonomy":"product_cat","embeddable":true,"href":"https:\/\/www.regaloperfectobysary.com\/index.php\/wp-json\/wp\/v2\/product_cat?post=2763"},{"taxonomy":"product_tag","embeddable":true,"href":"https:\/\/www.regaloperfectobysary.com\/index.php\/wp-json\/wp\/v2\/product_tag?post=2763"}],"curies":[{"name":"wp","href":"https:\/\/api.w.org\/{rel}","templated":true}]}}