{"id":2701,"date":"2025-05-28T00:00:46","date_gmt":"2025-05-27T22:00:46","guid":{"rendered":"https:\/\/www.regaloperfectobysary.com\/?post_type=product&#038;p=2701"},"modified":"2025-06-06T00:46:38","modified_gmt":"2025-06-05T22:46:38","slug":"manteca-corporal-osito-gominola","status":"publish","type":"product","link":"https:\/\/www.regaloperfectobysary.com\/index.php\/producto\/manteca-corporal-osito-gominola\/","title":{"rendered":"Manteca Corporal Osito Gominola"},"content":{"rendered":"<p dir=\"auto\">\ud83c\uddea\ud83c\uddf8 Harta de tener una piel seca y aburrida? No te preocupes, tenemos la soluci\u00f3n perfecta! Presentamos la <strong>Manteca Corporal Osito de Gominola. <\/strong>No solo tiene un nombre largo y divertido, sino que tambi\u00e9n est\u00e1 cargada con ingredientes m\u00e1gicos.<\/p>\n<p dir=\"auto\">Adem\u00e1s, su f\u00f3rmula vegana super hidratante mantendr\u00e1 tu piel suave e hidratada hasta por 48 horas. Con ingredientes como la manteca de karit\u00e9, el aceite de jojoba y el aceite de oliva, no podr\u00e1s resistirte a acariciar tu piel como si fueras un osito adorable.<\/p>\n<p dir=\"auto\">As\u00ed que deja que tu piel se ponga jugosa y deliciosa con esta manteca corporal m\u00e1gica! Te aseguramos que oler\u00e1s tan bien que todos querr\u00e1n darte un mordisquito!<\/p>\n<p>\ud83c\uddf5\ud83c\uddf9 Cansada de ter a pele seca e sem brilho? N\u00e3o te preocupes, temos a solu\u00e7\u00e3o perfeita! Apresentamos a manteiga corporal Ursinho de Goluseima. N\u00e3o s\u00f3 tem um nome longo e divertido, mas tamb\u00e9m est\u00e1 carregada de ingredientes m\u00e1gicos.<\/p>\n<p>Al\u00e9m disso, sua f\u00f3rmula vegana superhidratante manter\u00e1 a tua pele macia e hidratada por at\u00e9 48 horas. Com ingredientes como manteiga de karit\u00e9, \u00f3leo de jojoba e azeite de oliva, n\u00e3o conseguir\u00e1s resistir a acariciar a tua pele como se fosse um ador\u00e1vel ursinho de pel\u00facia.<\/p>\n<p>Ent\u00e3o deixa a tua pele ficar suculenta e deliciosa com esta manteiga corporal m\u00e1gica! Garantimos que vais cheirar t\u00e3o bem que todos v\u00e3o querer dar uma mordida!<\/p>\n","protected":false},"excerpt":{"rendered":"<p>\ud83c\uddea\ud83c\uddf8 Literalmente Caca de Unicornio convertida en una maravillosa Manteca Corporal!<\/p>\n<p>\ud83c\uddf5\ud83c\uddf9 Literalmente Coc\u00f4 de Unic\u00f3rnio transformado em uma maravilhosa Manteiga Corporal!<\/p>\n","protected":false},"featured_media":4563,"comment_status":"open","ping_status":"closed","template":"","meta":{"_themeisle_gutenberg_block_has_review":false},"product_brand":[],"product_cat":[554,551],"product_tag":[293],"class_list":{"0":"post-2701","1":"product","2":"type-product","3":"status-publish","4":"has-post-thumbnail","6":"product_cat-cuidado-corporal","7":"product_cat-spa","8":"product_tag-the-fruit-company","10":"first","11":"instock","12":"taxable","13":"shipping-taxable","14":"purchasable","15":"product-type-simple"},"jetpack_sharing_enabled":true,"_links":{"self":[{"href":"https:\/\/www.regaloperfectobysary.com\/index.php\/wp-json\/wp\/v2\/product\/2701","targetHints":{"allow":["GET"]}}],"collection":[{"href":"https:\/\/www.regaloperfectobysary.com\/index.php\/wp-json\/wp\/v2\/product"}],"about":[{"href":"https:\/\/www.regaloperfectobysary.com\/index.php\/wp-json\/wp\/v2\/types\/product"}],"replies":[{"embeddable":true,"href":"https:\/\/www.regaloperfectobysary.com\/index.php\/wp-json\/wp\/v2\/comments?post=2701"}],"wp:featuredmedia":[{"embeddable":true,"href":"https:\/\/www.regaloperfectobysary.com\/index.php\/wp-json\/wp\/v2\/media\/4563"}],"wp:attachment":[{"href":"https:\/\/www.regaloperfectobysary.com\/index.php\/wp-json\/wp\/v2\/media?parent=2701"}],"wp:term":[{"taxonomy":"product_brand","embeddable":true,"href":"https:\/\/www.regaloperfectobysary.com\/index.php\/wp-json\/wp\/v2\/product_brand?post=2701"},{"taxonomy":"product_cat","embeddable":true,"href":"https:\/\/www.regaloperfectobysary.com\/index.php\/wp-json\/wp\/v2\/product_cat?post=2701"},{"taxonomy":"product_tag","embeddable":true,"href":"https:\/\/www.regaloperfectobysary.com\/index.php\/wp-json\/wp\/v2\/product_tag?post=2701"}],"curies":[{"name":"wp","href":"https:\/\/api.w.org\/{rel}","templated":true}]}}