{"id":2685,"date":"2024-04-13T23:05:16","date_gmt":"2024-04-13T21:05:16","guid":{"rendered":"https:\/\/www.regaloperfectobysary.com\/?post_type=product&#038;p=2685"},"modified":"2024-11-15T00:52:36","modified_gmt":"2024-11-14T23:52:36","slug":"bruma-facial-con-naranja","status":"publish","type":"product","link":"https:\/\/www.regaloperfectobysary.com\/index.php\/producto\/bruma-facial-con-naranja\/","title":{"rendered":"Bruma Facial con Naranja"},"content":{"rendered":"<p>\ud83c\uddea\ud83c\uddf8 Este limpiador facial en espuma, rico y afrutado, elimina las impurezas y los residuos de maquillaje sin dejar la piel tirante. El producto no provoca sequedad y aporta a la piel un brillo excepcional.<\/p>\n<p>Rico en ingredientes activos, incluyendo:<\/p>\n<p>*EXTRACTO DE NARANJA nutre la piel y estimula la regeneraci\u00f3n celular, adem\u00e1s de tener propiedades antiinflamatorias y antibacterianas.<\/p>\n<p>*HIALURONATO DE SODIO tiene propiedades hidratantes.<\/p>\n<p>*El \u00c1CIDO L\u00c1CTIDO mejora la elasticidad de la piel y aclara la decoloraci\u00f3n.<\/p>\n<p>Act\u00faa en sinergia con el agua micelar facial de naranja Melado (disponible online tambi\u00e9n).<\/p>\n<p>C\u00d3MO USARLO: Toma la cantidad adecuada de espuma en tus manos y masajea sobre la piel h\u00fameda del rostro con movimientos circulares, evitando el \u00e1rea de los ojos. Enjuaga con agua corriente.<\/p>\n<p>\ud83c\uddf5\ud83c\uddf9 Esta espuma de limpeza facial rica e frutada remove impurezas e res\u00edduos de maquiagem sem deixar a pele repuxada. O produto n\u00e3o causa ressecamento e confere \u00e0 pele um brilho excepcional.<\/p>\n<p>Rico em ingredientes ativos, incluindo:<\/p>\n<p>*EXTRATO DE LARANJA nutre a pele e estimula a regenera\u00e7\u00e3o celular, al\u00e9m de possuir propriedades antiinflamat\u00f3rias e antibacterianas.<\/p>\n<p>*HIALURONATO DE S\u00d3DIO possui propriedades hidratantes.<\/p>\n<p>*\u00c1CIDO LACTIDO melhora a elasticidade da pele e clareia a descolora\u00e7\u00e3o.<\/p>\n<p>Atua em sinergia com a \u00e1gua micelar facial Melado laranja (tamb\u00e9m dispon\u00edvel online).<\/p>\n<p>MODO DE USAR: Toma a quantidade adequada de espuma nas m\u00e3os e massageie a pele \u00famida do rosto em movimentos circulares, evitando a \u00e1rea dos olhos. Enx\u00e1gua com \u00e1gua corrente.<\/p>\n","protected":false},"excerpt":{"rendered":"<p>\ud83c\uddea\ud83c\uddf8 Limpiador Facial en Espuma para Piel Seca &amp; Normal.<\/p>\n<p>\ud83c\uddf5\ud83c\uddf9 Espuma de limpeza facial para Peles Secas &amp; Normais.<\/p>\n","protected":false},"featured_media":2678,"comment_status":"open","ping_status":"closed","template":"","meta":{"_themeisle_gutenberg_block_has_review":false},"product_brand":[],"product_cat":[599,551],"product_tag":[291],"class_list":{"0":"post-2685","1":"product","2":"type-product","3":"status-publish","4":"has-post-thumbnail","6":"product_cat-rutina-facial","7":"product_cat-spa","8":"product_tag-melado","10":"first","11":"onbackorder","12":"taxable","13":"shipping-taxable","14":"purchasable","15":"product-type-simple"},"jetpack_sharing_enabled":true,"_links":{"self":[{"href":"https:\/\/www.regaloperfectobysary.com\/index.php\/wp-json\/wp\/v2\/product\/2685","targetHints":{"allow":["GET"]}}],"collection":[{"href":"https:\/\/www.regaloperfectobysary.com\/index.php\/wp-json\/wp\/v2\/product"}],"about":[{"href":"https:\/\/www.regaloperfectobysary.com\/index.php\/wp-json\/wp\/v2\/types\/product"}],"replies":[{"embeddable":true,"href":"https:\/\/www.regaloperfectobysary.com\/index.php\/wp-json\/wp\/v2\/comments?post=2685"}],"wp:featuredmedia":[{"embeddable":true,"href":"https:\/\/www.regaloperfectobysary.com\/index.php\/wp-json\/wp\/v2\/media\/2678"}],"wp:attachment":[{"href":"https:\/\/www.regaloperfectobysary.com\/index.php\/wp-json\/wp\/v2\/media?parent=2685"}],"wp:term":[{"taxonomy":"product_brand","embeddable":true,"href":"https:\/\/www.regaloperfectobysary.com\/index.php\/wp-json\/wp\/v2\/product_brand?post=2685"},{"taxonomy":"product_cat","embeddable":true,"href":"https:\/\/www.regaloperfectobysary.com\/index.php\/wp-json\/wp\/v2\/product_cat?post=2685"},{"taxonomy":"product_tag","embeddable":true,"href":"https:\/\/www.regaloperfectobysary.com\/index.php\/wp-json\/wp\/v2\/product_tag?post=2685"}],"curies":[{"name":"wp","href":"https:\/\/api.w.org\/{rel}","templated":true}]}}