{"id":2683,"date":"2024-04-13T22:55:43","date_gmt":"2024-04-13T20:55:43","guid":{"rendered":"https:\/\/www.regaloperfectobysary.com\/?post_type=product&#038;p=2683"},"modified":"2024-11-15T00:53:10","modified_gmt":"2024-11-14T23:53:10","slug":"champu-salviapera","status":"publish","type":"product","link":"https:\/\/www.regaloperfectobysary.com\/index.php\/producto\/champu-salviapera\/","title":{"rendered":"Champ\u00fa M. Salvia + Pera"},"content":{"rendered":"<p>\ud83c\uddea\ud83c\uddf8 Champ\u00fa afrutado de Melado con:<\/p>\n<p>Extracto de salvia que regula las gl\u00e1ndulas seb\u00e1ceas gracias a sus propiedades antiinflamatorias.<\/p>\n<p>Extracto de pera que fortalece el cabello desde la ra\u00edz hasta las puntas. Adem\u00e1s de hidratar, reparar y calmar el cuero cabelludo irritado.<\/p>\n<p>\ud83c\uddf5\ud83c\uddf9 Shampoo frutado Melado com:<\/p>\n<p>Extrato de salva que regula as gl\u00e2ndulas seb\u00e1ceas gra\u00e7as \u00e0s suas propriedades antiinflamat\u00f3rias.<\/p>\n<p>Extrato de p\u00eara que fortalece os cabelos da raiz \u00e0s pontas. Al\u00e9m de hidratar, reparar e acalmar o couro cabeludo irritado.<\/p>\n","protected":false},"excerpt":{"rendered":"<p>\ud83c\uddea\ud83c\uddf8 Champ\u00fa para cabello Graso.<\/p>\n<p>\ud83c\uddf5\ud83c\uddf9 Shampoo para cabelos Oleosos.<\/p>\n","protected":false},"featured_media":2677,"comment_status":"open","ping_status":"closed","template":"","meta":{"_themeisle_gutenberg_block_has_review":false},"product_brand":[],"product_cat":[553,551],"product_tag":[291],"class_list":{"0":"post-2683","1":"product","2":"type-product","3":"status-publish","4":"has-post-thumbnail","6":"product_cat-cuidado-capilar","7":"product_cat-spa","8":"product_tag-melado","10":"first","11":"instock","12":"sale","13":"taxable","14":"shipping-taxable","15":"purchasable","16":"product-type-simple"},"jetpack_sharing_enabled":true,"_links":{"self":[{"href":"https:\/\/www.regaloperfectobysary.com\/index.php\/wp-json\/wp\/v2\/product\/2683","targetHints":{"allow":["GET"]}}],"collection":[{"href":"https:\/\/www.regaloperfectobysary.com\/index.php\/wp-json\/wp\/v2\/product"}],"about":[{"href":"https:\/\/www.regaloperfectobysary.com\/index.php\/wp-json\/wp\/v2\/types\/product"}],"replies":[{"embeddable":true,"href":"https:\/\/www.regaloperfectobysary.com\/index.php\/wp-json\/wp\/v2\/comments?post=2683"}],"wp:featuredmedia":[{"embeddable":true,"href":"https:\/\/www.regaloperfectobysary.com\/index.php\/wp-json\/wp\/v2\/media\/2677"}],"wp:attachment":[{"href":"https:\/\/www.regaloperfectobysary.com\/index.php\/wp-json\/wp\/v2\/media?parent=2683"}],"wp:term":[{"taxonomy":"product_brand","embeddable":true,"href":"https:\/\/www.regaloperfectobysary.com\/index.php\/wp-json\/wp\/v2\/product_brand?post=2683"},{"taxonomy":"product_cat","embeddable":true,"href":"https:\/\/www.regaloperfectobysary.com\/index.php\/wp-json\/wp\/v2\/product_cat?post=2683"},{"taxonomy":"product_tag","embeddable":true,"href":"https:\/\/www.regaloperfectobysary.com\/index.php\/wp-json\/wp\/v2\/product_tag?post=2683"}],"curies":[{"name":"wp","href":"https:\/\/api.w.org\/{rel}","templated":true}]}}