{"id":2610,"date":"2023-12-12T12:20:09","date_gmt":"2023-12-12T11:20:09","guid":{"rendered":"https:\/\/www.regaloperfectobysary.com\/?post_type=product&#038;p=2610"},"modified":"2024-11-14T22:42:46","modified_gmt":"2024-11-14T21:42:46","slug":"gel-ducha-crema-jabon","status":"publish","type":"product","link":"https:\/\/www.regaloperfectobysary.com\/index.php\/producto\/gel-ducha-crema-jabon\/","title":{"rendered":"Gel Ducha Crema Jab\u00f3n"},"content":{"rendered":"<p>\ud83c\uddea\ud83c\uddf8 El Set D\u00fao Crema de Jab\u00f3n est\u00e1 compuesto por:<\/p>\n<p>El <strong>Gel Crema de Jab\u00f3n<\/strong> incorpora a su f\u00f3rmula Glicerina y Vitamina E, ambas aportan un extra de hidrataci\u00f3n y suavidad a la piel, ayudando a regenerarla gracias al poder de esta vitamina. Junto con la Glicerina, proporcionan un efecto anti envejecimiento que mantiene la piel radiante e hidratada. Su agradable fragancia, te permitir\u00e1 disfrutar del placer del ba\u00f1o cada d\u00eda. Recomendado si necesitas un extra de hidrataci\u00f3n y cremosidad para tu piel. Libre de Parabenos.<\/p>\n<p>\ud83c\uddf5\ud83c\uddf9 O Set D\u00fao Creme de Sabonete\u00a0est\u00e1 composto por:<\/p>\n<p>O <strong>Gel<\/strong> <strong>Creme de Sabonete<\/strong> incorpora Glicerina e Vitamina E em sua f\u00f3rmula, ambas proporcionam hidrata\u00e7\u00e3o e maciez extra \u00e0 pele, ajudando a regener\u00e1-la gra\u00e7as ao poder desta vitamina. Juntamente com a Glicerina, proporcionam um efeito antienvelhecimento que mant\u00e9m a pele radiante e hidratada. A sua agrad\u00e1vel fragr\u00e2ncia vai permitir-te desfrutar do prazer do banho todos os dias. Recomendado se precisas de hidrata\u00e7\u00e3o e cremosidade extra para tua pele. Livre de Parabenos.<\/p>\n<p>&nbsp;<\/p>\n","protected":false},"excerpt":{"rendered":"<p>\ud83c\uddea\ud83c\uddf8 Incorpora a su f\u00f3rmula Glicerina y Vitamina E, ambas aportan un extra de hidrataci\u00f3n y suavidad a la piel, ayudando a regenerarla gracias al poder de esta vitamina.<\/p>\n<p>\ud83c\uddf5\ud83c\uddf9 Incorpora Glicerina e Vitamina E em sua f\u00f3rmula, ambas proporcionam hidrata\u00e7\u00e3o e maciez extra \u00e0 pele, ajudando a regener\u00e1-la gra\u00e7as ao poder desta vitamina.<\/p>\n","protected":false},"featured_media":4499,"comment_status":"open","ping_status":"closed","template":"","meta":{"_themeisle_gutenberg_block_has_review":false},"product_brand":[],"product_cat":[555,645,639,551],"product_tag":[245],"class_list":{"0":"post-2610","1":"product","2":"type-product","3":"status-publish","4":"has-post-thumbnail","6":"product_cat-cuidado-personal","7":"product_cat-cuidado-personal-hombres","8":"product_cat-hombres","9":"product_cat-spa","10":"product_tag-tulipan-negro","12":"first","13":"onbackorder","14":"sale","15":"taxable","16":"shipping-taxable","17":"purchasable","18":"product-type-simple"},"jetpack_sharing_enabled":true,"_links":{"self":[{"href":"https:\/\/www.regaloperfectobysary.com\/index.php\/wp-json\/wp\/v2\/product\/2610","targetHints":{"allow":["GET"]}}],"collection":[{"href":"https:\/\/www.regaloperfectobysary.com\/index.php\/wp-json\/wp\/v2\/product"}],"about":[{"href":"https:\/\/www.regaloperfectobysary.com\/index.php\/wp-json\/wp\/v2\/types\/product"}],"replies":[{"embeddable":true,"href":"https:\/\/www.regaloperfectobysary.com\/index.php\/wp-json\/wp\/v2\/comments?post=2610"}],"wp:featuredmedia":[{"embeddable":true,"href":"https:\/\/www.regaloperfectobysary.com\/index.php\/wp-json\/wp\/v2\/media\/4499"}],"wp:attachment":[{"href":"https:\/\/www.regaloperfectobysary.com\/index.php\/wp-json\/wp\/v2\/media?parent=2610"}],"wp:term":[{"taxonomy":"product_brand","embeddable":true,"href":"https:\/\/www.regaloperfectobysary.com\/index.php\/wp-json\/wp\/v2\/product_brand?post=2610"},{"taxonomy":"product_cat","embeddable":true,"href":"https:\/\/www.regaloperfectobysary.com\/index.php\/wp-json\/wp\/v2\/product_cat?post=2610"},{"taxonomy":"product_tag","embeddable":true,"href":"https:\/\/www.regaloperfectobysary.com\/index.php\/wp-json\/wp\/v2\/product_tag?post=2610"}],"curies":[{"name":"wp","href":"https:\/\/api.w.org\/{rel}","templated":true}]}}