{"id":2608,"date":"2023-12-12T12:15:07","date_gmt":"2023-12-12T11:15:07","guid":{"rendered":"https:\/\/www.regaloperfectobysary.com\/?post_type=product&#038;p=2608"},"modified":"2024-11-14T22:31:16","modified_gmt":"2024-11-14T21:31:16","slug":"gel-ducha-aloe-jojoba","status":"publish","type":"product","link":"https:\/\/www.regaloperfectobysary.com\/index.php\/producto\/gel-ducha-aloe-jojoba\/","title":{"rendered":"Gel Ducha Aloe Vera &#038; Jojoba"},"content":{"rendered":"<p>\ud83c\uddea\ud83c\uddf8 Qu\u00e9 pueden hacer por ti los aceites naturales y emolientes propios del Aloe Vera &amp; la Jojoba? Reestructurar el equilibrio de la piel, calmarla, darle cremosidad y frescor\u2026 adem\u00e1s de suavizarla e hidratarla. Por todo ello, tenemos este <strong>Gel de Aloe Vera &amp; Jojoba<\/strong> de Ba\u00f1o y Ducha, para que no tengas que andar buscando distintos productos que te ofrezcan todas esas sensaciones, si no que puedas encontrarlos todos en uno. Su aroma suave y delicado te encantar\u00e1.<\/p>\n<p>Recomendado si quieres ba\u00f1arte entre las propiedades y el aroma del Aloe Vera y la Jojoba y adem\u00e1s esperas que tu gel sea respetuoso con tu piel, sin parabenos ni conservantes.<\/p>\n<p>\ud83c\uddf5\ud83c\uddf9 O que os \u00f3leos naturais e emolientes da Aloe Vera &amp; Jojoba podem fazer por ti? Reestrutura o equil\u00edbrio da pele, acalma-a, confere-lhe cremosidade e frescura&#8230; al\u00e9m de amaci\u00e1-la e hidrat\u00e1-la. Por todas estas raz\u00f5es, criaram este <strong>Gel Aloe Vera &amp; Jojoba<\/strong> de banho e duche, para que n\u00e3o tenhas que procurar produtos diferentes que te ofere\u00e7am todas essas sensa\u00e7\u00f5es, mas sim para que os encontres todos num s\u00f3. Vais adorar seu aroma suave e delicado.<\/p>\n<p>Recomendado se desejas dar-te um banho nas propriedades e aromas da Aloe Vera &amp; Jojoba e tamb\u00e9m se esperas que o teu gel respeite a tua pele, sem parabenos sem conservantes.<\/p>\n<p>&nbsp;<\/p>\n","protected":false},"excerpt":{"rendered":"<p>\ud83c\uddea\ud83c\uddf8 No necesitas buscar distintos productos que te ofrezcan lo mejor para tu piel, en este gel los encontrar\u00e1s.<\/p>\n<p>\ud83c\uddf5\ud83c\uddf9 N\u00e3o precisas de procurar produtos diversos que te ofere\u00e7am o melhor para a tua pele, neste gel vais encontra-los.<\/p>\n","protected":false},"featured_media":4491,"comment_status":"open","ping_status":"closed","template":"","meta":{"_themeisle_gutenberg_block_has_review":false},"product_brand":[],"product_cat":[555,645,639,551],"product_tag":[245],"class_list":{"0":"post-2608","1":"product","2":"type-product","3":"status-publish","4":"has-post-thumbnail","6":"product_cat-cuidado-personal","7":"product_cat-cuidado-personal-hombres","8":"product_cat-hombres","9":"product_cat-spa","10":"product_tag-tulipan-negro","12":"first","13":"onbackorder","14":"sale","15":"taxable","16":"shipping-taxable","17":"purchasable","18":"product-type-simple"},"jetpack_sharing_enabled":true,"_links":{"self":[{"href":"https:\/\/www.regaloperfectobysary.com\/index.php\/wp-json\/wp\/v2\/product\/2608","targetHints":{"allow":["GET"]}}],"collection":[{"href":"https:\/\/www.regaloperfectobysary.com\/index.php\/wp-json\/wp\/v2\/product"}],"about":[{"href":"https:\/\/www.regaloperfectobysary.com\/index.php\/wp-json\/wp\/v2\/types\/product"}],"replies":[{"embeddable":true,"href":"https:\/\/www.regaloperfectobysary.com\/index.php\/wp-json\/wp\/v2\/comments?post=2608"}],"wp:featuredmedia":[{"embeddable":true,"href":"https:\/\/www.regaloperfectobysary.com\/index.php\/wp-json\/wp\/v2\/media\/4491"}],"wp:attachment":[{"href":"https:\/\/www.regaloperfectobysary.com\/index.php\/wp-json\/wp\/v2\/media?parent=2608"}],"wp:term":[{"taxonomy":"product_brand","embeddable":true,"href":"https:\/\/www.regaloperfectobysary.com\/index.php\/wp-json\/wp\/v2\/product_brand?post=2608"},{"taxonomy":"product_cat","embeddable":true,"href":"https:\/\/www.regaloperfectobysary.com\/index.php\/wp-json\/wp\/v2\/product_cat?post=2608"},{"taxonomy":"product_tag","embeddable":true,"href":"https:\/\/www.regaloperfectobysary.com\/index.php\/wp-json\/wp\/v2\/product_tag?post=2608"}],"curies":[{"name":"wp","href":"https:\/\/api.w.org\/{rel}","templated":true}]}}