{"id":2605,"date":"2023-12-12T12:10:04","date_gmt":"2023-12-12T11:10:04","guid":{"rendered":"https:\/\/www.regaloperfectobysary.com\/?post_type=product&#038;p=2605"},"modified":"2024-11-14T12:57:12","modified_gmt":"2024-11-14T11:57:12","slug":"gel-ducha-algodon-talco","status":"publish","type":"product","link":"https:\/\/www.regaloperfectobysary.com\/index.php\/producto\/gel-ducha-algodon-talco\/","title":{"rendered":"Gel Ducha Algod\u00f3n &#038; Talco"},"content":{"rendered":"<p>\ud83c\uddea\ud83c\uddf8 El <strong>Gel Algod\u00f3n &amp; Talco<\/strong>. Es perfecto para sentirte en una nube\u2026 en una nube de algod\u00f3n. Su fragancia de Talco har\u00e1 que te relajes y calmes tu piel. Sus propiedades regeneradoras y nutritivas evitan la humedad en tu piel, eliminando la deshidrataci\u00f3n, y aport\u00e1ndole ese toque jugoso y de elasticidad que tanto necesitamos para sentirnos bien. Recomendado si te gusta que tu gel est\u00e9 Libre de Parabenos, Colorantes, posea un aroma fresco, con propiedades del Algod\u00f3n &amp; el Talco.<\/p>\n<p>\ud83c\uddf5\ud83c\uddf9 O <strong>Gel Algod\u00e3o &amp; Talco<\/strong>. \u00c9 perfeito para sentir em uma nuvem&#8230; em uma nuvem de algod\u00e3o. Sua fragr\u00e2ncia de Talco fara-te relaxar e acalmar tua pele. As suas propriedades regeneradoras e nutritivas evitam a entrada de humidade na pele, eliminando a desidrata\u00e7\u00e3o e conferindo-lhe aquele toque suculento e a elasticidade que tanto necessitamos para nos sentirmos bem. Recomendado se gostas que o teu gel seja Livre de Parabenos, Corantes, \u00a0tenha aroma fresco, propriedades de Algod\u00e3o &amp; Talco.<\/p>\n<p>&nbsp;<\/p>\n","protected":false},"excerpt":{"rendered":"<p>\ud83c\uddea\ud83c\uddf8 Su fragancia de Talco har\u00e1 que te relajes y calmes tu piel.<\/p>\n<p>\ud83c\uddf5\ud83c\uddf9 Sua fragr\u00e2ncia de Talco fara-te relaxar e acalmar tua pele.<\/p>\n","protected":false},"featured_media":4490,"comment_status":"open","ping_status":"closed","template":"","meta":{"_themeisle_gutenberg_block_has_review":false},"product_brand":[],"product_cat":[555,645,639,551],"product_tag":[245],"class_list":{"0":"post-2605","1":"product","2":"type-product","3":"status-publish","4":"has-post-thumbnail","6":"product_cat-cuidado-personal","7":"product_cat-cuidado-personal-hombres","8":"product_cat-hombres","9":"product_cat-spa","10":"product_tag-tulipan-negro","12":"first","13":"onbackorder","14":"sale","15":"taxable","16":"shipping-taxable","17":"purchasable","18":"product-type-simple"},"jetpack_sharing_enabled":true,"_links":{"self":[{"href":"https:\/\/www.regaloperfectobysary.com\/index.php\/wp-json\/wp\/v2\/product\/2605","targetHints":{"allow":["GET"]}}],"collection":[{"href":"https:\/\/www.regaloperfectobysary.com\/index.php\/wp-json\/wp\/v2\/product"}],"about":[{"href":"https:\/\/www.regaloperfectobysary.com\/index.php\/wp-json\/wp\/v2\/types\/product"}],"replies":[{"embeddable":true,"href":"https:\/\/www.regaloperfectobysary.com\/index.php\/wp-json\/wp\/v2\/comments?post=2605"}],"wp:featuredmedia":[{"embeddable":true,"href":"https:\/\/www.regaloperfectobysary.com\/index.php\/wp-json\/wp\/v2\/media\/4490"}],"wp:attachment":[{"href":"https:\/\/www.regaloperfectobysary.com\/index.php\/wp-json\/wp\/v2\/media?parent=2605"}],"wp:term":[{"taxonomy":"product_brand","embeddable":true,"href":"https:\/\/www.regaloperfectobysary.com\/index.php\/wp-json\/wp\/v2\/product_brand?post=2605"},{"taxonomy":"product_cat","embeddable":true,"href":"https:\/\/www.regaloperfectobysary.com\/index.php\/wp-json\/wp\/v2\/product_cat?post=2605"},{"taxonomy":"product_tag","embeddable":true,"href":"https:\/\/www.regaloperfectobysary.com\/index.php\/wp-json\/wp\/v2\/product_tag?post=2605"}],"curies":[{"name":"wp","href":"https:\/\/api.w.org\/{rel}","templated":true}]}}