{"id":2602,"date":"2023-12-12T12:05:54","date_gmt":"2023-12-12T11:05:54","guid":{"rendered":"https:\/\/www.regaloperfectobysary.com\/?post_type=product&#038;p=2602"},"modified":"2024-11-14T12:48:37","modified_gmt":"2024-11-14T11:48:37","slug":"gel-ducha-original","status":"publish","type":"product","link":"https:\/\/www.regaloperfectobysary.com\/index.php\/producto\/gel-ducha-original\/","title":{"rendered":"Gel Ducha Original"},"content":{"rendered":"<p>\ud83c\uddea\ud83c\uddf8 El<strong> Gel Original<\/strong> con extracto de Sauce y Clorofila Fresh Skin, es el b\u00e1sico que nunca falla, ya que proporciona una acci\u00f3n desodorante y protectora con ingredientes escogidos con mucho cari\u00f1o y una fragancia de toda la vida. Recomendado si te gusta el aroma familiar. Es uno de los cl\u00e1sicos en el mundo del cuidado personal, adem\u00e1s de ser un gel que respeta tu piel, Libre de Parabenos &amp; Colorantes.<\/p>\n<p>\ud83c\uddf5\ud83c\uddf9 O<strong> Gel Original<\/strong> com Extrato de Salgueiro e Clorofila Fresh Skin \u00e9 o b\u00e1sico que nunca falha, pois proporciona a\u00e7\u00e3o desodorante e protetora com ingredientes cuidadosamente escolhidos e fragr\u00e2ncia para toda a vida. Recomendado se gostas do perfume familiar. \u00c9 um dos cl\u00e1ssicos do mundo dos cuidados pessoais, al\u00e9m de ser um gel que respeita a sua pele, Livre de Parabenos &amp; Corantes.<\/p>\n<p>&nbsp;<\/p>\n","protected":false},"excerpt":{"rendered":"<p>\ud83c\uddea\ud83c\uddf8 Este gel es uno de los cl\u00e1sicos en el mundo del cuidado personal, adem\u00e1s de ser un gel que respeta tu piel, Libre de Parabenos &amp; Colorantes.<\/p>\n<p>\ud83c\uddf5\ud83c\uddf9 Este gel \u00e9 um dos cl\u00e1ssicos do mundo dos cuidados pessoais, al\u00e9m de ser um gel que respeita a sua pele, Livre de Parabenos &amp; Corantes.<\/p>\n<p>&nbsp;<\/p>\n","protected":false},"featured_media":4502,"comment_status":"open","ping_status":"closed","template":"","meta":{"_themeisle_gutenberg_block_has_review":false},"product_brand":[],"product_cat":[555,645,639,551],"product_tag":[245],"class_list":{"0":"post-2602","1":"product","2":"type-product","3":"status-publish","4":"has-post-thumbnail","6":"product_cat-cuidado-personal","7":"product_cat-cuidado-personal-hombres","8":"product_cat-hombres","9":"product_cat-spa","10":"product_tag-tulipan-negro","12":"first","13":"onbackorder","14":"sale","15":"taxable","16":"shipping-taxable","17":"purchasable","18":"product-type-simple"},"jetpack_sharing_enabled":true,"_links":{"self":[{"href":"https:\/\/www.regaloperfectobysary.com\/index.php\/wp-json\/wp\/v2\/product\/2602","targetHints":{"allow":["GET"]}}],"collection":[{"href":"https:\/\/www.regaloperfectobysary.com\/index.php\/wp-json\/wp\/v2\/product"}],"about":[{"href":"https:\/\/www.regaloperfectobysary.com\/index.php\/wp-json\/wp\/v2\/types\/product"}],"replies":[{"embeddable":true,"href":"https:\/\/www.regaloperfectobysary.com\/index.php\/wp-json\/wp\/v2\/comments?post=2602"}],"wp:featuredmedia":[{"embeddable":true,"href":"https:\/\/www.regaloperfectobysary.com\/index.php\/wp-json\/wp\/v2\/media\/4502"}],"wp:attachment":[{"href":"https:\/\/www.regaloperfectobysary.com\/index.php\/wp-json\/wp\/v2\/media?parent=2602"}],"wp:term":[{"taxonomy":"product_brand","embeddable":true,"href":"https:\/\/www.regaloperfectobysary.com\/index.php\/wp-json\/wp\/v2\/product_brand?post=2602"},{"taxonomy":"product_cat","embeddable":true,"href":"https:\/\/www.regaloperfectobysary.com\/index.php\/wp-json\/wp\/v2\/product_cat?post=2602"},{"taxonomy":"product_tag","embeddable":true,"href":"https:\/\/www.regaloperfectobysary.com\/index.php\/wp-json\/wp\/v2\/product_tag?post=2602"}],"curies":[{"name":"wp","href":"https:\/\/api.w.org\/{rel}","templated":true}]}}