{"id":2601,"date":"2023-12-12T14:00:18","date_gmt":"2023-12-12T13:00:18","guid":{"rendered":"https:\/\/www.regaloperfectobysary.com\/?post_type=product&#038;p=2601"},"modified":"2024-11-14T12:31:27","modified_gmt":"2024-11-14T11:31:27","slug":"gel-ducha-black-ginseng","status":"publish","type":"product","link":"https:\/\/www.regaloperfectobysary.com\/index.php\/producto\/gel-ducha-black-ginseng\/","title":{"rendered":"Gel Ducha Black Ginseng"},"content":{"rendered":"<p>\ud83c\uddea\ud83c\uddf8 El gel de lujo <em>Black Ginseng For Men <\/em>incorpora a su f\u00f3rmula exclusiva un novedoso y especial perfume, que junto con el efecto del Ginseng, te proporcionar\u00e1 una sensaci\u00f3n \u00fanica, placentera y estimulante. Recomendado si quieres un gel con perfume masculino muy refinado, Libre de Parabenos &amp; Colorantes.<\/p>\n<p>\ud83c\uddf5\ud83c\uddf9 O luxuoso gel Black Ginseng For Men incorpora em sua f\u00f3rmula exclusiva um perfume novo e especial, que junto com o efeito do Ginseng, proporcionar\u00e1 uma sensa\u00e7\u00e3o \u00fanica, agrad\u00e1vel e estimulante. Recomendado se desejas um gel com perfume masculino muito refinado e livre de Parabenos e Corantes.<\/p>\n<p>&nbsp;<\/p>\n","protected":false},"excerpt":{"rendered":"<p>\ud83c\uddea\ud83c\uddf8 Recomendado si quieres un gel con perfume masculino muy refinado, Libre de Parabenos &amp; Colorantes.<\/p>\n<p>\ud83c\uddf5\ud83c\uddf9 Recomendado se desejas um gel com perfume masculino muito refinado, livre de Parabenos &amp; Corantes.<\/p>\n<p>&nbsp;<\/p>\n","protected":false},"featured_media":4487,"comment_status":"open","ping_status":"closed","template":"","meta":{"_themeisle_gutenberg_block_has_review":false},"product_brand":[],"product_cat":[645,639],"product_tag":[245],"class_list":{"0":"post-2601","1":"product","2":"type-product","3":"status-publish","4":"has-post-thumbnail","6":"product_cat-cuidado-personal-hombres","7":"product_cat-hombres","8":"product_tag-tulipan-negro","10":"first","11":"onbackorder","12":"sale","13":"taxable","14":"shipping-taxable","15":"purchasable","16":"product-type-simple"},"jetpack_sharing_enabled":true,"_links":{"self":[{"href":"https:\/\/www.regaloperfectobysary.com\/index.php\/wp-json\/wp\/v2\/product\/2601","targetHints":{"allow":["GET"]}}],"collection":[{"href":"https:\/\/www.regaloperfectobysary.com\/index.php\/wp-json\/wp\/v2\/product"}],"about":[{"href":"https:\/\/www.regaloperfectobysary.com\/index.php\/wp-json\/wp\/v2\/types\/product"}],"replies":[{"embeddable":true,"href":"https:\/\/www.regaloperfectobysary.com\/index.php\/wp-json\/wp\/v2\/comments?post=2601"}],"wp:featuredmedia":[{"embeddable":true,"href":"https:\/\/www.regaloperfectobysary.com\/index.php\/wp-json\/wp\/v2\/media\/4487"}],"wp:attachment":[{"href":"https:\/\/www.regaloperfectobysary.com\/index.php\/wp-json\/wp\/v2\/media?parent=2601"}],"wp:term":[{"taxonomy":"product_brand","embeddable":true,"href":"https:\/\/www.regaloperfectobysary.com\/index.php\/wp-json\/wp\/v2\/product_brand?post=2601"},{"taxonomy":"product_cat","embeddable":true,"href":"https:\/\/www.regaloperfectobysary.com\/index.php\/wp-json\/wp\/v2\/product_cat?post=2601"},{"taxonomy":"product_tag","embeddable":true,"href":"https:\/\/www.regaloperfectobysary.com\/index.php\/wp-json\/wp\/v2\/product_tag?post=2601"}],"curies":[{"name":"wp","href":"https:\/\/api.w.org\/{rel}","templated":true}]}}