{"id":2545,"date":"2024-01-03T23:45:03","date_gmt":"2024-01-03T22:45:03","guid":{"rendered":"https:\/\/www.regaloperfectobysary.com\/?post_type=product&#038;p=2545"},"modified":"2024-11-15T01:20:17","modified_gmt":"2024-11-15T00:20:17","slug":"actoner-zero-encias-sensibles","status":"publish","type":"product","link":"https:\/\/www.regaloperfectobysary.com\/index.php\/producto\/actoner-zero-encias-sensibles\/","title":{"rendered":"Actoner Zero Enc\u00edas Sensibles"},"content":{"rendered":"<p>\ud83c\uddea\ud83c\uddf8 Enjuague Bucal Actoner Zero Sin Alcohol 0%, pensado para las personas que tienen problemas de sensibilidad en los dientes y desean solventarlo de una manera progresiva y sin efectos adversos. Esta afecci\u00f3n suele producirse como resultado de un cepillado dental inadecuado y demasiado intenso o debido al blanqueamiento dental con el uso de m\u00e9todos invasivos. Recomendado si buscas proteger tus enc\u00edas sensibles, protegerte de las caries y la placa y un sabor fresco y mentolado suave.<\/p>\n<p>\ud83c\uddf5\ud83c\uddf9 Enxaguat\u00f3rio Bucal Actoner Zero Sem \u00c1lcool 0%, pensado para pessoas que t\u00eam problemas de sensibilidade dent\u00e1ria e desejam resolv\u00ea-los de forma progressiva e sem efeitos adversos. Esta condi\u00e7\u00e3o ocorre geralmente como resultado de uma escovagem dent\u00e1ria inadequada e excessivamente intensa ou devido ao branqueamento dent\u00e1rio por m\u00e9todos invasivos. Recomendado se pretendes proteger as tuas gengivas sens\u00edveis, proteger-te das c\u00e1ries e da placa bacteriana e um sabor fresco e suave a menta.<\/p>\n","protected":false},"excerpt":{"rendered":"<p>\ud83c\uddea\ud83c\uddf8 Enjuague Bucal Actoner Zero Sin Alcohol 0%. Fortalece y protege las enc\u00edas sensibles. Inhibe la formaci\u00f3n de la placa bacteriana, reduciendo su acumulaci\u00f3n y previniendo la aparici\u00f3n de caries.<\/p>\n<p>\ud83c\uddf5\ud83c\uddf9 Enxaguat\u00f3rio Bucal Actoner Zero Sem \u00c1lcool 0%. Fortalece e protege as gengivas sens\u00edveis. Inibe a forma\u00e7\u00e3o de placa bacteriana, reduzindo a sua acumula\u00e7\u00e3o e prevenindo o aparecimento de c\u00e1ries.<\/p>\n","protected":false},"featured_media":3797,"comment_status":"open","ping_status":"closed","template":"","meta":{"_themeisle_gutenberg_block_has_review":false},"product_brand":[],"product_cat":[583,551],"product_tag":[259],"class_list":{"0":"post-2545","1":"product","2":"type-product","3":"status-publish","4":"has-post-thumbnail","6":"product_cat-higiene-dental-bucal","7":"product_cat-spa","8":"product_tag-actoner","10":"first","11":"instock","12":"taxable","13":"shipping-taxable","14":"purchasable","15":"product-type-simple"},"jetpack_sharing_enabled":true,"_links":{"self":[{"href":"https:\/\/www.regaloperfectobysary.com\/index.php\/wp-json\/wp\/v2\/product\/2545","targetHints":{"allow":["GET"]}}],"collection":[{"href":"https:\/\/www.regaloperfectobysary.com\/index.php\/wp-json\/wp\/v2\/product"}],"about":[{"href":"https:\/\/www.regaloperfectobysary.com\/index.php\/wp-json\/wp\/v2\/types\/product"}],"replies":[{"embeddable":true,"href":"https:\/\/www.regaloperfectobysary.com\/index.php\/wp-json\/wp\/v2\/comments?post=2545"}],"wp:featuredmedia":[{"embeddable":true,"href":"https:\/\/www.regaloperfectobysary.com\/index.php\/wp-json\/wp\/v2\/media\/3797"}],"wp:attachment":[{"href":"https:\/\/www.regaloperfectobysary.com\/index.php\/wp-json\/wp\/v2\/media?parent=2545"}],"wp:term":[{"taxonomy":"product_brand","embeddable":true,"href":"https:\/\/www.regaloperfectobysary.com\/index.php\/wp-json\/wp\/v2\/product_brand?post=2545"},{"taxonomy":"product_cat","embeddable":true,"href":"https:\/\/www.regaloperfectobysary.com\/index.php\/wp-json\/wp\/v2\/product_cat?post=2545"},{"taxonomy":"product_tag","embeddable":true,"href":"https:\/\/www.regaloperfectobysary.com\/index.php\/wp-json\/wp\/v2\/product_tag?post=2545"}],"curies":[{"name":"wp","href":"https:\/\/api.w.org\/{rel}","templated":true}]}}