{"id":2528,"date":"2024-01-04T01:29:25","date_gmt":"2024-01-04T00:29:25","guid":{"rendered":"https:\/\/www.regaloperfectobysary.com\/?post_type=product&#038;p=2528"},"modified":"2024-11-15T01:18:25","modified_gmt":"2024-11-15T00:18:25","slug":"crema-manos-carita-unicornio","status":"publish","type":"product","link":"https:\/\/www.regaloperfectobysary.com\/index.php\/producto\/crema-manos-carita-unicornio\/","title":{"rendered":"Crema Manos Carita Unicornio"},"content":{"rendered":"<p>\ud83c\uddea\ud83c\uddf8 Cuidar de las manos de los m\u00e1s peques nunca hab\u00eda sido tan divertido! Esta divertida cremita de manos protagonizada por la carita de Unicornio, tiene una textura muy cremosa y se absorbe f\u00e1cilmente. Con aroma a fresa. El producto es hipoalerg\u00e9nico y seguro para la salud del ni\u00f1o. Importante! No recomendable para menores de 3 a\u00f1os.<\/p>\n<p>\ud83c\uddf5\ud83c\uddf9 Cuidar das m\u00e3os dos pequenos nunca foi t\u00e3o divertido! Este divertido creme para as m\u00e3os protagonizado pelo rosto dum Unic\u00f3rnio, tem uma textura muito cremosa e \u00e9 facilmente absorvido. Com aroma de morango. O produto \u00e9 hipoalerg\u00eanico e seguro para a sa\u00fade da crian\u00e7a. Importante! N\u00e3o recomendado para crian\u00e7as menores de 3 anos.<\/p>\n","protected":false},"excerpt":{"rendered":"<p>\ud83c\uddea\ud83c\uddf8 Crema de Manos con carita de Unicornio que le encantar\u00e1 a tu peque y por supuesto, a ti tambi\u00e9n! Con aroma a Fresa.<\/p>\n<p>\ud83c\uddf5\ud83c\uddf9 Creme para as M\u00e3os com carinha dum Unic\u00f3rnio que a tua pequena vai adorar e claro, t\u00fa tamb\u00e9m! Com aroma de Morango.<\/p>\n","protected":false},"featured_media":3263,"comment_status":"open","ping_status":"closed","template":"","meta":{"_themeisle_gutenberg_block_has_review":false},"product_brand":[],"product_cat":[597,585],"product_tag":[242],"class_list":{"0":"post-2528","1":"product","2":"type-product","3":"status-publish","4":"has-post-thumbnail","6":"product_cat-cuidados-peques","7":"product_cat-peques","8":"product_tag-martinelia","10":"first","11":"instock","12":"taxable","13":"shipping-taxable","14":"purchasable","15":"product-type-simple"},"jetpack_sharing_enabled":true,"_links":{"self":[{"href":"https:\/\/www.regaloperfectobysary.com\/index.php\/wp-json\/wp\/v2\/product\/2528","targetHints":{"allow":["GET"]}}],"collection":[{"href":"https:\/\/www.regaloperfectobysary.com\/index.php\/wp-json\/wp\/v2\/product"}],"about":[{"href":"https:\/\/www.regaloperfectobysary.com\/index.php\/wp-json\/wp\/v2\/types\/product"}],"replies":[{"embeddable":true,"href":"https:\/\/www.regaloperfectobysary.com\/index.php\/wp-json\/wp\/v2\/comments?post=2528"}],"wp:featuredmedia":[{"embeddable":true,"href":"https:\/\/www.regaloperfectobysary.com\/index.php\/wp-json\/wp\/v2\/media\/3263"}],"wp:attachment":[{"href":"https:\/\/www.regaloperfectobysary.com\/index.php\/wp-json\/wp\/v2\/media?parent=2528"}],"wp:term":[{"taxonomy":"product_brand","embeddable":true,"href":"https:\/\/www.regaloperfectobysary.com\/index.php\/wp-json\/wp\/v2\/product_brand?post=2528"},{"taxonomy":"product_cat","embeddable":true,"href":"https:\/\/www.regaloperfectobysary.com\/index.php\/wp-json\/wp\/v2\/product_cat?post=2528"},{"taxonomy":"product_tag","embeddable":true,"href":"https:\/\/www.regaloperfectobysary.com\/index.php\/wp-json\/wp\/v2\/product_tag?post=2528"}],"curies":[{"name":"wp","href":"https:\/\/api.w.org\/{rel}","templated":true}]}}