{"id":2523,"date":"2024-03-20T01:25:05","date_gmt":"2024-03-20T00:25:05","guid":{"rendered":"https:\/\/www.regaloperfectobysary.com\/?post_type=product&#038;p=2523"},"modified":"2024-11-14T23:20:24","modified_gmt":"2024-11-14T22:20:24","slug":"gel-ducha-azul-patrulla-canina","status":"publish","type":"product","link":"https:\/\/www.regaloperfectobysary.com\/index.php\/producto\/gel-ducha-azul-patrulla-canina\/","title":{"rendered":"Gel Ducha (Azul) Patrulla Canina"},"content":{"rendered":"<p>\ud83c\uddea\ud83c\uddf8 Haz sonre\u00edr a tus hijos cada vez que los ba\u00f1es. El gel de ducha para ni\u00f1os Nickelodeon Paw Patrol (azul) tiene un dise\u00f1o divertido y el producto es respetuoso con la piel infantil. Con aroma dulce afrutado.<\/p>\n<p>\ud83c\uddf5\ud83c\uddf9 Faz os teus filhos sorrirem cada vez que forem tomar banho. O gel de banho infantil Nickelodeon Paw Patrol (azul) tem um desenho divertido e o produto respeita a pele das crian\u00e7as. Com aroma frutado doce.<\/p>\n","protected":false},"excerpt":{"rendered":"<p>\ud83c\uddea\ud83c\uddf8 Gel de ducha para ni\u00f1os Nickelodeon Paw Patrol (azul). Con aroma dulce afrutado.<\/p>\n<p>\ud83c\uddf5\ud83c\uddf9 Gel de banho infantil Nickelodeon Paw Patrol (azul). Com aroma frutado doce.<\/p>\n","protected":false},"featured_media":3365,"comment_status":"open","ping_status":"closed","template":"","meta":{"_themeisle_gutenberg_block_has_review":false},"product_brand":[],"product_cat":[597,585],"product_tag":[296,294,295,241],"class_list":{"0":"post-2523","1":"product","2":"type-product","3":"status-publish","4":"has-post-thumbnail","6":"product_cat-cuidados-peques","7":"product_cat-peques","8":"product_tag-nickelodeon","9":"product_tag-patrulla-canina","10":"product_tag-paw-patrol","11":"product_tag-sence","13":"first","14":"outofstock","15":"taxable","16":"shipping-taxable","17":"purchasable","18":"product-type-simple"},"jetpack_sharing_enabled":true,"_links":{"self":[{"href":"https:\/\/www.regaloperfectobysary.com\/index.php\/wp-json\/wp\/v2\/product\/2523","targetHints":{"allow":["GET"]}}],"collection":[{"href":"https:\/\/www.regaloperfectobysary.com\/index.php\/wp-json\/wp\/v2\/product"}],"about":[{"href":"https:\/\/www.regaloperfectobysary.com\/index.php\/wp-json\/wp\/v2\/types\/product"}],"replies":[{"embeddable":true,"href":"https:\/\/www.regaloperfectobysary.com\/index.php\/wp-json\/wp\/v2\/comments?post=2523"}],"wp:featuredmedia":[{"embeddable":true,"href":"https:\/\/www.regaloperfectobysary.com\/index.php\/wp-json\/wp\/v2\/media\/3365"}],"wp:attachment":[{"href":"https:\/\/www.regaloperfectobysary.com\/index.php\/wp-json\/wp\/v2\/media?parent=2523"}],"wp:term":[{"taxonomy":"product_brand","embeddable":true,"href":"https:\/\/www.regaloperfectobysary.com\/index.php\/wp-json\/wp\/v2\/product_brand?post=2523"},{"taxonomy":"product_cat","embeddable":true,"href":"https:\/\/www.regaloperfectobysary.com\/index.php\/wp-json\/wp\/v2\/product_cat?post=2523"},{"taxonomy":"product_tag","embeddable":true,"href":"https:\/\/www.regaloperfectobysary.com\/index.php\/wp-json\/wp\/v2\/product_tag?post=2523"}],"curies":[{"name":"wp","href":"https:\/\/api.w.org\/{rel}","templated":true}]}}