{"id":2518,"date":"2024-02-12T00:05:03","date_gmt":"2024-02-11T23:05:03","guid":{"rendered":"https:\/\/www.regaloperfectobysary.com\/?post_type=product&#038;p=2518"},"modified":"2024-11-15T01:13:25","modified_gmt":"2024-11-15T00:13:25","slug":"mini-crema-manos-hada-funda","status":"publish","type":"product","link":"https:\/\/www.regaloperfectobysary.com\/index.php\/producto\/mini-crema-manos-hada-funda\/","title":{"rendered":"Mini Crema Manos Hada + Funda"},"content":{"rendered":"<p>\ud83c\uddea\ud83c\uddf8 Crema hidratante de manos en formato mini con funda de silicona lila con asa. Con aroma a fresa y ar\u00e1ndanos. Ideal para llevar colgada en el bolso. Dise\u00f1o Hada.<\/p>\n<p>\ud83c\uddf5\ud83c\uddf9 Creme hidratante para as m\u00e3os em formato mini com estojo de silicone lil\u00e1s com al\u00e7a. Com aroma de morango e mirtilo. Ideal para levar pendurado na bolsa. Desenho Fada.<\/p>\n","protected":false},"excerpt":{"rendered":"<p>\ud83c\uddea\ud83c\uddf8 Crema hidratante de manos en formato mini con funda lila. Dise\u00f1o Hada.<\/p>\n<p>\ud83c\uddf5\ud83c\uddf9 Creme hidratante para as m\u00e3os em formato mini com estojo lil\u00e1s. Desenho Fada.<\/p>\n","protected":false},"featured_media":3349,"comment_status":"open","ping_status":"closed","template":"","meta":{"_themeisle_gutenberg_block_has_review":false},"product_brand":[],"product_cat":[597,585],"product_tag":[242],"class_list":{"0":"post-2518","1":"product","2":"type-product","3":"status-publish","4":"has-post-thumbnail","6":"product_cat-cuidados-peques","7":"product_cat-peques","8":"product_tag-martinelia","10":"first","11":"instock","12":"taxable","13":"shipping-taxable","14":"purchasable","15":"product-type-simple"},"jetpack_sharing_enabled":true,"_links":{"self":[{"href":"https:\/\/www.regaloperfectobysary.com\/index.php\/wp-json\/wp\/v2\/product\/2518","targetHints":{"allow":["GET"]}}],"collection":[{"href":"https:\/\/www.regaloperfectobysary.com\/index.php\/wp-json\/wp\/v2\/product"}],"about":[{"href":"https:\/\/www.regaloperfectobysary.com\/index.php\/wp-json\/wp\/v2\/types\/product"}],"replies":[{"embeddable":true,"href":"https:\/\/www.regaloperfectobysary.com\/index.php\/wp-json\/wp\/v2\/comments?post=2518"}],"wp:featuredmedia":[{"embeddable":true,"href":"https:\/\/www.regaloperfectobysary.com\/index.php\/wp-json\/wp\/v2\/media\/3349"}],"wp:attachment":[{"href":"https:\/\/www.regaloperfectobysary.com\/index.php\/wp-json\/wp\/v2\/media?parent=2518"}],"wp:term":[{"taxonomy":"product_brand","embeddable":true,"href":"https:\/\/www.regaloperfectobysary.com\/index.php\/wp-json\/wp\/v2\/product_brand?post=2518"},{"taxonomy":"product_cat","embeddable":true,"href":"https:\/\/www.regaloperfectobysary.com\/index.php\/wp-json\/wp\/v2\/product_cat?post=2518"},{"taxonomy":"product_tag","embeddable":true,"href":"https:\/\/www.regaloperfectobysary.com\/index.php\/wp-json\/wp\/v2\/product_tag?post=2518"}],"curies":[{"name":"wp","href":"https:\/\/api.w.org\/{rel}","templated":true}]}}