{"id":2501,"date":"2024-03-23T01:30:56","date_gmt":"2024-03-23T00:30:56","guid":{"rendered":"https:\/\/www.regaloperfectobysary.com\/?post_type=product&#038;p=2501"},"modified":"2024-11-15T00:55:49","modified_gmt":"2024-11-14T23:55:49","slug":"disco-limpieza-azul","status":"publish","type":"product","link":"https:\/\/www.regaloperfectobysary.com\/index.php\/producto\/disco-limpieza-azul\/","title":{"rendered":"Disco Limpieza Azul"},"content":{"rendered":"<p>\ud83c\uddea\ud83c\uddf8 Esponja Desmaquillante Reutilizable de doble cara en color Azul: es suave y se utiliza para la limpieza facial. Amigable con la piel &amp; no la irrita.<\/p>\n<p>\ud83c\uddf5\ud83c\uddf9 Esponja Desmaquilhante Reutiliz\u00e1vel de duas caras na cor Azul: \u00e9 macia e serve para limpeza facial. Amig\u00e1vel \u00e0 pele e n\u00e3o a irrita.<\/p>\n","protected":false},"excerpt":{"rendered":"<p>\ud83c\uddea\ud83c\uddf8 Esponja Desmaquillante Reutilizable de doble cara en color Azul.<\/p>\n<p>\ud83c\uddf5\ud83c\uddf9 Esponja Desmaquilhante Reutiliz\u00e1vel de duas caras na cor Azul.<\/p>\n","protected":false},"featured_media":3269,"comment_status":"open","ping_status":"closed","template":"","meta":{"_themeisle_gutenberg_block_has_review":false},"product_brand":[],"product_cat":[599,551],"product_tag":[272,285],"class_list":{"0":"post-2501","1":"product","2":"type-product","3":"status-publish","4":"has-post-thumbnail","6":"product_cat-rutina-facial","7":"product_cat-spa","8":"product_tag-esponjas","9":"product_tag-limpiador-facial","11":"first","12":"instock","13":"taxable","14":"shipping-taxable","15":"purchasable","16":"product-type-simple"},"jetpack_sharing_enabled":true,"_links":{"self":[{"href":"https:\/\/www.regaloperfectobysary.com\/index.php\/wp-json\/wp\/v2\/product\/2501","targetHints":{"allow":["GET"]}}],"collection":[{"href":"https:\/\/www.regaloperfectobysary.com\/index.php\/wp-json\/wp\/v2\/product"}],"about":[{"href":"https:\/\/www.regaloperfectobysary.com\/index.php\/wp-json\/wp\/v2\/types\/product"}],"replies":[{"embeddable":true,"href":"https:\/\/www.regaloperfectobysary.com\/index.php\/wp-json\/wp\/v2\/comments?post=2501"}],"wp:featuredmedia":[{"embeddable":true,"href":"https:\/\/www.regaloperfectobysary.com\/index.php\/wp-json\/wp\/v2\/media\/3269"}],"wp:attachment":[{"href":"https:\/\/www.regaloperfectobysary.com\/index.php\/wp-json\/wp\/v2\/media?parent=2501"}],"wp:term":[{"taxonomy":"product_brand","embeddable":true,"href":"https:\/\/www.regaloperfectobysary.com\/index.php\/wp-json\/wp\/v2\/product_brand?post=2501"},{"taxonomy":"product_cat","embeddable":true,"href":"https:\/\/www.regaloperfectobysary.com\/index.php\/wp-json\/wp\/v2\/product_cat?post=2501"},{"taxonomy":"product_tag","embeddable":true,"href":"https:\/\/www.regaloperfectobysary.com\/index.php\/wp-json\/wp\/v2\/product_tag?post=2501"}],"curies":[{"name":"wp","href":"https:\/\/api.w.org\/{rel}","templated":true}]}}