{"id":2270,"date":"2024-02-11T01:35:12","date_gmt":"2024-02-11T00:35:12","guid":{"rendered":"https:\/\/www.regaloperfectobysary.com\/?post_type=product&#038;p=2270"},"modified":"2025-08-22T13:35:29","modified_gmt":"2025-08-22T11:35:29","slug":"maquillaje-candy","status":"publish","type":"product","link":"https:\/\/www.regaloperfectobysary.com\/index.php\/producto\/maquillaje-candy\/","title":{"rendered":"Maquillaje Caramelo"},"content":{"rendered":"<p>Con este pack de maquillaje en forma de caramelo, podr\u00e1s disfrutar de una experiencia divertida mientras te maquillas.<\/p>\n<p>Este incre\u00edble set incluye:<\/p>\n<p>*5 sombras de ojos: Descubre un arco\u00edris de posibilidades la paleta de sombras de ojos vibrantes. Desde tonos suaves y dulces hasta colores atrevidos y audaces, las opciones son infinitas para crear looks divertidos y fant\u00e1sticos.<\/p>\n<p>*1 l\u00e1piz labial: Completa el look con el l\u00e1piz labial. Con un tono encantador y juguet\u00f3n, las peque\u00f1as podr\u00e1n agregar un toque final de glamour y brillo a sus labios<\/p>\n","protected":false},"excerpt":{"rendered":"<p>Dale un toque dulce a tu maquillaje con el pack en forma de caramelo.<\/p>\n","protected":false},"featured_media":3347,"comment_status":"open","ping_status":"closed","template":"","meta":{"_themeisle_gutenberg_block_has_review":false},"product_brand":[],"product_cat":[548,585],"product_tag":[242],"class_list":{"0":"post-2270","1":"product","2":"type-product","3":"status-publish","4":"has-post-thumbnail","6":"product_cat-maquillaje-peques","7":"product_cat-peques","8":"product_tag-martinelia","10":"first","11":"onbackorder","12":"taxable","13":"shipping-taxable","14":"purchasable","15":"product-type-simple"},"jetpack_sharing_enabled":true,"_links":{"self":[{"href":"https:\/\/www.regaloperfectobysary.com\/index.php\/wp-json\/wp\/v2\/product\/2270","targetHints":{"allow":["GET"]}}],"collection":[{"href":"https:\/\/www.regaloperfectobysary.com\/index.php\/wp-json\/wp\/v2\/product"}],"about":[{"href":"https:\/\/www.regaloperfectobysary.com\/index.php\/wp-json\/wp\/v2\/types\/product"}],"replies":[{"embeddable":true,"href":"https:\/\/www.regaloperfectobysary.com\/index.php\/wp-json\/wp\/v2\/comments?post=2270"}],"wp:featuredmedia":[{"embeddable":true,"href":"https:\/\/www.regaloperfectobysary.com\/index.php\/wp-json\/wp\/v2\/media\/3347"}],"wp:attachment":[{"href":"https:\/\/www.regaloperfectobysary.com\/index.php\/wp-json\/wp\/v2\/media?parent=2270"}],"wp:term":[{"taxonomy":"product_brand","embeddable":true,"href":"https:\/\/www.regaloperfectobysary.com\/index.php\/wp-json\/wp\/v2\/product_brand?post=2270"},{"taxonomy":"product_cat","embeddable":true,"href":"https:\/\/www.regaloperfectobysary.com\/index.php\/wp-json\/wp\/v2\/product_cat?post=2270"},{"taxonomy":"product_tag","embeddable":true,"href":"https:\/\/www.regaloperfectobysary.com\/index.php\/wp-json\/wp\/v2\/product_tag?post=2270"}],"curies":[{"name":"wp","href":"https:\/\/api.w.org\/{rel}","templated":true}]}}