{"id":1975,"date":"2024-05-22T12:12:56","date_gmt":"2024-05-22T10:12:56","guid":{"rendered":"https:\/\/www.regaloperfectobysary.com\/?post_type=product&#038;p=1975"},"modified":"2024-11-15T00:48:12","modified_gmt":"2024-11-14T23:48:12","slug":"esmalte-top-coat","status":"publish","type":"product","link":"https:\/\/www.regaloperfectobysary.com\/index.php\/producto\/esmalte-top-coat\/","title":{"rendered":"Esmalte Top Coat"},"content":{"rendered":"<p>\ud83c\uddea\ud83c\uddf8 Manicura profesional sin salir de casa con el Esmalte Gel Finish Top Coat + Gel Base Coat.<\/p>\n<p>Quieres lucir unas u\u00f1as brillantes y voluminosas, similar a las u\u00f1as de gel? Cuatro palabras: Gel Finish Top Coat. Con este top coat conseguir\u00e1s unos resultados profesionales, sin necesidad de l\u00e1mpara ultravioleta! Su f\u00f3rmula transparente protege el color de tu esmalte y lo reviste de un brillo reluciente, mientras que su textura en gel maximiza el volumen de tus u\u00f1as de forma visible. Gracias a su filtro ultravioleta, el Gel Finish Top Coat evita que el esmalte se apague o se estropee, al tiempo que lo protege de golpes.<\/p>\n<p>Una base coat con efecto antiestr\u00edas! La Base Coat unifica la superficie de las u\u00f1as de forma visible y te ofrece una base perfecta para aplicar despu\u00e9s tu color favorito. Adem\u00e1s, mejora la resistencia y la duraci\u00f3n del esmalte, evitando las decoloraciones que pudiera causar. Esta base coat tambi\u00e9n es ideal si tienes u\u00f1as fr\u00e1giles o quebradizas, ya que las protege e impide que se rompan y se desconchen. Un complemento perfecto para unas u\u00f1as lisas y bonitas!<\/p>\n<p>\ud83c\uddf5\ud83c\uddf9 Manicure profissional sem sair de casa com o Verniz Gel Finish Top Coat + Gel Base Coat.<\/p>\n<p>Quer exibir unhas brilhantes e volumosas, semelhantes \u00e0s unhas de gel? Quatro palavras: Gel Finish Top Coat. Com este top coat conseguir\u00e1s resultados profissionais, sem a necessidade de l\u00e2mpada ultravioleta! A sua f\u00f3rmula transparente protege a cor do teu esmalte e confere-lhe um brilho brilhante, enquanto a sua textura em gel maximiza visivelmente o volume das tuas unhas. Gra\u00e7as ao seu filtro ultravioleta, o Gel Finish Top Coat evita que o verniz desbote ou estrague, ao mesmo tempo que o protege dos impactos.<\/p>\n<p>Uma base com efeito anti-estrias! O Base Coat unifica visivelmente a superf\u00edcie das unhas e oferece uma base perfeita para posteriormente aplicar a sua cor preferida. Al\u00e9m disso, melhora a resist\u00eancia e durabilidade do esmalte, evitando as descolora\u00e7\u00f5es que pode causar. Esta base tamb\u00e9m \u00e9 ideal se tiver unhas fr\u00e1geis ou quebradi\u00e7as, pois protege-as e evita que quebrem e lasquem. Um complemento perfeito para unhas lisas e bonitas!<\/p>\n","protected":false},"excerpt":{"rendered":"<p>\ud83c\uddea\ud83c\uddf8 Manicura profesional sin salir de casa con el Esmalte Gel Finish Top Coat + Gel Base Coat.<\/p>\n<p>\ud83c\uddf5\ud83c\uddf9 Manicure profissional sem sair de casa com o Verniz Gel Finish Top Coat + Gel Base Coat.<\/p>\n","protected":false},"featured_media":4005,"comment_status":"open","ping_status":"closed","template":"","meta":{"_themeisle_gutenberg_block_has_review":false},"product_brand":[],"product_cat":[519,551],"product_tag":[239],"class_list":{"0":"post-1975","1":"product","2":"type-product","3":"status-publish","4":"has-post-thumbnail","6":"product_cat-manicura-pedicura","7":"product_cat-spa","8":"product_tag-ddonna","10":"first","11":"instock","12":"taxable","13":"shipping-taxable","14":"purchasable","15":"product-type-simple"},"jetpack_sharing_enabled":true,"_links":{"self":[{"href":"https:\/\/www.regaloperfectobysary.com\/index.php\/wp-json\/wp\/v2\/product\/1975","targetHints":{"allow":["GET"]}}],"collection":[{"href":"https:\/\/www.regaloperfectobysary.com\/index.php\/wp-json\/wp\/v2\/product"}],"about":[{"href":"https:\/\/www.regaloperfectobysary.com\/index.php\/wp-json\/wp\/v2\/types\/product"}],"replies":[{"embeddable":true,"href":"https:\/\/www.regaloperfectobysary.com\/index.php\/wp-json\/wp\/v2\/comments?post=1975"}],"wp:featuredmedia":[{"embeddable":true,"href":"https:\/\/www.regaloperfectobysary.com\/index.php\/wp-json\/wp\/v2\/media\/4005"}],"wp:attachment":[{"href":"https:\/\/www.regaloperfectobysary.com\/index.php\/wp-json\/wp\/v2\/media?parent=1975"}],"wp:term":[{"taxonomy":"product_brand","embeddable":true,"href":"https:\/\/www.regaloperfectobysary.com\/index.php\/wp-json\/wp\/v2\/product_brand?post=1975"},{"taxonomy":"product_cat","embeddable":true,"href":"https:\/\/www.regaloperfectobysary.com\/index.php\/wp-json\/wp\/v2\/product_cat?post=1975"},{"taxonomy":"product_tag","embeddable":true,"href":"https:\/\/www.regaloperfectobysary.com\/index.php\/wp-json\/wp\/v2\/product_tag?post=1975"}],"curies":[{"name":"wp","href":"https:\/\/api.w.org\/{rel}","templated":true}]}}