{"id":1930,"date":"2023-12-31T01:22:53","date_gmt":"2023-12-31T00:22:53","guid":{"rendered":"https:\/\/www.regaloperfectobysary.com\/?post_type=product&#038;p=1930"},"modified":"2024-11-11T23:14:33","modified_gmt":"2024-11-11T22:14:33","slug":"primer-base-3-colores","status":"publish","type":"product","link":"https:\/\/www.regaloperfectobysary.com\/index.php\/producto\/primer-base-3-colores\/","title":{"rendered":"Primer Base 3 colores"},"content":{"rendered":"<p>\ud83c\uddea\ud83c\uddf8 Tres versiones:<\/p>\n<p>*Primer Base para Sombra de ojos (blanco), ideal para que las sombras, delineadores,.. duren m\u00e1s.<\/p>\n<p>*Primer Base para Corrector (rosa), ideal para alargar la duraci\u00f3n del corrector en la piel.<\/p>\n<p>*Primer Base para Maquillaje (lila), ideal para alargar la duraci\u00f3n del maquillaje en la piel y dejarla m\u00e1s sedosa y lisa.<\/p>\n<p>\ud83c\uddf5\ud83c\uddf9Tr\u00eas vers\u00f5es:<\/p>\n<p>*Primer Base para Sombras (branco), ideal para prolongar a durabilidade das sombras, eyeliners, etc.<\/p>\n<p>*Primer Base para Corretor (rosa), ideal para prolongar a dura\u00e7\u00e3o do corretor na pele.<\/p>\n<p>*Primer Base de Maquilhagem (lil\u00e1s), ideal para prolongar a dura\u00e7\u00e3o da maquilhagem na pele e torn\u00e1-la mais sedosa e macia.<\/p>\n","protected":false},"excerpt":{"rendered":"<p>\ud83c\uddea\ud83c\uddf8 Primer Base 3 colores &amp; funcionalidades.<\/p>\n<p>\ud83c\uddf5\ud83c\uddf9 Primer Base 3 cores &amp; funcionalidades.<\/p>\n","protected":false},"featured_media":4018,"comment_status":"open","ping_status":"closed","template":"","meta":{"_themeisle_gutenberg_block_has_review":false},"product_brand":[],"product_cat":[520,525,524],"product_tag":[243],"class_list":{"0":"post-1930","1":"product","2":"type-product","3":"status-publish","4":"has-post-thumbnail","6":"product_cat-maquillaje","7":"product_cat-ojos","8":"product_cat-rostro","9":"product_tag-leticia-well","11":"first","12":"instock","13":"taxable","14":"shipping-taxable","15":"purchasable","16":"product-type-variable"},"jetpack_sharing_enabled":true,"_links":{"self":[{"href":"https:\/\/www.regaloperfectobysary.com\/index.php\/wp-json\/wp\/v2\/product\/1930","targetHints":{"allow":["GET"]}}],"collection":[{"href":"https:\/\/www.regaloperfectobysary.com\/index.php\/wp-json\/wp\/v2\/product"}],"about":[{"href":"https:\/\/www.regaloperfectobysary.com\/index.php\/wp-json\/wp\/v2\/types\/product"}],"replies":[{"embeddable":true,"href":"https:\/\/www.regaloperfectobysary.com\/index.php\/wp-json\/wp\/v2\/comments?post=1930"}],"wp:featuredmedia":[{"embeddable":true,"href":"https:\/\/www.regaloperfectobysary.com\/index.php\/wp-json\/wp\/v2\/media\/4018"}],"wp:attachment":[{"href":"https:\/\/www.regaloperfectobysary.com\/index.php\/wp-json\/wp\/v2\/media?parent=1930"}],"wp:term":[{"taxonomy":"product_brand","embeddable":true,"href":"https:\/\/www.regaloperfectobysary.com\/index.php\/wp-json\/wp\/v2\/product_brand?post=1930"},{"taxonomy":"product_cat","embeddable":true,"href":"https:\/\/www.regaloperfectobysary.com\/index.php\/wp-json\/wp\/v2\/product_cat?post=1930"},{"taxonomy":"product_tag","embeddable":true,"href":"https:\/\/www.regaloperfectobysary.com\/index.php\/wp-json\/wp\/v2\/product_tag?post=1930"}],"curies":[{"name":"wp","href":"https:\/\/api.w.org\/{rel}","templated":true}]}}