{"id":1850,"date":"2023-12-02T22:10:38","date_gmt":"2023-12-02T21:10:38","guid":{"rendered":"https:\/\/www.regaloperfectobysary.com\/?post_type=product&#038;p=1850"},"modified":"2024-09-01T13:31:46","modified_gmt":"2024-09-01T11:31:46","slug":"faltan-18-dias-para","status":"publish","type":"product","link":"https:\/\/www.regaloperfectobysary.com\/index.php\/producto\/faltan-18-dias-para\/","title":{"rendered":"Faltan 18 d\u00edas para&#8230;"},"content":{"rendered":"<p>Encontrar el regalo perfecto es muy dif\u00edcil y m\u00e1s trat\u00e1ndose de fechas especiales como un cumplea\u00f1os. Qu\u00e9 te parece si este a\u00f1o lo haces de una forma diferente? Por qu\u00e9 no regalar 18 productos para completar los 18 d\u00edas que faltan en vez de regalarlo todo junto el d\u00eda en espec\u00edfico?<\/p>\n<p>Por qu\u00e9 esta opci\u00f3n de regalo es perfecta?<\/p>\n<p>*Porque es una sorpresa inesperada, lo normal es recibir un \u00fanico regalo el d\u00eda de cumplea\u00f1os, as\u00ed marcar\u00edas la diferencia.<\/p>\n<p>*Porque te encanta tanto como a m\u00ed la Navidad y crees que esa magia tambi\u00e9n se puede expandir en los cumples. Estoy de acuerdo contigo!<\/p>\n<p>*Porque todo lo que sea crear intriga, sorpresa, dejar la otra persona s\u00faper nerviosa,&#8230; te encanta, je, je, je.<\/p>\n<p>*Porque te ahorras tiempo buscando los productos, aqu\u00ed los selecciono yo al azar.<\/p>\n<p>Pero&#8230; por qu\u00e9 comprar 18 productos juntos en vez de comprarlos sueltos o quiz\u00e1s una caja \/ bolsa sorpresa? No es lo mismo?<\/p>\n<p>No, no es lo mismo. En esta opci\u00f3n los preparar\u00eda de una forma m\u00e1s especial.<\/p>\n<p>(Imag\u00ednate que naciste el 18 de Febrero y casi siempre te regalan las mismas cosas por tu cumple&#8230;:<\/p>\n<p>*Este a\u00f1o te encantar\u00eda algo m\u00e1s especial y piensas que una opci\u00f3n ser\u00eda comprarte a ti misma uno de los sets sorpresa de tu tienda online favorita (es decir, esta, je, je). En observaciones me comentas &#8220;Sary, quiero productos de maquillaje y algunos accesorios con el \u00fanico requisito de que sean s\u00faper cuquis&#8221;. Aqu\u00ed recibes el paquete con todos los productos juntos, eso quiere decir que la sorpresa ser\u00eda solo ese d\u00eda.<\/p>\n<p>*En cambio. La opci\u00f3n de 18 d\u00edas 18 productos es algo nuevo pero a la vez muy interesante. Venga, te decides por una de las tres opciones de coste y en observaciones me comentas &#8220;Sary, el 18 de Febrero cumplir\u00e9 18 a\u00f1os, quiero productos de maquillaje y algunos accesorios con el \u00fanico requisito de que sean s\u00faper cuquis&#8221;. Entonces recibes un paquete con todos los productos juntos pero con la diferencia que no est\u00e1n visibles para que el d\u00eda 1 de Febrero abras uno de los productos del paquete, el d\u00eda 2 otro, el d\u00eda 2 otro,&#8230; y as\u00ed hasta llegar al d\u00eda 18, tu gran d\u00eda.<\/p>\n<p>Es como si regalaras o recibes un Calendario de Adviento sin ser Diciembre. Mejor as\u00ed verdad? Te prometo que pondr\u00e9 toda mi dedicaci\u00f3n y por supuesto, much\u00edsimo amor para que la magia y el cari\u00f1o envuelto en este paquete no se pierda por el camino, que se note la ilusi\u00f3n!<\/p>\n<p>Recuerda, aunque seas t\u00fa la personita encargada de escoger los productos piensa en la otra persona a qui\u00e9n va dirigido el detalle para que su cumplea\u00f1os sea inolvidable con este regalo de 18 productos para los 18 d\u00edas! (Ya sabes, las preferencias de productos, colores, fecha del cumple para poder envi\u00e1rtelo antes, alg\u00fan producto que s\u00ed necesita estar como el que por ning\u00fan motivo debe estar,&#8230;).<\/p>\n","protected":false},"excerpt":{"rendered":"<p>Encontrar el regalo perfecto es muy dif\u00edcil y m\u00e1s trat\u00e1ndose de fechas especiales como un cumplea\u00f1os. Qu\u00e9 te parece si este a\u00f1o lo haces de una forma diferente? Por qu\u00e9 no regalar 18 productos para completar los 18 d\u00edas que faltan en vez de regalarlo todo junto el d\u00eda en espec\u00edfico?<\/p>\n","protected":false},"featured_media":1854,"comment_status":"open","ping_status":"closed","template":"","meta":{"_themeisle_gutenberg_block_has_review":false},"product_brand":[],"product_cat":[491],"product_tag":[252,247],"class_list":{"0":"post-1850","1":"product","2":"type-product","3":"status-publish","4":"has-post-thumbnail","6":"product_cat-6121824-regalos","7":"product_tag-cumpleanos","8":"product_tag-sorpresa","10":"first","11":"instock","12":"taxable","13":"shipping-taxable","14":"purchasable","15":"product-type-variable"},"jetpack_sharing_enabled":true,"_links":{"self":[{"href":"https:\/\/www.regaloperfectobysary.com\/index.php\/wp-json\/wp\/v2\/product\/1850","targetHints":{"allow":["GET"]}}],"collection":[{"href":"https:\/\/www.regaloperfectobysary.com\/index.php\/wp-json\/wp\/v2\/product"}],"about":[{"href":"https:\/\/www.regaloperfectobysary.com\/index.php\/wp-json\/wp\/v2\/types\/product"}],"replies":[{"embeddable":true,"href":"https:\/\/www.regaloperfectobysary.com\/index.php\/wp-json\/wp\/v2\/comments?post=1850"}],"wp:featuredmedia":[{"embeddable":true,"href":"https:\/\/www.regaloperfectobysary.com\/index.php\/wp-json\/wp\/v2\/media\/1854"}],"wp:attachment":[{"href":"https:\/\/www.regaloperfectobysary.com\/index.php\/wp-json\/wp\/v2\/media?parent=1850"}],"wp:term":[{"taxonomy":"product_brand","embeddable":true,"href":"https:\/\/www.regaloperfectobysary.com\/index.php\/wp-json\/wp\/v2\/product_brand?post=1850"},{"taxonomy":"product_cat","embeddable":true,"href":"https:\/\/www.regaloperfectobysary.com\/index.php\/wp-json\/wp\/v2\/product_cat?post=1850"},{"taxonomy":"product_tag","embeddable":true,"href":"https:\/\/www.regaloperfectobysary.com\/index.php\/wp-json\/wp\/v2\/product_tag?post=1850"}],"curies":[{"name":"wp","href":"https:\/\/api.w.org\/{rel}","templated":true}]}}