{"id":1747,"date":"2023-12-13T10:00:10","date_gmt":"2023-12-13T09:00:10","guid":{"rendered":"https:\/\/www.regaloperfectobysary.com\/?post_type=product&#038;p=1747"},"modified":"2024-11-16T23:12:17","modified_gmt":"2024-11-16T22:12:17","slug":"baby-eyeshadow","status":"publish","type":"product","link":"https:\/\/www.regaloperfectobysary.com\/index.php\/producto\/baby-eyeshadow\/","title":{"rendered":"Paleta de Sombras Baby"},"content":{"rendered":"<p>\ud83c\uddea\ud83c\uddf8 S\u00e9 que te encantan los iluminadores, estas paletas BABY son ideales porque est\u00e1n creadas para adaptarse a cualquier tono de piel o color de ojos.<\/p>\n<p>Esta paleta te ayudar\u00e1 a atraer y reflejar la luz natural dando un toque \u00fanico a tu make up. Se funde de forma perfecta con tu piel aport\u00e1ndote un brillo \u00fanico.<\/p>\n<p>Incluye 6 tonos distintos de sombras que pueden ser aplicados de forma independiente o combinados para un strobe perfecto, con 1 iluminador en cada paleta para resaltar tus facciones.<\/p>\n<p>\ud83c\uddf5\ud83c\uddf9 Eu sei que adoras iluminadores, estas paletas BABY s\u00e3o ideais porque foram criadas para se adequar a qualquer tom de pele ou cor de olhos.<\/p>\n<p>Esta paleta vai-te ajudar a atrair e refletir a luz natural, dando um toque \u00fanico \u00e0 sua maquiagem. Combina perfeitamente com a sua pele, dando-lhe um brilho \u00fanico.<\/p>\n<p>Inclui 6 tons diferentes de sombras que podem ser aplicados de forma independente ou combinadas para um estrobosc\u00f3pio perfeito, com 1 iluminador em cada paleta para real\u00e7ar suas caracter\u00edsticas.<\/p>\n<p>&nbsp;<\/p>\n","protected":false},"excerpt":{"rendered":"<p>\ud83c\uddea\ud83c\uddf8 Esta Paleta de sombras Baby est\u00e1 creada para adaptarse a cualquier tono de piel o color de ojos.<\/p>\n<p>\ud83c\uddf5\ud83c\uddf9 Esta paleta de sombras Baby foi criada para se adequar a qualquer tom de pele ou cor de olhos.<\/p>\n<p>&nbsp;<\/p>\n","protected":false},"featured_media":3409,"comment_status":"open","ping_status":"closed","template":"","meta":{"_themeisle_gutenberg_block_has_review":false},"product_brand":[],"product_cat":[520,525],"product_tag":[239],"class_list":{"0":"post-1747","1":"product","2":"type-product","3":"status-publish","4":"has-post-thumbnail","6":"product_cat-maquillaje","7":"product_cat-ojos","8":"product_tag-ddonna","10":"first","11":"instock","12":"taxable","13":"shipping-taxable","14":"purchasable","15":"product-type-simple"},"jetpack_sharing_enabled":true,"_links":{"self":[{"href":"https:\/\/www.regaloperfectobysary.com\/index.php\/wp-json\/wp\/v2\/product\/1747","targetHints":{"allow":["GET"]}}],"collection":[{"href":"https:\/\/www.regaloperfectobysary.com\/index.php\/wp-json\/wp\/v2\/product"}],"about":[{"href":"https:\/\/www.regaloperfectobysary.com\/index.php\/wp-json\/wp\/v2\/types\/product"}],"replies":[{"embeddable":true,"href":"https:\/\/www.regaloperfectobysary.com\/index.php\/wp-json\/wp\/v2\/comments?post=1747"}],"wp:featuredmedia":[{"embeddable":true,"href":"https:\/\/www.regaloperfectobysary.com\/index.php\/wp-json\/wp\/v2\/media\/3409"}],"wp:attachment":[{"href":"https:\/\/www.regaloperfectobysary.com\/index.php\/wp-json\/wp\/v2\/media?parent=1747"}],"wp:term":[{"taxonomy":"product_brand","embeddable":true,"href":"https:\/\/www.regaloperfectobysary.com\/index.php\/wp-json\/wp\/v2\/product_brand?post=1747"},{"taxonomy":"product_cat","embeddable":true,"href":"https:\/\/www.regaloperfectobysary.com\/index.php\/wp-json\/wp\/v2\/product_cat?post=1747"},{"taxonomy":"product_tag","embeddable":true,"href":"https:\/\/www.regaloperfectobysary.com\/index.php\/wp-json\/wp\/v2\/product_tag?post=1747"}],"curies":[{"name":"wp","href":"https:\/\/api.w.org\/{rel}","templated":true}]}}