{"id":1439,"date":"2023-12-02T23:20:21","date_gmt":"2023-12-02T22:20:21","guid":{"rendered":"https:\/\/www.regaloperfectobysary.com\/?post_type=product&#038;p=1439"},"modified":"2024-08-17T11:54:57","modified_gmt":"2024-08-17T09:54:57","slug":"sets-sorpresa-maquillaje-accesorios","status":"publish","type":"product","link":"https:\/\/www.regaloperfectobysary.com\/index.php\/producto\/sets-sorpresa-maquillaje-accesorios\/","title":{"rendered":"Sets Sorpresa Maquillaje &#038; Accesorios"},"content":{"rendered":"<p>Qu\u00e9 maravilla! Estas Cajas \/ Bolsas Sorpresa con productos seleccionados al azar (por mi) de mi tienda, en este caso productos de maquillaje &amp; accesorios, est\u00e1n pensadas para las personitas m\u00e1s indecisas o incluso las m\u00e1s aventureras del universo coqueto!<\/p>\n<p>*Las m\u00e1s indecisas porque quieren regalar productos de maquillaje pero no saben muy bien qu\u00e9 escoger, no tienen tiempo de personalizar un detalle especial,&#8230;<\/p>\n<p>*Y para las m\u00e1s aventureras porque les re-que-te-encantan los misterios y recibir una sorpresa aun sin ser una fecha importante les llena de alusi\u00f3n,&#8230;<\/p>\n<p>*Bueno, tambi\u00e9n cabe la posibilidad de que conf\u00edas en m\u00ed y por eso te dejas guiar por mi elecci\u00f3n de productos,&#8230;<\/p>\n<p>Sea como sea, solo necesitas escoger el importe deseado y de lo dem\u00e1s me encargo yo, es decir, preparar\u00e9 tu caja \/ bolsa con mucha dedicaci\u00f3n y por supuesto, much\u00edsimo amor.<\/p>\n<p>Eso s\u00ed, no te olvides de dejarme en observaciones todas las especificaciones necesarias para que esta caja \/ bolsa sea todo un acierto! (Ya sabes, las preferencias de productos, colores, ocasi\u00f3n del regalo, alg\u00fan producto que s\u00ed necesita estar en esa caja \/ bolsa como el que no,&#8230;). Todo lo que me puedas mencionar me ser\u00eda de gran ayuda para poder personalizarla con m\u00e1s precisi\u00f3n y hacerla \u00fanica como exclusiva.<\/p>\n","protected":false},"excerpt":{"rendered":"<p>Desp\u00eddete de perder horas buscando productos de maquillaje porque aqu\u00ed tienes la soluci\u00f3n, con mi Caja \/ Bolsa Sorpresa con productos de maquillaje &amp; accesorios seleccionados al azar (por mi) de mi tienda, acertar\u00e1s!<\/p>\n","protected":false},"featured_media":1446,"comment_status":"open","ping_status":"closed","template":"","meta":{"_themeisle_gutenberg_block_has_review":false},"product_brand":[],"product_cat":[15],"product_tag":[247],"class_list":{"0":"post-1439","1":"product","2":"type-product","3":"status-publish","4":"has-post-thumbnail","6":"product_cat-productos","7":"product_tag-sorpresa","9":"first","10":"instock","11":"taxable","12":"shipping-taxable","13":"purchasable","14":"product-type-variable"},"jetpack_sharing_enabled":true,"_links":{"self":[{"href":"https:\/\/www.regaloperfectobysary.com\/index.php\/wp-json\/wp\/v2\/product\/1439","targetHints":{"allow":["GET"]}}],"collection":[{"href":"https:\/\/www.regaloperfectobysary.com\/index.php\/wp-json\/wp\/v2\/product"}],"about":[{"href":"https:\/\/www.regaloperfectobysary.com\/index.php\/wp-json\/wp\/v2\/types\/product"}],"replies":[{"embeddable":true,"href":"https:\/\/www.regaloperfectobysary.com\/index.php\/wp-json\/wp\/v2\/comments?post=1439"}],"wp:featuredmedia":[{"embeddable":true,"href":"https:\/\/www.regaloperfectobysary.com\/index.php\/wp-json\/wp\/v2\/media\/1446"}],"wp:attachment":[{"href":"https:\/\/www.regaloperfectobysary.com\/index.php\/wp-json\/wp\/v2\/media?parent=1439"}],"wp:term":[{"taxonomy":"product_brand","embeddable":true,"href":"https:\/\/www.regaloperfectobysary.com\/index.php\/wp-json\/wp\/v2\/product_brand?post=1439"},{"taxonomy":"product_cat","embeddable":true,"href":"https:\/\/www.regaloperfectobysary.com\/index.php\/wp-json\/wp\/v2\/product_cat?post=1439"},{"taxonomy":"product_tag","embeddable":true,"href":"https:\/\/www.regaloperfectobysary.com\/index.php\/wp-json\/wp\/v2\/product_tag?post=1439"}],"curies":[{"name":"wp","href":"https:\/\/api.w.org\/{rel}","templated":true}]}}