{"id":1203,"date":"2023-12-13T10:05:34","date_gmt":"2023-12-13T09:05:34","guid":{"rendered":"https:\/\/www.regaloperfectobysary.com\/?post_type=product&#038;p=1203"},"modified":"2024-11-10T23:02:48","modified_gmt":"2024-11-10T22:02:48","slug":"aceite-labial-popping","status":"publish","type":"product","link":"https:\/\/www.regaloperfectobysary.com\/index.php\/producto\/aceite-labial-popping\/","title":{"rendered":"Aceite Labial Popping"},"content":{"rendered":"<p>\ud83c\uddea\ud83c\uddf8 Popping Sweet Lip Oil es un Brillo de labios emoliente efecto 3D para un resultado brillante. La textura, suave y sensorial, se funde sobre los labios dej\u00e1ndolos lisos y brillantes. La aplicaci\u00f3n es f\u00e1cil, muy fluida y la adherencia a los labios resulta inmediata. El suave aplicador con esponja ha sido estudiado para enfatizar la textura y delinear los labios con suma precisi\u00f3n. Dulce &amp; Hidratante!<\/p>\n<p>\ud83c\uddf5\ud83c\uddf9 Popping Sweet Lip Oil \u00e9 um brilho labial emoliente com efeito 3D para um resultado brilhante. A textura macia e sensorial funde-se nos l\u00e1bios, deixando-os macios e brilhantes. A aplica\u00e7\u00e3o \u00e9 f\u00e1cil, muito fluida e a ades\u00e3o aos l\u00e1bios \u00e9 imediata. O aplicador de esponja macia foi estudado para enfatizar a textura e delinear os l\u00e1bios com grande precis\u00e3o. Doce e hidratante!<\/p>\n","protected":false},"excerpt":{"rendered":"<p>\ud83c\uddea\ud83c\uddf8 Popping Sweet Lip Oil. Brillo de labios emoliente efecto 3D para un resultado brillante.<\/p>\n<p>\ud83c\uddf5\ud83c\uddf9 Popping Sweet Lip Oil. Brilho labial emoliente com efeito 3D para um resultado brilhante.<\/p>\n","protected":false},"featured_media":4306,"comment_status":"open","ping_status":"closed","template":"","meta":{"_themeisle_gutenberg_block_has_review":false},"product_brand":[],"product_cat":[523,520],"product_tag":[239],"class_list":{"0":"post-1203","1":"product","2":"type-product","3":"status-publish","4":"has-post-thumbnail","6":"product_cat-labios","7":"product_cat-maquillaje","8":"product_tag-ddonna","10":"first","11":"instock","12":"taxable","13":"shipping-taxable","14":"purchasable","15":"product-type-simple"},"jetpack_sharing_enabled":true,"_links":{"self":[{"href":"https:\/\/www.regaloperfectobysary.com\/index.php\/wp-json\/wp\/v2\/product\/1203","targetHints":{"allow":["GET"]}}],"collection":[{"href":"https:\/\/www.regaloperfectobysary.com\/index.php\/wp-json\/wp\/v2\/product"}],"about":[{"href":"https:\/\/www.regaloperfectobysary.com\/index.php\/wp-json\/wp\/v2\/types\/product"}],"replies":[{"embeddable":true,"href":"https:\/\/www.regaloperfectobysary.com\/index.php\/wp-json\/wp\/v2\/comments?post=1203"}],"wp:featuredmedia":[{"embeddable":true,"href":"https:\/\/www.regaloperfectobysary.com\/index.php\/wp-json\/wp\/v2\/media\/4306"}],"wp:attachment":[{"href":"https:\/\/www.regaloperfectobysary.com\/index.php\/wp-json\/wp\/v2\/media?parent=1203"}],"wp:term":[{"taxonomy":"product_brand","embeddable":true,"href":"https:\/\/www.regaloperfectobysary.com\/index.php\/wp-json\/wp\/v2\/product_brand?post=1203"},{"taxonomy":"product_cat","embeddable":true,"href":"https:\/\/www.regaloperfectobysary.com\/index.php\/wp-json\/wp\/v2\/product_cat?post=1203"},{"taxonomy":"product_tag","embeddable":true,"href":"https:\/\/www.regaloperfectobysary.com\/index.php\/wp-json\/wp\/v2\/product_tag?post=1203"}],"curies":[{"name":"wp","href":"https:\/\/api.w.org\/{rel}","templated":true}]}}