{"id":93,"date":"2023-12-01T11:11:37","date_gmt":"2023-12-01T10:11:37","guid":{"rendered":"https:\/\/www.regaloperfectobysary.com\/?page_id=93"},"modified":"2023-12-13T22:48:14","modified_gmt":"2023-12-13T21:48:14","slug":"contacto","status":"publish","type":"page","link":"https:\/\/www.regaloperfectobysary.com\/index.php\/contacto\/","title":{"rendered":"Estamos en Contacto!"},"content":{"rendered":"\n<p>Todo bien a ese otro lado de la pantalla? S\u00e9 que a algunos les gusta que \u201cvayan al grano\u201d, es decir, \u201cdirecta al asunto\u201d, \u201csin rodeos por medio\u201d, as\u00ed que te dejo a continuaci\u00f3n el formulario para ponerte en contacto conmigo v\u00eda e-mail, sin m\u00e1s. (El tiempo es preciado para muchos, o deber\u00eda serlo. Hay que aprovecharlo porque&#8230; eso de tener m\u00e1s horas al d\u00eda, ser\u00eda genial! A m\u00ed hay veces que las agradecer\u00eda y incluyendo lo de no tener tanto sue\u00f1o, tambi\u00e9n).<\/p>\n\n\n\n<p>Bueno, espera! En el caso de querer leer primero la versi\u00f3n extensa&#8230; por si te da curiosidad saber qu\u00e9 he escrito&#8230; solo salta la info y continua leyendo (por algo lo he escrito, no solo por ser diferente, si no porque es mi manera de ser, profundizar m\u00e1s en cosas por insignificantes que sean para algunos).<\/p>\n\n\n\n<p><\/p>\n\n\n\n<div class=\"wpcf7 no-js\" id=\"wpcf7-f6-o1\" lang=\"es-ES\" dir=\"ltr\" data-wpcf7-id=\"6\">\n<div class=\"screen-reader-response\"><p role=\"status\" aria-live=\"polite\" aria-atomic=\"true\"><\/p> <ul><\/ul><\/div>\n<form action=\"\/index.php\/wp-json\/wp\/v2\/pages\/93#wpcf7-f6-o1\" method=\"post\" class=\"wpcf7-form init\" aria-label=\"Formulario de contacto\" novalidate=\"novalidate\" data-status=\"init\">\n<fieldset class=\"hidden-fields-container\"><input type=\"hidden\" name=\"_wpcf7\" value=\"6\" \/><input type=\"hidden\" name=\"_wpcf7_version\" value=\"6.1.5\" \/><input type=\"hidden\" name=\"_wpcf7_locale\" value=\"es_ES\" \/><input type=\"hidden\" name=\"_wpcf7_unit_tag\" value=\"wpcf7-f6-o1\" \/><input type=\"hidden\" name=\"_wpcf7_container_post\" value=\"0\" \/><input type=\"hidden\" name=\"_wpcf7_posted_data_hash\" value=\"\" \/>\n<\/fieldset>\n<p><label> Tu nombre<br \/>\n<span class=\"wpcf7-form-control-wrap\" data-name=\"your-name\"><input size=\"40\" maxlength=\"400\" class=\"wpcf7-form-control wpcf7-text wpcf7-validates-as-required\" autocomplete=\"name\" aria-required=\"true\" aria-invalid=\"false\" value=\"\" type=\"text\" name=\"your-name\" \/><\/span> <\/label>\n<\/p>\n<p><label> Tu correo electr\u00f3nico<br \/>\n<span class=\"wpcf7-form-control-wrap\" data-name=\"your-email\"><input size=\"40\" maxlength=\"400\" class=\"wpcf7-form-control wpcf7-email wpcf7-validates-as-required wpcf7-text wpcf7-validates-as-email\" autocomplete=\"email\" aria-required=\"true\" aria-invalid=\"false\" value=\"\" type=\"email\" name=\"your-email\" \/><\/span> <\/label>\n<\/p>\n<p><label> Asunto<br \/>\n<span class=\"wpcf7-form-control-wrap\" data-name=\"your-subject\"><input size=\"40\" maxlength=\"400\" class=\"wpcf7-form-control wpcf7-text wpcf7-validates-as-required\" aria-required=\"true\" aria-invalid=\"false\" value=\"\" type=\"text\" name=\"your-subject\" \/><\/span> <\/label>\n<\/p>\n<p><label> Tu mensaje (opcional)<br \/>\n<span class=\"wpcf7-form-control-wrap\" data-name=\"your-message\"><textarea cols=\"40\" rows=\"10\" maxlength=\"2000\" class=\"wpcf7-form-control wpcf7-textarea\" aria-invalid=\"false\" name=\"your-message\"><\/textarea><\/span> <\/label>\n<\/p>\n<p><input class=\"wpcf7-form-control wpcf7-submit has-spinner\" type=\"submit\" value=\"Enviar\" \/>\n<\/p><p style=\"display: none !important;\" class=\"akismet-fields-container\" data-prefix=\"_wpcf7_ak_\"><label>&#916;<textarea name=\"_wpcf7_ak_hp_textarea\" cols=\"45\" rows=\"8\" maxlength=\"100\"><\/textarea><\/label><input type=\"hidden\" id=\"ak_js_1\" name=\"_wpcf7_ak_js\" value=\"248\"\/><script>document.getElementById( \"ak_js_1\" ).setAttribute( \"value\", ( new Date() ).getTime() );<\/script><\/p><div class=\"wpcf7-response-output\" aria-hidden=\"true\"><\/div>\n<\/form>\n<\/div>\n\n\n\n\n<p><\/p>\n\n\n\n<p>Te aviso, est\u00e1s a punto de leer la parte \u201ctipo testamento\u201d que he dejado fijado para que puedas echarle un vistazo, como una introducci\u00f3n&#8230; puede que entre lineas se te escape una sonrisita, ese es el plan, tener una lectura agradable, seria pero divertida. Se puede? Desc\u00fabrelo por ti mismo y ya me dir\u00e1s si lo he conseguido, ja, ja, ja, (<s>yo lo he hecho ya, ja, ja, ja, de nuevo, ja, ja, ja, ups! Ya paro!<\/s>).<\/p>\n\n\n\n<p>En esta web encontrar\u00e1s un apartado de Tienda donde est\u00e1n todos los productos de mi tienda online y otro apartado de Blog en el cual escribo sobre esos productos de mi tienda, tambi\u00e9n de varios temas bajo mi punto de vista, (es mi opini\u00f3n). C\u00f3mo vivo, en determinadas situaciones, en primera persona lo que est\u00e1 pasando \u201cfuera\u201d de las cuatro paredes en las cuales me siento segura (no ser\u00e9 la \u00fanica), mis pensamientos revueltos, mis vivencias sinceras, algunas experiencias,&#8230; y claro, no quiero ser la \u00fanica en mostrar \u201cmis cosas\u201d porque si lo piensas, tambi\u00e9n tienes tus opiniones acerca de alg\u00fan contenido que voy publicando, preguntas e incluso dudas al respecto, verdad? Por supuesto que s\u00ed! Tengo la certeza de que es as\u00ed. <s>Y no ser\u00eda justo para \u201cesta relaci\u00f3n\u201d que solo se tratase de m\u00ed, ja, ja, \u201crelaci\u00f3n\u201d? Ja, ja<\/s>.<\/p>\n\n\n\n<p>Adem\u00e1s, qu\u00e9 pasa con esas ideas para entradas nuevas que se te vengan a la mente? Imag\u00ednate en tu casa, dando un paseo o hasta sin hacer nada se te ocurre un buen asunto para hablar y debatir, alguna cajita regalo que necesites, est\u00e1s pasando por un momento delicado o qui\u00e9n sabe genial y te encantar\u00eda compartir ese sentimiento,&#8230; \u201ca qui\u00e9n puedes acudir?\u201d. A m\u00ed, sin duda alguna.<\/p>\n\n\n\n<p>Sea cual sea el motivo que te haga querer entrar en contacto conmigo, ahora lo puedes hacer de una forma bastante r\u00e1pida y f\u00e1cil. No te llevar\u00e1 mucho m\u00e1s de dos minutitos, solamente tienes que rellenar los campos unos p\u00e1rrafos m\u00e1s abajo con toda la info correspondiente. No necesitas esperar ni un segundo m\u00e1s! Estar\u00e9 encantada de poder ayudarte en lo que me sea posible. <s>Como \u201cuna amiga virtual\u201d. En realidad lo ser\u00eda, si no me conoces todav\u00eda en persona, ja, ja<\/s>.<\/p>\n\n\n\n<p>Siempre puedes usar la bandeja de comentarios que es p\u00fablica y directa, pero entiendo que no todo el mundo se siente c\u00f3modo con eso, no veo problema. Aqu\u00ed buscamos la mejor manera para todos aunque como bien debes saber, \u201cno llueve a gusto de todos\u201d. <s>Se intenta<\/s>. Eso s\u00ed, leer tus comentarios ser\u00e1 lo mejor del d\u00eda! Sin duda.<\/p>\n\n\n\n<p>Por cierto, si te apetece hacer alguna colaboraci\u00f3n podemos mirar los detalles para ambas partes, sin compromiso anticipado&#8230; eso s\u00ed, las puertas de mi Correo Electr\u00f3nico estar\u00e1n siempre abiertas a todos los lectores fieles y con la verdad por delante. Nada de falsedad en esta Web que para lo \u00fanico que lo he creado es para poder ganarme el pan y pasar un buen rato con cotilleos \u201centre amigas y amigos\u201d.<\/p>\n\n\n\n<p>No me l\u00edo m\u00e1s, que si me deja me extiendo escribiendo&#8230; te dejo tranquilo de una vez, ja, ja, ja, puedes rellenar todos los campos sin olvidarte de mencionar alg\u00fan secretillo tuyo y presiona sin temor el bot\u00f3n de enviar para que me lleguen en segundos tus e-mails. <s>Ay qu\u00e9 nervios! Yo? Por qu\u00e9? Ah, tan solo por saber qu\u00e9 me tienes que contar.. ja, ja, ja. Ay qu\u00e9 verg\u00fcenza! T\u00fa? Nah.. ja, ja, ja, m\u00ednimamente, yo? Bueno&#8230; je, je, je<\/s>.<\/p>\n\n\n\n<p><\/p>\n\n\n\n<div class=\"wpcf7 no-js\" id=\"wpcf7-f6-o2\" lang=\"es-ES\" dir=\"ltr\" data-wpcf7-id=\"6\">\n<div class=\"screen-reader-response\"><p role=\"status\" aria-live=\"polite\" aria-atomic=\"true\"><\/p> <ul><\/ul><\/div>\n<form action=\"\/index.php\/wp-json\/wp\/v2\/pages\/93#wpcf7-f6-o2\" method=\"post\" class=\"wpcf7-form init\" aria-label=\"Formulario de contacto\" novalidate=\"novalidate\" data-status=\"init\">\n<fieldset class=\"hidden-fields-container\"><input type=\"hidden\" name=\"_wpcf7\" value=\"6\" \/><input type=\"hidden\" name=\"_wpcf7_version\" value=\"6.1.5\" \/><input type=\"hidden\" name=\"_wpcf7_locale\" value=\"es_ES\" \/><input type=\"hidden\" name=\"_wpcf7_unit_tag\" value=\"wpcf7-f6-o2\" \/><input type=\"hidden\" name=\"_wpcf7_container_post\" value=\"0\" \/><input type=\"hidden\" name=\"_wpcf7_posted_data_hash\" value=\"\" \/>\n<\/fieldset>\n<p><label> Tu nombre<br \/>\n<span class=\"wpcf7-form-control-wrap\" data-name=\"your-name\"><input size=\"40\" maxlength=\"400\" class=\"wpcf7-form-control wpcf7-text wpcf7-validates-as-required\" autocomplete=\"name\" aria-required=\"true\" aria-invalid=\"false\" value=\"\" type=\"text\" name=\"your-name\" \/><\/span> <\/label>\n<\/p>\n<p><label> Tu correo electr\u00f3nico<br \/>\n<span class=\"wpcf7-form-control-wrap\" data-name=\"your-email\"><input size=\"40\" maxlength=\"400\" class=\"wpcf7-form-control wpcf7-email wpcf7-validates-as-required wpcf7-text wpcf7-validates-as-email\" autocomplete=\"email\" aria-required=\"true\" aria-invalid=\"false\" value=\"\" type=\"email\" name=\"your-email\" \/><\/span> <\/label>\n<\/p>\n<p><label> Asunto<br \/>\n<span class=\"wpcf7-form-control-wrap\" data-name=\"your-subject\"><input size=\"40\" maxlength=\"400\" class=\"wpcf7-form-control wpcf7-text wpcf7-validates-as-required\" aria-required=\"true\" aria-invalid=\"false\" value=\"\" type=\"text\" name=\"your-subject\" \/><\/span> <\/label>\n<\/p>\n<p><label> Tu mensaje (opcional)<br \/>\n<span class=\"wpcf7-form-control-wrap\" data-name=\"your-message\"><textarea cols=\"40\" rows=\"10\" maxlength=\"2000\" class=\"wpcf7-form-control wpcf7-textarea\" aria-invalid=\"false\" name=\"your-message\"><\/textarea><\/span> <\/label>\n<\/p>\n<p><input class=\"wpcf7-form-control wpcf7-submit has-spinner\" type=\"submit\" value=\"Enviar\" \/>\n<\/p><p style=\"display: none !important;\" class=\"akismet-fields-container\" data-prefix=\"_wpcf7_ak_\"><label>&#916;<textarea name=\"_wpcf7_ak_hp_textarea\" cols=\"45\" rows=\"8\" maxlength=\"100\"><\/textarea><\/label><input type=\"hidden\" id=\"ak_js_2\" name=\"_wpcf7_ak_js\" value=\"182\"\/><script>document.getElementById( \"ak_js_2\" ).setAttribute( \"value\", ( new Date() ).getTime() );<\/script><\/p><div class=\"wpcf7-response-output\" aria-hidden=\"true\"><\/div>\n<\/form>\n<\/div>\n\n\n\n\n<p><\/p>\n\n\n\n<p>Ehy! Espera! No es todo, tambi\u00e9n puedes ponerte en contacto conmigo por mis Redes Sociales&#8230; acaso pensabas que no ten\u00eda \u201cvida social, virtual\u201d? Ja, ja, ja. <s>As\u00ed, no tienes excusa para no hablarme, ja, ja, ja, te he pillado. Nah, es broma, ja, ja, ja. Bah<\/s>, de todos modos te puedes pasar por cualquiera de ellas para escribirme, yo re-que-te-encantada de que lo hagas. Nos ayuda a acercarnos m\u00e1s, a conocernos. Qu\u00e9 pasada!<\/p>\n\n\n\n<p>Y faltar\u00eda m\u00e1s! Puedes enviarme tambi\u00e9n tus cuentas (por privado o usando el #regaloperfectobysary o #SonriendoConSary) para que les eche una ojeada, aqu\u00ed se trata de compartir! Estamos \u201centre compis\u201d, verdad? <s>\u201cUn para todos y todos para uno\u201d&#8230; hmm se dir\u00e1 as\u00ed? No estoy segura, ja, ja, ja, pero me entendiste, verdad<\/s>? Espero ver tus paquetes todos los meses por redes y tu apoyo.<\/p>\n\n\n\n<p>Redes Sociales Tienda:<\/p>\n\n\n\n<p>Redes Sociales Personal:<\/p>\n\n\n\n<p>\u00ab <strong><em>Quieres saber alg\u00fan secretillo?<\/em><\/strong> Hmm seguramente te estar\u00e1s preguntando porqu\u00e9 tengo tantas redes en vez de incluir toda la info de la tienda y la personal en una sola plataforma pero me gusta tener cada tema en su espacio concreto, es un poco m\u00e1s complicado a la hora de llevarlas todas al d\u00eda pero se intenta\u00bb<\/p>\n\n\n\n<p>Bueno, pues te he dejado varias formas para que puedas ponerte en contacto conmigo sin ning\u00fan problema, solo espero (de verdad) que uses cualquiera de ellas para hablarme sin miedos&#8230; me har\u00eda mucha ilusi\u00f3n! Aunque si necesitas escribirme un WhatsApp puedes hacerlo al n\u00famero 610116062, el horario es de Lunes a S\u00e1bado de 10h a 18h, el Domingo estamos cerrados.<\/p>\n\n\n\n<p>Vaya! Toca finalizar esta \u201cintro\u201d&#8230; empezar en una tela en blanco no fue f\u00e1cil, pero ahora despedirse&#8230; como que tampoco&#8230; pero qu\u00e9 digo! No es un adi\u00f3s! Si puedes m\u00e1ndame mensajitos, visita mis redes sociales, dame tu verdadera opini\u00f3n, cu\u00e9ntame cositas,&#8230; en fi, es un hasta pronto! Estamos en contacto, fijo, verdad? S\u00ed\u00ed\u00ed\u00ed? Ja, ja, ja.<\/p>\n\n\n\n<p>Y por cierto, en breve m\u00e1s contenidos en alguno de los apartados del Blog! Que si no lo sabes hay diferentes temas&#8230; seguro que alguno te puede interesar&#8230; porque todos&#8230; ya ser\u00eda \u201cla leche\u201d, ja, ja, ja, un sue\u00f1o un poco menos realista, ja, ja, ja, pero no imposible. Eso s\u00ed, ten en cuenta que para los Lectores Fieles a esta web existe una recompensa totalmente Gratis! Je, je, je.<\/p>\n\n\n\n<p>As\u00ed que s\u00ed, es eso. Nos vamos \u201cmensajeando\u201d cuando quieras, vale? (Sin miedos). Y si ves que necesitas saber un poco m\u00e1s sobre alg\u00fan producto de la tienda, aqu\u00ed estoy para ayudarte y resolver dudas. Besitos Virtuales!<\/p>\n\n\n\n<p>Recuerda:&nbsp;<strong><em>\u00abMIS PAQUETES TE ILUMINAR\u00c1N EL ROSTRO CON UNA GRAN SONRISA\u00bb<\/em><\/strong><\/p>\n\n\n\n<p><\/p>\n","protected":false},"excerpt":{"rendered":"<p>Todo bien a ese otro lado de la pantalla? S\u00e9 que a algunos les gusta que \u201cvayan al grano\u201d, es decir, \u201cdirecta al asunto\u201d, \u201csin rodeos por medio\u201d, as\u00ed que te dejo a continuaci\u00f3n el formulario para ponerte en contacto conmigo v\u00eda e-mail, sin m\u00e1s. (El tiempo es preciado para muchos, o deber\u00eda serlo. Hay &hellip; <\/p>\n","protected":false},"author":1,"featured_media":0,"parent":0,"menu_order":0,"comment_status":"closed","ping_status":"closed","template":"","meta":{"_themeisle_gutenberg_block_has_review":false,"footnotes":""},"class_list":["post-93","page","type-page","status-publish","hentry"],"jetpack_sharing_enabled":true,"_links":{"self":[{"href":"https:\/\/www.regaloperfectobysary.com\/index.php\/wp-json\/wp\/v2\/pages\/93","targetHints":{"allow":["GET"]}}],"collection":[{"href":"https:\/\/www.regaloperfectobysary.com\/index.php\/wp-json\/wp\/v2\/pages"}],"about":[{"href":"https:\/\/www.regaloperfectobysary.com\/index.php\/wp-json\/wp\/v2\/types\/page"}],"author":[{"embeddable":true,"href":"https:\/\/www.regaloperfectobysary.com\/index.php\/wp-json\/wp\/v2\/users\/1"}],"replies":[{"embeddable":true,"href":"https:\/\/www.regaloperfectobysary.com\/index.php\/wp-json\/wp\/v2\/comments?post=93"}],"version-history":[{"count":6,"href":"https:\/\/www.regaloperfectobysary.com\/index.php\/wp-json\/wp\/v2\/pages\/93\/revisions"}],"predecessor-version":[{"id":1576,"href":"https:\/\/www.regaloperfectobysary.com\/index.php\/wp-json\/wp\/v2\/pages\/93\/revisions\/1576"}],"wp:attachment":[{"href":"https:\/\/www.regaloperfectobysary.com\/index.php\/wp-json\/wp\/v2\/media?parent=93"}],"curies":[{"name":"wp","href":"https:\/\/api.w.org\/{rel}","templated":true}]}}