{"id":92,"date":"2023-12-01T11:11:00","date_gmt":"2023-12-01T10:11:00","guid":{"rendered":"https:\/\/www.regaloperfectobysary.com\/?page_id=92"},"modified":"2023-12-13T21:48:55","modified_gmt":"2023-12-13T20:48:55","slug":"sobre-sary","status":"publish","type":"page","link":"https:\/\/www.regaloperfectobysary.com\/index.php\/sobre-sary\/","title":{"rendered":"Sobre Sary"},"content":{"rendered":"\n<p>Hi Beauty!<\/p>\n\n\n\n<p>Si te apetece descubrir m\u00e1s sobre la identidad de qui\u00e9n est\u00e1 por detr\u00e1s de esta Web, es decir, sobre m\u00ed, est\u00e1s en el lugar correcto. Antes quiero darte una calurosa bienvenida, te env\u00edo much\u00edsimos besitos virtuales para empezar con buen pie. Ahora bien, qui\u00e9n soy? La verdad, <em>una simple mami, llamada Sara<\/em> aunque mejor <em>Sary<\/em> que estamos en confianza. Algunos me llaman <em>\u201cBella Durmiente\u201d<\/em> o <em>\u201cPrinzessin\u201d<\/em>, pero con Sary est\u00e1 perfecto.<\/p>\n\n\n\n<p>Tienes libre acceso para tomarte tu tiempo en conocerme mejor. Porque siendo realista&#8230; todo lleva su tiempo! O quiz\u00e1s sea \u00abamor a primera vista\u00bb, ja, ja. Yo s\u00faper encantada de tenerte al otro lado de la pantalla ya sea leyendo mis escritos o bien buscando ese producto que necesitas y prefieres comprarlo en mi peque\u00f1a tienda online. Te lo agradezco de coraz\u00f3n.<\/p>\n\n\n\n<p>Qu\u00e9 te puedo contar sobre m\u00ed? No tengo nada fuera de lo com\u00fan&#8230; bueno, <em>s\u00ed soy algo diferente<\/em>. Diferente para todos aquellos que se creen \u201cnormales\u201d por hacer y pensar igual al resto. No estoy incluida. Lo siento. No! Qu\u00e9 va! Por qu\u00e9 lo iba a sentir? Por no pertenecer a la misma categor\u00eda? No soy un robot. <em>S\u00f3lo soy la protagonista de mi propia vida.<\/em> Y me gusta. <em>Mi vida, mis reglas, mi historia!<\/em> Yo llevo las riendas o por lo menos intento hacer lo que me hace feliz, le pese a quien le pese.<\/p>\n\n\n\n<p>Me cuesta hablar en p\u00fablico o delante de una c\u00e1mara, desde siempre me result\u00f3 m\u00e1s f\u00e1cil expresarme en un papel o con dibujos. Lo peor de esto es ponerme barreras&#8230; ya sabes el dicho ese, de que somos nuestros peores enemigos y va a resultar ser cierto pero intento cambiar peque\u00f1as cosas para grandes progresos. Total, si no nos enfrentamos a nuestros miedos todo seguir\u00eda igual.<\/p>\n\n\n\n<p>Ya me gustaba apreciar las peque\u00f1as cosas de la vida, pero seg\u00fan van pasando los a\u00f1os y despu\u00e9s de varios sucesos&#8230; creo todav\u00eda m\u00e1s en disfrutar de cada minuto con la gente que quiero porque en segundos todo puede cambiar (soy muy consciente de ello). Aunque no te lo voy a negar, a veces suelo planificarlo todo antes&#8230; despu\u00e9s de varios a\u00f1os&#8230; contin\u00fao. Vale la pena? No necesariamente. Ser tan perfeccionista no es tan sano. El mejor remedio es la paciencia (estoy trabajando en ella, dije que <em>soy diferente no perfecta<\/em>, je, je, je).<\/p>\n\n\n\n<p>Tambi\u00e9n he aprendido a lo largo de los a\u00f1os que <em>es imposible querer a alguien sin quererme primero<\/em>. No darle importancia a la opini\u00f3n de los dem\u00e1s porque nunca est\u00e1n satisfechos. Entonces, me acepto y lo que no&#8230; hago el esfuerzo de cambiarlo, siempre y cuando me haga bien, sobretodo feliz.<\/p>\n\n\n\n<p>Adem\u00e1s para poder sentirme bien conmigo misma me cuido tanto por dentro como por fuera, no se trata solo de tener un llamativo atuendo, taconazos de infarto, maquillaje de 3 horas,&#8230; Para ser una diva <em>hace falta actitud como humildad<\/em>.<\/p>\n\n\n\n<p>Una cosa, qu\u00e9 sueles hacer para mantener presentes tus vivencias? Yo imprim\u00eda algunas fotos en diferentes formatos para darles otro aspecto menos tradicional, al \u00e1lbum en que las guardaba. Esta era mi manera de <em>inmortalizar eses momentos especiales<\/em> que no quer\u00eda olvidar con el paso de los a\u00f1os y m\u00e1s siendo mami. As\u00ed se vuelven m\u00e1s \u00fanicos. M\u00e1s personales. M\u00e1s m\u00edos. Este es uno de mis pasatiempos favoritos. Me traslada a otro mundo, al creativo pero ya no dispongo del tiempo necesario para dedicarme a decorar como antes.<\/p>\n\n\n\n<p>A parte de las manualidades, <em>dibujar como escribir son mis refugios<\/em>. Una v\u00eda de escape. Todos tenemos eses d\u00edas complicados que se nos escapan entre los dedos y como bien mencion\u00e9 antes, la actitud es importante en casos as\u00ed. Por eso&#8230; no puedo negar un factor evidente. No paro de sonre\u00edr! Es una virtud? Hay qui\u00e9n lo denomine defecto. No importa mucho. Yo solo acepto como soy. As\u00ed, con mis sonrisas inesperadas! Siempre yo. <em>Podemos ver la vida de colores infinitos en vez de puros grises<\/em>.<\/p>\n\n\n\n<p>Pero debo ser sincera. Ahora lo que gira a mi alrededor es mi peque\u00f1o Principito &amp; familia. C\u00f3mo cambian las cosas je, je, je y c\u00f3mo olvidarme de mis Clientes!<\/p>\n\n\n\n<p>\u00ab <strong><em>Quieres saber alg\u00fan secretillo?<\/em><\/strong> A ver&#8230; tengo debilidad por: Buena compa\u00f1\u00eda (estar rodeada de amigos divertidos y aut\u00e9nticos no tiene precio). Las vistas de un paisaje hermoso, ni se mencionan. Una deliciosa Pizza gigante! Y por supuesto un buen postre! (Esto \u00faltimo no puede faltar! Nunca! xD). Bueno, ya que estamos&#8230; regalos! Ja, ja, ja. Me encantan! \u00bb<\/p>\n\n\n\n<p>Vaya! Al principio s\u00f3lo ve\u00eda una p\u00e1gina en blanco, no sab\u00eda por d\u00f3nde ni c\u00f3mo comenzar a hablarte sobre m\u00ed y ahora&#8230; uff, tengo que obligarme a parar. De lo contrario me quedar\u00e1 un testamento inmenso sobre m\u00ed y no es plan. Aunque te confesar\u00e9 algo, la mejor forma de conocerme es continuar leyendo cada texto, sigui\u00e9ndomelo por redes,&#8230; este es el comienzo. Y hablando de comienzo&#8230; ya has le\u00eddo mi comienzo con la tienda? El por qu\u00e9? No? Haz click <a href=\"https:\/\/www.regaloperfectobysary.com\/index.php\/mi-comienzo\/\" data-type=\"link\" data-id=\"https:\/\/www.regaloperfectobysary.com\/index.php\/mi-comienzo\/\" target=\"_blank\" rel=\"noreferrer noopener\">aqu\u00ed<\/a> y te llevar\u00e1 directamente.<\/p>\n\n\n\n<p>Me encantar\u00eda tenerte en esta familia pero como siempre, es tuya la decisi\u00f3n. Lo que s\u00ed&#8230; te animas a contarme un poquito sobre ti? Te da verg\u00fcenza? Ah! Deja los miedos y cu\u00e9ntame alg\u00fan secreto. De esta forma nos podemos conocer mutuamente (como un cotilleo entre amiguis).<\/p>\n\n\n\n<p>As\u00ed que s\u00ed, es eso. Nos vamos leyendo y viendo por redes. Besitos Virtuales!<\/p>\n\n\n\n<p>Recuerda: <strong><em>&#8220;MIS PAQUETES TE ILUMINAR\u00c1N EL ROSTRO CON UNA GRAN SONRISA&#8221;<\/em><\/strong><\/p>\n\n\n\n<p><\/p>\n","protected":false},"excerpt":{"rendered":"<p>En realidad, Sara es la identidad detr\u00e1s de la Empresa Regalo Perfecto, conocida en redes sociales como Regalo Perfecto by Sary.<\/p>\n<p>Antes de conocer un poquito sobre mi comienzo, quiero darte una calurosa Bienvenida! Y agradecer tu inter\u00e9s en mis productos. Gracias.<\/p>\n","protected":false},"author":1,"featured_media":0,"parent":0,"menu_order":0,"comment_status":"closed","ping_status":"closed","template":"","meta":{"_themeisle_gutenberg_block_has_review":false,"footnotes":""},"class_list":["post-92","page","type-page","status-publish","hentry"],"jetpack_sharing_enabled":true,"_links":{"self":[{"href":"https:\/\/www.regaloperfectobysary.com\/index.php\/wp-json\/wp\/v2\/pages\/92","targetHints":{"allow":["GET"]}}],"collection":[{"href":"https:\/\/www.regaloperfectobysary.com\/index.php\/wp-json\/wp\/v2\/pages"}],"about":[{"href":"https:\/\/www.regaloperfectobysary.com\/index.php\/wp-json\/wp\/v2\/types\/page"}],"author":[{"embeddable":true,"href":"https:\/\/www.regaloperfectobysary.com\/index.php\/wp-json\/wp\/v2\/users\/1"}],"replies":[{"embeddable":true,"href":"https:\/\/www.regaloperfectobysary.com\/index.php\/wp-json\/wp\/v2\/comments?post=92"}],"version-history":[{"count":27,"href":"https:\/\/www.regaloperfectobysary.com\/index.php\/wp-json\/wp\/v2\/pages\/92\/revisions"}],"predecessor-version":[{"id":1567,"href":"https:\/\/www.regaloperfectobysary.com\/index.php\/wp-json\/wp\/v2\/pages\/92\/revisions\/1567"}],"wp:attachment":[{"href":"https:\/\/www.regaloperfectobysary.com\/index.php\/wp-json\/wp\/v2\/media?parent=92"}],"curies":[{"name":"wp","href":"https:\/\/api.w.org\/{rel}","templated":true}]}}