{"id":1580,"date":"2023-12-01T11:11:00","date_gmt":"2023-12-01T10:11:00","guid":{"rendered":"https:\/\/www.regaloperfectobysary.com\/?page_id=1580"},"modified":"2024-04-05T00:20:54","modified_gmt":"2024-04-04T22:20:54","slug":"formas-de-pago","status":"publish","type":"page","link":"https:\/\/www.regaloperfectobysary.com\/index.php\/formas-de-pago\/","title":{"rendered":"Formas de Pago"},"content":{"rendered":"\n<p>Ahora mismo tienes varios m\u00e9todos de pago. Son f\u00e1ciles, r\u00e1pidos y seguros. Para proceder a la ventana de pago, cada cliente debe seguir todos los pasos de la Web, rellenando todos los campos con la informaci\u00f3n correcta (verificar bien los datos antes de finalizar la compra).<\/p>\n\n\n\n<p>Entonces, las modalidades de pago online son las siguientes:<\/p>\n\n\n\n<p><strong>*Transferencia Bancaria.<\/strong><\/p>\n\n\n\n<p><strong>*Tarjeta de Cr\u00e9dito\/D\u00e9bito.<\/strong><\/p>\n\n\n\n<p><strong>X<\/strong> No hacemos contrareembolso.<\/p>\n\n\n\n<p>*Pero s\u00ed disponemos para Recogida en Tienda las opciones:<\/p>\n\n\n\n<p><strong>*Pago en Efectivo.<\/strong><\/p>\n\n\n\n<p><strong>*Apple Pay &amp; Google Pay.<\/strong><\/p>\n\n\n\n<p><strong>*Tarjeta de Cr\u00e9dito\/D\u00e9bito.<\/strong><\/p>\n\n\n\n<p>Una vez comprobado el ingreso en mi cuenta tramitar\u00e9 el pedido, por lo cual, hasta no recibir el pago correcto en mi banco no se enviar\u00e1 el paquete (no olvidar de mandar justificante del pago).<\/p>\n\n\n\n<p>*Por favor, no facilites tu informaci\u00f3n personal ni por correo ni por llamada. En caso de recibir alg\u00fan mensaje que te pidan tu informaci\u00f3n personal h\u00e1zmelo saber de inmediato porque se trata de un acto fraudulento.<\/p>\n\n\n\n<p>As\u00ed que s\u00ed, es eso. Gracias por confiar en mi para tus compras. Besitos Virtuales!<\/p>\n\n\n\n<p>Recuerda:&nbsp;<strong><em>\u00abMIS PAQUETES TE ILUMINAR\u00c1N EL ROSTRO CON UNA GRAN SONRISA\u00bb<\/em><\/strong><\/p>\n","protected":false},"excerpt":{"rendered":"<p>Ahora mismo tienes varios m\u00e9todos de pago. Son f\u00e1ciles, r\u00e1pidos y seguros. Para proceder a la ventana de pago, cada cliente debe seguir todos los pasos de la Web, rellenando todos los campos con la informaci\u00f3n correcta (verificar bien los datos antes de finalizar la compra). Entonces, las modalidades de pago online son las siguientes: &hellip; <\/p>\n","protected":false},"author":1,"featured_media":0,"parent":0,"menu_order":0,"comment_status":"closed","ping_status":"closed","template":"","meta":{"_themeisle_gutenberg_block_has_review":false,"footnotes":""},"class_list":["post-1580","page","type-page","status-publish","hentry"],"jetpack_sharing_enabled":true,"_links":{"self":[{"href":"https:\/\/www.regaloperfectobysary.com\/index.php\/wp-json\/wp\/v2\/pages\/1580","targetHints":{"allow":["GET"]}}],"collection":[{"href":"https:\/\/www.regaloperfectobysary.com\/index.php\/wp-json\/wp\/v2\/pages"}],"about":[{"href":"https:\/\/www.regaloperfectobysary.com\/index.php\/wp-json\/wp\/v2\/types\/page"}],"author":[{"embeddable":true,"href":"https:\/\/www.regaloperfectobysary.com\/index.php\/wp-json\/wp\/v2\/users\/1"}],"replies":[{"embeddable":true,"href":"https:\/\/www.regaloperfectobysary.com\/index.php\/wp-json\/wp\/v2\/comments?post=1580"}],"version-history":[{"count":8,"href":"https:\/\/www.regaloperfectobysary.com\/index.php\/wp-json\/wp\/v2\/pages\/1580\/revisions"}],"predecessor-version":[{"id":2664,"href":"https:\/\/www.regaloperfectobysary.com\/index.php\/wp-json\/wp\/v2\/pages\/1580\/revisions\/2664"}],"wp:attachment":[{"href":"https:\/\/www.regaloperfectobysary.com\/index.php\/wp-json\/wp\/v2\/media?parent=1580"}],"curies":[{"name":"wp","href":"https:\/\/api.w.org\/{rel}","templated":true}]}}