{"id":1550,"date":"2023-12-01T11:11:00","date_gmt":"2023-12-01T10:11:00","guid":{"rendered":"https:\/\/www.regaloperfectobysary.com\/?page_id=1550"},"modified":"2023-12-28T00:28:01","modified_gmt":"2023-12-27T23:28:01","slug":"mi-comienzo","status":"publish","type":"page","link":"https:\/\/www.regaloperfectobysary.com\/index.php\/mi-comienzo\/","title":{"rendered":"Mi comienzo"},"content":{"rendered":"\n<p>Primero, Sara es la identidad detr\u00e1s de la Empresa Regalo Perfecto, es decir, yo. Conocida en redes sociales como Regalo Perfecto (@regaloperfectobysary). Antes de conocer un poquito m\u00e1s sobre mi comienzo, quiero darte una calurosa Bienvenida! Y agradecer tu inter\u00e9s en mis productos. Gracias. Adem\u00e1s <a href=\"https:\/\/www.regaloperfectobysary.com\/index.php\/sobre-sary\/\" target=\"_blank\" rel=\"noreferrer noopener\">aqu\u00ed<\/a> puedes saber m\u00e1s informaci\u00f3n sobre m\u00ed por si todav\u00eda no has le\u00eddo el texto.<\/p>\n\n\n\n<p>Ahora bien, como a finales del 2022 me di cuenta que no pod\u00eda seguir igual. Todo estaba cambiando con la llegada de mi precioso peque\u00f1\u00edn y en la situaci\u00f3n de salud en la que me encontraba no pod\u00eda llevar el ritmo de vida de antes. Entonces decid\u00ed volver a centrarme en cuidarme m\u00e1s tanto por dentro como por fuera buscando productos ricos en nutrientes, lo m\u00e1s naturales posibles, sin qu\u00edmicos da\u00f1inos, siempre respetando el medio ambiente,\u2026 pero m\u00e1s econ\u00f3micos. Adem\u00e1s, el maquillaje pas\u00f3 de no interesarme a fascinarme.<\/p>\n\n\n\n<p>Ah\u00ed comienzo una nueva oportunidad de negocio que requer\u00eda m\u00e1s esfuerzo del que pod\u00eda sobrellevar junto otros factores personales que hicieron tom\u00e1rmelo con m\u00e1s calma pero sin dejar de lado la ilusi\u00f3n. Pero como de todo lo malo tambi\u00e9n se saca algo bueno, en este caso ha sido haber resurgido un sue\u00f1o nunca hablado en voz alta por verg\u00fcenza, miedos,\u2026 en fin.<\/p>\n\n\n\n<p>A finales del 2023 empec\u00e9 a prepararlo todo para poder iniciar en mi mes favorito, es decir Diciembre pero de nuevo, por motivos personales me vi en la obligaci\u00f3n de retrasar mis planes. Entonces, despu\u00e9s de mucho esfuerzo, en Enero de 2024 fund\u00e9 este Sitio Web (<a href=\"https:\/\/www.regaloperfectobysary.com\">www.regaloperfectobysary.com<\/a>), convirti\u00e9ndome desde entonces en una Mami Emprendedora.<\/p>\n\n\n\n<p>Bueno&#8230; despu\u00e9s de una mala racha vi como el sol poco a poco iluminaba mi camino rompiendo con todas esas barreras grises, dejando salir un precioso arco iris! As\u00ed que s\u00ed, es momento de salir a la calle y lucir los beneficios que nos aporta una muy buena rutina especial para cada uno de nosotros! Porque s\u00ed, en realidad no todos tenemos el mismo tipo de piel, los mismos gustos,\u2026 Qu\u00e9 bien sienta iniciar una trayectoria hacia un Estilo de Vida respetuoso con el medio ambiente y los animales al mismo tiempo que conseguimos grandes resultados (muchos de mis productos son veganos).<\/p>\n\n\n\n<p>En esta Tienda Online se pueden adquirir varios productos de diferentes categor\u00edas, precios y beneficios. La gran mayor\u00eda usan ingredientes de origen vegetal que los elevan al siguiente nivel del cuidado y bienestar. Qu\u00e9 maravilloso es poder sentirse bien con nosotros mismos teniendo el conocimiento de los productos que nos proporcionan resultados prometedores vendidos en <a href=\"https:\/\/www.regaloperfectobysary.com\">www.regaloperfectobysary.com<\/a> tu Sitio Web Favorito y de Confianza. Qu\u00e9 aportaci\u00f3n tan sana para nuestras rutinas tanto ma\u00f1aneras como por las noches! Realmente marcan la diferencia.<\/p>\n\n\n\n<p>Estos productos innovadores y de alta calidad sin duda, al usarlos nos proporcionan la seguridad para vernos y sentirnos resplandecientes, es decir, nos ayudan a empoderarnos pero no solo eso, gracias a los incre\u00edbles ingredientes naturales podemos confiar en sus beneficios porque no se quedan solo en la superficie, si no que act\u00faan desde dentro. Esta confianza nos impulsa a cuidarnos cada d\u00eda m\u00e1s y m\u00e1s para sentirnos todav\u00eda mejor. Tampoco nos vamos a enga\u00f1ar, a qui\u00e9n le gusta las arrugas, patas de gallo, machas por el sol, entre otros \u201cproblemas de la edad\u201d? Si los podemos retrasar varios a\u00f1os, mejor que mejor, verdad?<\/p>\n\n\n\n<p>Pero claro! La misi\u00f3n de Sary, es decir, la m\u00eda! Es darle prioridad sin duda al cliente, que este pueda adquirir productos para todos los bolsillos, que no sean da\u00f1inos&#8230; y sin dejar de lado a aquellas personitas a las que les encantan los productos Kawaii, digamos, s\u00faper cuquis! Esos que al verlos dices &#8220;los necesito s\u00ed o s\u00ed!&#8221;. Por eso, si lo que buscas son productos veganos, esta es tu tienda. En cambio, si buscas productos que te hagan &#8220;derretir de amor&#8221;, siento decirte que tambi\u00e9n est\u00e1s en la tienda correcta! Je, je, je.<\/p>\n\n\n\n<p>Todos tienen derecho a encontrar en un mismo Sitio (en este caso, online) el Regalo Perfecto tanto si es para si mismo como para regalar en cualquier ocasi\u00f3n. Por eso la historia no termina aqu\u00ed, gracias al apoyo de cada uno de mis Clientes, seguir\u00e9 trayendo con ilusi\u00f3n novedades y much\u00edsimas cositas interesantes.<\/p>\n\n\n\n<p>Gracias por confiar en m\u00ed!<\/p>\n\n\n\n<p>As\u00ed que s\u00ed, es eso. Nos vamos leyendo y viendo por redes. Besitos Virtuales!<\/p>\n\n\n\n<p>Recuerda: <strong><em>&#8220;MIS PAQUETES TE ILUMINAR\u00c1N EL ROSTRO CON UNA GRAN SONRISA&#8221;<\/em><\/strong><\/p>\n","protected":false},"excerpt":{"rendered":"<p>Primero, Sara es la identidad detr\u00e1s de la Empresa Regalo Perfecto, es decir, yo. Conocida en redes sociales como Regalo Perfecto (@regaloperfectobysary). Antes de conocer un poquito m\u00e1s sobre mi comienzo, quiero darte una calurosa Bienvenida! Y agradecer tu inter\u00e9s en mis productos. Gracias. Adem\u00e1s aqu\u00ed puedes saber m\u00e1s informaci\u00f3n sobre m\u00ed por si todav\u00eda &hellip; <\/p>\n","protected":false},"author":1,"featured_media":0,"parent":0,"menu_order":0,"comment_status":"closed","ping_status":"closed","template":"","meta":{"_themeisle_gutenberg_block_has_review":false,"footnotes":""},"class_list":["post-1550","page","type-page","status-publish","hentry"],"jetpack_sharing_enabled":true,"_links":{"self":[{"href":"https:\/\/www.regaloperfectobysary.com\/index.php\/wp-json\/wp\/v2\/pages\/1550","targetHints":{"allow":["GET"]}}],"collection":[{"href":"https:\/\/www.regaloperfectobysary.com\/index.php\/wp-json\/wp\/v2\/pages"}],"about":[{"href":"https:\/\/www.regaloperfectobysary.com\/index.php\/wp-json\/wp\/v2\/types\/page"}],"author":[{"embeddable":true,"href":"https:\/\/www.regaloperfectobysary.com\/index.php\/wp-json\/wp\/v2\/users\/1"}],"replies":[{"embeddable":true,"href":"https:\/\/www.regaloperfectobysary.com\/index.php\/wp-json\/wp\/v2\/comments?post=1550"}],"version-history":[{"count":3,"href":"https:\/\/www.regaloperfectobysary.com\/index.php\/wp-json\/wp\/v2\/pages\/1550\/revisions"}],"predecessor-version":[{"id":1696,"href":"https:\/\/www.regaloperfectobysary.com\/index.php\/wp-json\/wp\/v2\/pages\/1550\/revisions\/1696"}],"wp:attachment":[{"href":"https:\/\/www.regaloperfectobysary.com\/index.php\/wp-json\/wp\/v2\/media?parent=1550"}],"curies":[{"name":"wp","href":"https:\/\/api.w.org\/{rel}","templated":true}]}}