{"id":12,"date":"2023-12-01T11:11:46","date_gmt":"2023-12-01T10:11:46","guid":{"rendered":"http:\/\/www.regaloperfectobysary.com\/?page_id=12"},"modified":"2023-12-13T22:38:32","modified_gmt":"2023-12-13T21:38:32","slug":"reembolso_devoluciones","status":"publish","type":"page","link":"https:\/\/www.regaloperfectobysary.com\/index.php\/reembolso_devoluciones\/","title":{"rendered":"Pol\u00edtica de devoluciones y reembolsos"},"content":{"rendered":"\n<p><h3>Devoluciones<\/h3><\/p>\n\n\n\n<p>Nuestra Pol\u00edtica de Devoluci\u00f3n tiene una duraci\u00f3n de 14 d\u00edas. El cliente dispone de 14 d\u00edas naturales a contar desde la recepci\u00f3n del paquete para devolver los productos.<\/p>\n\n\n\n<p>*En caso de haber superado el plazo de los 14 d\u00edas naturales, desafortunadamente, no se admite la devoluci\u00f3n como tampoco ninguna que no haya sido aceptada previamente por mi.<\/p>\n\n\n\n<p>*Para realizar la devoluci\u00f3n, el producto deber\u00e1 estar en perfectas condiciones (sin usar) como en su embalaje original. No se aceptan productos en mal estado ni dividir los packs.<\/p>\n\n\n\n<p>*Si quieres devolver un pedido completo y este conten\u00eda un regalo, se tendr\u00e1 que devolver tambi\u00e9n. De no hacerlo se le restar\u00e1 el importe del mismo.<\/p>\n\n\n\n<p>*Varios productos est\u00e1n exentos de ser devueltos, como las tarjetas de regalo, productos personalizados,\u2026<\/p>\n\n\n\n<p>*Si el producto est\u00e1 da\u00f1ado o defectuoso ponte en contacto conmigo por v\u00eda e-mail o por WhatsApp, enviando fotos de buena calidad para poder hacer el reemplazo del mismo.<\/p>\n\n\n\n<p>*Al recibir un producto da\u00f1ado o defectuoso, no deber\u00e1s pagar los gastos de env\u00edo por el reemplazo. Sin embargo, si quieres hacer el cambio de alg\u00fan producto en buen estado, en este caso los gastos correr\u00e1n a cargo del cliente. (Ten en cuenta que dependiendo de d\u00f3nde vivas, el tiempo del intercambio puede variar).<\/p>\n\n\n\n<p>*El segundo cambio o devoluci\u00f3n dentro del mismo pedido tendr\u00e1 un coste de 3,50\u20ac.<\/p>\n\n\n\n<p><h3><strong style=\"font-size: revert;\">Reembolsos<\/strong><\/h3><\/p>\n\n\n\n<p>Una vez recibida e inspeccionada tu devoluci\u00f3n, te enviar\u00e9 un correo electr\u00f3nico para notificarte que he recibido tu art\u00edculo devuelto. En ese mismo correo te notificar\u00e9 la aprobaci\u00f3n o rechazo de su reembolso.<\/p>\n\n\n\n<p>En el caso de ser aprobado, se proceder\u00e1 su reembolso y se aplicar\u00e1 autom\u00e1ticamente un cr\u00e9dito a tu m\u00e9todo de pago original, puede tardar unos d\u00edas en llegar.<\/p>\n\n\n\n<p>Si no has recibido tu reembolso pasada una semana, primero verifica tu cuenta bancaria nuevamente antes de ponerte en contacto conmigo. Existe un procesamiento antes de que conste el reembolso oficialmente, pero depende de cada banco.<\/p>\n\n\n\n<p>*Ten encuesta que los productos en promoci\u00f3n, personalizados, tarjetas de regalo,\u2026 no se pueden reembolsar ni cambiar por otro del mismo importe&#8230;<\/p>\n\n\n\n<p>De todos modos si necesitas ayuda o aclarar alguna duda escr\u00edbeme por correo o WhatsApp.<\/p>\n\n\n\n<p>As\u00ed que s\u00ed, es eso. Si tienes alg\u00fan problema con tu pedido, si necesitas ayuda o aclarar alguna duda escr\u00edbeme por correo o WhatsApp. Besitos Virtuales!<\/p>\n\n\n\n<p>Recuerda:\u00a0<strong><em>\u00abMIS PAQUETES TE ILUMINAR\u00c1N EL ROSTRO CON UNA GRAN SONRISA\u00bb<\/em><\/strong><\/p>\n\n\n\n<p>*(pero tambi\u00e9n los contratiempos pueden suceder).<\/p>\n","protected":false},"excerpt":{"rendered":"<p>Devoluciones Nuestra Pol\u00edtica de Devoluci\u00f3n tiene una duraci\u00f3n de 14 d\u00edas. El cliente dispone de 14 d\u00edas naturales a contar desde la recepci\u00f3n del paquete para devolver los productos. *En caso de haber superado el plazo de los 14 d\u00edas naturales, desafortunadamente, no se admite la devoluci\u00f3n como tampoco ninguna que no haya sido aceptada &hellip; <\/p>\n","protected":false},"author":1,"featured_media":0,"parent":0,"menu_order":0,"comment_status":"closed","ping_status":"closed","template":"","meta":{"_themeisle_gutenberg_block_has_review":false,"footnotes":""},"class_list":["post-12","page","type-page","status-publish","hentry"],"jetpack_sharing_enabled":true,"_links":{"self":[{"href":"https:\/\/www.regaloperfectobysary.com\/index.php\/wp-json\/wp\/v2\/pages\/12","targetHints":{"allow":["GET"]}}],"collection":[{"href":"https:\/\/www.regaloperfectobysary.com\/index.php\/wp-json\/wp\/v2\/pages"}],"about":[{"href":"https:\/\/www.regaloperfectobysary.com\/index.php\/wp-json\/wp\/v2\/types\/page"}],"author":[{"embeddable":true,"href":"https:\/\/www.regaloperfectobysary.com\/index.php\/wp-json\/wp\/v2\/users\/1"}],"replies":[{"embeddable":true,"href":"https:\/\/www.regaloperfectobysary.com\/index.php\/wp-json\/wp\/v2\/comments?post=12"}],"version-history":[{"count":2,"href":"https:\/\/www.regaloperfectobysary.com\/index.php\/wp-json\/wp\/v2\/pages\/12\/revisions"}],"predecessor-version":[{"id":1574,"href":"https:\/\/www.regaloperfectobysary.com\/index.php\/wp-json\/wp\/v2\/pages\/12\/revisions\/1574"}],"wp:attachment":[{"href":"https:\/\/www.regaloperfectobysary.com\/index.php\/wp-json\/wp\/v2\/media?parent=12"}],"curies":[{"name":"wp","href":"https:\/\/api.w.org\/{rel}","templated":true}]}}